{"id":17018,"date":"2022-09-20T19:19:36","date_gmt":"2022-09-20T17:19:36","guid":{"rendered":"https:\/\/sp1hrubieszow.pl\/?page_id=17018"},"modified":"2022-09-20T19:20:21","modified_gmt":"2022-09-20T17:20:21","slug":"najlepszy-sportowiec-roku","status":"publish","type":"page","link":"https:\/\/sp1hrubieszow.pl\/index.php\/kronika-2020-2021\/najlepszy-sportowiec-roku\/","title":{"rendered":"Najlepszy Sportowiec Roku"},"content":{"rendered":"\n<div class=\"l7ghb35v kjdc1dyq kmwttqpk gh25dzvf jikcssrz n3t5jt4f\">\n<div dir=\"auto\"><span style=\"color: #000080;\"><img loading=\"lazy\" decoding=\"async\" class=\"size-medium wp-image-17017 aligncenter\" src=\"https:\/\/sp1hrubieszow.pl\/wp-content\/uploads\/2022\/09\/sportowiec-300x297.jpg\" alt=\"\" width=\"300\" height=\"297\" srcset=\"https:\/\/sp1hrubieszow.pl\/wp-content\/uploads\/2022\/09\/sportowiec-300x297.jpg 300w, https:\/\/sp1hrubieszow.pl\/wp-content\/uploads\/2022\/09\/sportowiec-150x150.jpg 150w, https:\/\/sp1hrubieszow.pl\/wp-content\/uploads\/2022\/09\/sportowiec-624x619.jpg 624w, https:\/\/sp1hrubieszow.pl\/wp-content\/uploads\/2022\/09\/sportowiec.jpg 702w\" sizes=\"auto, (max-width: 300px) 100vw, 300px\" \/><\/span><\/div>\n<div dir=\"auto\" style=\"text-align: left;\"><span style=\"color: #000080;\">Mi\u0142o nam poinformowa\u0107, \u017ce od tego roku szkolnego rozpoczynamy konkurs na ,,Najlepszego Sportowca Roku&#8221;. Nasi m\u0142odzi sportowcy przez ca\u0142y rok b\u0119d\u0105 zdobywa\u0107 punkty we wsp\u00f3\u0142zawodnictwie sportowym, pocz\u0105wszy od szczebla szkolnego, a\u017c do szczebla og\u00f3lnopolskiego. Podczas zako\u0144czenia roku szkolnego 2022\/2023 uhonorujemy ucznia z najwi\u0119ksz\u0105 ilo\u015bci\u0105 punkt\u00f3w.<\/span><\/div>\n<\/div>\n<div class=\"l7ghb35v kjdc1dyq kmwttqpk gh25dzvf jikcssrz n3t5jt4f\">\n<div dir=\"auto\"><span style=\"color: #000080;\">Poni\u017cej regulamin:<\/span><\/div>\n<\/div>\n<div class=\"l7ghb35v kjdc1dyq kmwttqpk gh25dzvf jikcssrz n3t5jt4f\">\n<div dir=\"auto\"><span style=\"color: #000080;\">Regulamin<\/span><\/div>\n<div dir=\"auto\"><span style=\"color: #000080;\">,,Najlepszy Sportowiec Roku\u201d<\/span><\/div>\n<div dir=\"auto\"><span style=\"color: #000080;\">Szko\u0142y Podstawowej NR 1 w Hrubieszowie<\/span><\/div>\n<\/div>\n<div class=\"l7ghb35v kjdc1dyq kmwttqpk gh25dzvf jikcssrz n3t5jt4f\">\n<div dir=\"auto\"><span style=\"color: #000080;\">Cel i czas konkursu:<\/span><\/div>\n<\/div>\n<div class=\"l7ghb35v kjdc1dyq kmwttqpk gh25dzvf jikcssrz n3t5jt4f\">\n<div dir=\"auto\"><span style=\"color: #000080;\">1. Celem konkursu jest wy\u0142onienie najlepszego sportowca szko\u0142y w kategorii dziewcz\u0105t i ch\u0142opc\u00f3w w danym roku szkolnym.<\/span><\/div>\n<div dir=\"auto\"><span style=\"color: #000080;\">2. Propagowanie sportu i rekreacji w\u015br\u00f3d uczni\u00f3w szko\u0142y.<\/span><\/div>\n<div dir=\"auto\"><span style=\"color: #000080;\">3. Aktywizacja uczni\u00f3w do reprezentowania szko\u0142y w rozgrywkach sportowych oraz zaj\u0119ciach pozalekcyjnych i pozaszkolnych.<\/span><\/div>\n<div dir=\"auto\"><span style=\"color: #000080;\">4. Konkurs trwa od 1 wrze\u015bnia do ko\u0144ca roku szkolnego.<\/span><\/div>\n<div dir=\"auto\"><span style=\"color: #000080;\">Zasady konkursu:<\/span><\/div>\n<div dir=\"auto\"><span style=\"color: #000080;\">W konkursie na Najlepszego Sportowca Roku w szkole mo\u017ce bra\u0107 udzia\u0142 ka\u017cdy ucze\u0144 klas: IV-VIII<\/span><\/div>\n<div dir=\"auto\"><span style=\"color: #000080;\">Zasady punktacji:<\/span><\/div>\n<div dir=\"auto\"><span style=\"color: #000080;\">1. Ucze\u0144 uzyskuje punkty zar\u00f3wno w zawodach indywidualnych, jak i dru\u017cynowych w kt\u00f3rych reprezentowa\u0142 szko\u0142\u0119.<\/span><\/div>\n<div dir=\"auto\"><span style=\"color: #000080;\">2. W zawodach dru\u017cynowych punkty otrzymuj\u0105 wszyscy zawodnicy zespo\u0142u.<\/span><\/div>\n<div dir=\"auto\"><span style=\"color: #000080;\">3. Ilo\u015b\u0107 przyznawanych punkt\u00f3w uzale\u017cniona jest od rangi zawod\u00f3w oraz zaj\u0119tego miejsca.<\/span><\/div>\n<div dir=\"auto\"><span style=\"color: #000080;\">4. Ucze\u0144 mo\u017ce r\u00f3wnie\u017c uzyskiwa\u0107 punkty ,,na plus\u201d za:<\/span><\/div>\n<div dir=\"auto\"><span style=\"color: #000080;\">&#8211; regularny udzia\u0142 w zaj\u0119ciach pozalekcyjnych lub pozaszkolnych,<\/span><\/div>\n<div dir=\"auto\"><span style=\"color: #000080;\">&#8211; ustanowienie rekordu szko\u0142y w konkurencjach lekkoatletycznych,<\/span><\/div>\n<div dir=\"auto\"><span style=\"color: #000080;\">&#8211; zachowanie fair \u2013 play podczas rywalizacji,<\/span><\/div>\n<div dir=\"auto\"><span style=\"color: #000080;\">&#8211; pomoc w organizacji i przeprowadzeniu zawod\u00f3w i imprez szkolnych.<\/span><\/div>\n<div dir=\"auto\"><span style=\"color: #000080;\">5. Ucze\u0144 mo\u017ce uzyskiwa\u0107 punkty ,,na minus\u201d za:<\/span><\/div>\n<div dir=\"auto\"><span style=\"color: #000080;\">&#8211; odmow\u0119 wzi\u0119cia udzia\u0142u w zawodach bez konkretnej przyczyny lub w przypadku nieusprawiedliwionej nieobecno\u015bci na zawodach,<\/span><\/div>\n<div dir=\"auto\"><span style=\"color: #000080;\">&#8211; niesportowe zachowanie podczas zawod\u00f3w \u2013 czerwona kartka, wykluczenie z gry, itd.<\/span><\/div>\n<div dir=\"auto\"><span style=\"color: #000080;\">&#8211; u\u017cywanie wulgaryzm\u00f3w.<\/span><\/div>\n<div dir=\"auto\"><span style=\"color: #000080;\">6. O kolejno\u015bci miejsc w konkursie decyduje liczba zdobytych punkt\u00f3w, a w przypadku jednakowej ich liczby, ilo\u015b\u0107 start\u00f3w oraz najlepszy wynik. Je\u015bli w w\/w przypadkach, dw\u00f3ch lub wi\u0119cej uczni\u00f3w ma jednakow\u0105 liczb\u0119 punkt\u00f3w o tytule decyduj\u0105 nauczyciele wychowania fizycznego.<\/span><\/div>\n<\/div>\n<div class=\"l7ghb35v kjdc1dyq kmwttqpk gh25dzvf jikcssrz n3t5jt4f\">\n<div dir=\"auto\"><span style=\"color: #000080;\">Nagrody:<\/span><\/div>\n<div dir=\"auto\"><span style=\"color: #000080;\">Zwyci\u0119zca rywalizacji otrzyma pami\u0105tkow\u0105 statuetk\u0119 oraz tytu\u0142 Najlepszego Sportowca Roku.<\/span><\/div>\n<div dir=\"auto\"><span style=\"color: #000080;\">Postanowienia ko\u0144cowe:<\/span><\/div>\n<div dir=\"auto\"><span style=\"color: #000080;\">1. Sportowcem Roku w szkole mo\u017ce by\u0107 ucze\u0144, kt\u00f3ry ma co najmniej ocen\u0119 bardzo dobr\u0105 z wychowania fizycznego.<\/span><\/div>\n<div dir=\"auto\"><span style=\"color: #000080;\">2. Sportowcem Roku w szkole mo\u017ce by\u0107 ucze\u0144, kt\u00f3ry ma co najmniej ocen\u0119 dobr\u0105 z zachowania.<\/span><\/div>\n<div dir=\"auto\"><span style=\"color: #000080;\">3. Sportowiec kt\u00f3remu udowodnione zostanie prowadzenie niesportowego i higienicznego trybu \u017cycia (palenie papieros\u00f3w, spo\u017cywania alkoholu oraz inne u\u017cywki) zostaje wycofany z udzia\u0142u w konkursie i traci wszystkie uzyskane punkty.<\/span><\/div>\n<div dir=\"auto\"><span style=\"color: #000080;\">4. Aktualny wykaz uczni\u00f3w z punktacj\u0105 wraz z regulaminem zamieszczany b\u0119dzie na stronie szko\u0142y.<\/span><\/div>\n<div dir=\"auto\"><span style=\"color: #000080;\">5. Podsumowanie konkursu nast\u0119puje w czasie uroczysto\u015bci zako\u0144czenia roku szkolnego.<\/span><\/div>\n<div dir=\"auto\"><span style=\"color: #000080;\">6. Organizatorzy zastrzegaj\u0105 sobie prawo ostatecznej interpretacji niniejszego regulaminu oraz rozstrzygania kwestii spornych nie obj\u0119tych regulaminem.<\/span><\/div>\n<\/div>\n<div class=\"l7ghb35v kjdc1dyq kmwttqpk gh25dzvf jikcssrz n3t5jt4f\">\n<div dir=\"auto\"><span style=\"color: #000080;\">PUNKTACJA DO REGULAMINU KONKURSU NA TYTU\u0141 NAJLEPSZEGO SPORTOWCA ROKU<\/span><\/div>\n<\/div>\n<div class=\"l7ghb35v kjdc1dyq kmwttqpk gh25dzvf jikcssrz n3t5jt4f\">\n<div dir=\"auto\"><span style=\"color: #000080;\">I. Zawody wewn\u0105trzszkolne, konkursy wiedzy sportowej:<\/span><\/div>\n<div dir=\"auto\"><span style=\"color: #000080;\">I miejsce \u2013 4 punkt\u00f3w;<\/span><\/div>\n<div dir=\"auto\"><span style=\"color: #000080;\">II miejsce \u2013 3 punkty;<\/span><\/div>\n<div dir=\"auto\"><span style=\"color: #000080;\">III miejsce \u2013 2 punkty;<\/span><\/div>\n<div dir=\"auto\"><span style=\"color: #000080;\">Udzia\u0142 w zawodach \u2013 1 punkt.<\/span><\/div>\n<div dir=\"auto\"><span style=\"color: #000080;\">II. Zawody miejskie:<\/span><\/div>\n<div dir=\"auto\"><span style=\"color: #000080;\">I miejsce \u2013 8 punkt\u00f3w;<\/span><\/div>\n<div dir=\"auto\"><span style=\"color: #000080;\">II miejsce \u2013 6 punkty;<\/span><\/div>\n<div dir=\"auto\"><span style=\"color: #000080;\">III miejsce \u2013 4 punkty;<\/span><\/div>\n<div dir=\"auto\"><span style=\"color: #000080;\">Udzia\u0142 w zawodach \u2013 1 punkt.<\/span><\/div>\n<div dir=\"auto\"><span style=\"color: #000080;\">III.Zawody rangi fina\u0142u powiatowego:<\/span><\/div>\n<div dir=\"auto\"><span style=\"color: #000080;\">I miejsce \u2013 20 punkt\u00f3w;<\/span><\/div>\n<div dir=\"auto\"><span style=\"color: #000080;\">II miejsce \u2013 15 punkt\u00f3w;<\/span><\/div>\n<div dir=\"auto\"><span style=\"color: #000080;\">III miejsce \u2013 10 punkty;<\/span><\/div>\n<div dir=\"auto\"><span style=\"color: #000080;\">IV-V miejsce- 6 punkt\u00f3w<\/span><\/div>\n<div dir=\"auto\"><span style=\"color: #000080;\">Udzia\u0142 w zawodach \u2013 3 punkty;<\/span><\/div>\n<div dir=\"auto\"><span style=\"color: #000080;\">IV. Zawody rangi p\u00f3\u0142fina\u0142u wojew\u00f3dzkiego:<\/span><\/div>\n<div dir=\"auto\"><span style=\"color: #000080;\">I miejsce \u2013 40 punkt\u00f3w;<\/span><\/div>\n<div dir=\"auto\"><span style=\"color: #000080;\">II miejsce \u2013 30 punkt\u00f3w;<\/span><\/div>\n<div dir=\"auto\"><span style=\"color: #000080;\">III miejsce \u2013 25 punkt\u00f3w;<\/span><\/div>\n<div dir=\"auto\"><span style=\"color: #000080;\">IV-V miejsce- 15 punkt\u00f3w;<\/span><\/div>\n<div dir=\"auto\"><span style=\"color: #000080;\">Udzia\u0142 w zawodach \u2013 10 punkty.<\/span><\/div>\n<div dir=\"auto\"><span style=\"color: #000080;\">V. Zawody rangi fina\u0142u wojew\u00f3dzkiego:<\/span><\/div>\n<div dir=\"auto\"><span style=\"color: #000080;\">I miejsce \u2013 60 punkt\u00f3w;<\/span><\/div>\n<div dir=\"auto\"><span style=\"color: #000080;\">II miejsce \u2013 50 punkt\u00f3w;<\/span><\/div>\n<div dir=\"auto\"><span style=\"color: #000080;\">III miejsce \u2013 45 punkt\u00f3w;<\/span><\/div>\n<div dir=\"auto\"><span style=\"color: #000080;\">IV-V miejsce- 35 punkt\u00f3w;<\/span><\/div>\n<div dir=\"auto\"><span style=\"color: #000080;\">Udzia\u0142 w zawodach \u2013 20 punkty;<\/span><\/div>\n<\/div>\n<div class=\"l7ghb35v kjdc1dyq kmwttqpk gh25dzvf jikcssrz n3t5jt4f\">\n<div dir=\"auto\"><span style=\"color: #000080;\">VI.Zawody og\u00f3lnopolskie<\/span><\/div>\n<div dir=\"auto\"><span style=\"color: #000080;\">&#8211; za udzia\u0142 80 punkt\u00f3w;<\/span><\/div>\n<\/div>\n<div class=\"l7ghb35v kjdc1dyq kmwttqpk gh25dzvf jikcssrz n3t5jt4f\">\n<div dir=\"auto\"><span style=\"color: #000080;\">Inne:<\/span><\/div>\n<div dir=\"auto\"><span style=\"color: #000080;\">&#8211; regularny udzia\u0142 w zaj\u0119ciach pozalekcyjnych lub pozaszkolnych przez ca\u0142y rok szkolny (frekwencja min. 80%) \u2013 plus 15 punkt\u00f3w,<\/span><\/div>\n<div dir=\"auto\"><span style=\"color: #000080;\">&#8211; ustanowienie rekordu szko\u0142y w konkurencji lekkoatletycznej \u2013 plus 20 punkt\u00f3w,<\/span><\/div>\n<div dir=\"auto\"><span style=\"color: #000080;\">&#8211; zachowanie fair \u2013 play podczas rywalizacji sportowej \u2013 plus od 1 do 5 punkt\u00f3w,<\/span><\/div>\n<div dir=\"auto\"><span style=\"color: #000080;\">&#8211; pomoc w organizacji i przeprowadzeniu zawod\u00f3w i imprez sportowych \u2013plus od 1 do 5 punkt\u00f3w,<\/span><\/div>\n<div dir=\"auto\"><span style=\"color: #000080;\">&#8211; odmowa wzi\u0119cia udzia\u0142u w zawodach bez konkretnej przyczyny lub nieusprawiedliwiona nieobecno\u015b\u0107 na zawodach \u2013minus 10 punkt\u00f3w,<\/span><\/div>\n<div dir=\"auto\"><span style=\"color: #000080;\">&#8211; u\u017cywanie wulgaryzm\u00f3w podczas zaj\u0119\u0107 sportowych, zawod\u00f3w i imprez sportowych \u2013 minus od 1 do 5 punkt\u00f3w.<\/span><\/div>\n<div dir=\"auto\"><span style=\"color: #000080;\">-udokumentowane cz\u0142onkostwo w pozaszkolnych klubach sportowych \u2013 10 pkt<\/span><\/div>\n<\/div>\n","protected":false},"excerpt":{"rendered":"<p>Mi\u0142o nam poinformowa\u0107, \u017ce od tego roku szkolnego rozpoczynamy konkurs na ,,Najlepszego Sportowca Roku&#8221;. Nasi m\u0142odzi sportowcy przez ca\u0142y rok b\u0119d\u0105 zdobywa\u0107 punkty we wsp\u00f3\u0142zawodnictwie sportowym, pocz\u0105wszy od szczebla szkolnego, a\u017c do szczebla og\u00f3lnopolskiego. Podczas zako\u0144czenia roku szkolnego 2022\/2023 uhonorujemy ucznia z najwi\u0119ksz\u0105 ilo\u015bci\u0105 punkt\u00f3w. Poni\u017cej regulamin: Regulamin ,,Najlepszy Sportowiec Roku\u201d Szko\u0142y Podstawowej NR 1 [&hellip;]<\/p>\n","protected":false},"author":2,"featured_media":0,"parent":5983,"menu_order":0,"comment_status":"closed","ping_status":"closed","template":"","meta":{"ngg_post_thumbnail":0,"footnotes":""},"class_list":["post-17018","page","type-page","status-publish","hentry"],"_links":{"self":[{"href":"https:\/\/sp1hrubieszow.pl\/index.php\/wp-json\/wp\/v2\/pages\/17018","targetHints":{"allow":["GET"]}}],"collection":[{"href":"https:\/\/sp1hrubieszow.pl\/index.php\/wp-json\/wp\/v2\/pages"}],"about":[{"href":"https:\/\/sp1hrubieszow.pl\/index.php\/wp-json\/wp\/v2\/types\/page"}],"author":[{"embeddable":true,"href":"https:\/\/sp1hrubieszow.pl\/index.php\/wp-json\/wp\/v2\/users\/2"}],"replies":[{"embeddable":true,"href":"https:\/\/sp1hrubieszow.pl\/index.php\/wp-json\/wp\/v2\/comments?post=17018"}],"version-history":[{"count":1,"href":"https:\/\/sp1hrubieszow.pl\/index.php\/wp-json\/wp\/v2\/pages\/17018\/revisions"}],"predecessor-version":[{"id":17019,"href":"https:\/\/sp1hrubieszow.pl\/index.php\/wp-json\/wp\/v2\/pages\/17018\/revisions\/17019"}],"up":[{"embeddable":true,"href":"https:\/\/sp1hrubieszow.pl\/index.php\/wp-json\/wp\/v2\/pages\/5983"}],"wp:attachment":[{"href":"https:\/\/sp1hrubieszow.pl\/index.php\/wp-json\/wp\/v2\/media?parent=17018"}],"curies":[{"name":"wp","href":"https:\/\/api.w.org\/{rel}","templated":true}]}}