{"id":17005,"date":"2022-09-19T21:24:41","date_gmt":"2022-09-19T19:24:41","guid":{"rendered":"https:\/\/sp1hrubieszow.pl\/?page_id=17005"},"modified":"2022-11-02T22:37:10","modified_gmt":"2022-11-02T21:37:10","slug":"rubenalia-2022","status":"publish","type":"page","link":"https:\/\/sp1hrubieszow.pl\/index.php\/kronika-2020-2021\/rubenalia-2022\/","title":{"rendered":"Rubenalia 2022"},"content":{"rendered":"\n<p><span style=\"color: #000080;\">Karolina Jasi\u0144ska, Oliwia M\u0105czka, Aleksandra Rz\u0105d(klasa 8d), Patrycja Ba\u0142szan, Kamila Chwedczuk oraz Maciej Borz\u0119cki (klasa 8a) reprezentowali nasz\u0105 szko\u0142\u0119 w &#8221; Potyczkach \u017cakowych o Ber\u0142o Kr\u00f3la W\u0142adys\u0142awa Jagie\u0142\u0142y&#8221; w 622 rocznic\u0119 uzyskania praw miejskich przez Hrubiesz\u00f3w. Uczniowie nasi wykazali si\u0119 odwag\u0105, kreatywno\u015bci\u0105, sprytem, doskona\u0142\u0105 wiedz\u0105 o swoim mie\u015bcie oraz znajomo\u015bci\u0105 ortografii. Nasi reprezentanci godnie rywalizowali z uczniami szk\u00f3\u0142 hrubieszowskich, bawi\u0105c si\u0119 przy tym doskonale. Dzi\u0119kujemy za wsparcie kibicuj\u0105cym nam Rodzicom, Nauczycielom i R\u00f3wie\u015bnikom.<\/span><\/p>\nngg_shortcode_0_placeholder\n","protected":false},"excerpt":{"rendered":"<p>Karolina Jasi\u0144ska, Oliwia M\u0105czka, Aleksandra Rz\u0105d(klasa 8d), Patrycja Ba\u0142szan, Kamila Chwedczuk oraz Maciej Borz\u0119cki (klasa 8a) reprezentowali nasz\u0105 szko\u0142\u0119 w &#8221; Potyczkach \u017cakowych o Ber\u0142o Kr\u00f3la W\u0142adys\u0142awa Jagie\u0142\u0142y&#8221; w 622 rocznic\u0119 uzyskania praw miejskich przez Hrubiesz\u00f3w. Uczniowie nasi wykazali si\u0119 odwag\u0105, kreatywno\u015bci\u0105, sprytem, doskona\u0142\u0105 wiedz\u0105 o swoim mie\u015bcie oraz znajomo\u015bci\u0105 ortografii. Nasi reprezentanci godnie rywalizowali [&hellip;]<\/p>\n","protected":false},"author":2,"featured_media":0,"parent":5983,"menu_order":0,"comment_status":"closed","ping_status":"closed","template":"","meta":{"ngg_post_thumbnail":0,"footnotes":""},"class_list":["post-17005","page","type-page","status-publish","hentry"],"_links":{"self":[{"href":"https:\/\/sp1hrubieszow.pl\/index.php\/wp-json\/wp\/v2\/pages\/17005","targetHints":{"allow":["GET"]}}],"collection":[{"href":"https:\/\/sp1hrubieszow.pl\/index.php\/wp-json\/wp\/v2\/pages"}],"about":[{"href":"https:\/\/sp1hrubieszow.pl\/index.php\/wp-json\/wp\/v2\/types\/page"}],"author":[{"embeddable":true,"href":"https:\/\/sp1hrubieszow.pl\/index.php\/wp-json\/wp\/v2\/users\/2"}],"replies":[{"embeddable":true,"href":"https:\/\/sp1hrubieszow.pl\/index.php\/wp-json\/wp\/v2\/comments?post=17005"}],"version-history":[{"count":2,"href":"https:\/\/sp1hrubieszow.pl\/index.php\/wp-json\/wp\/v2\/pages\/17005\/revisions"}],"predecessor-version":[{"id":17593,"href":"https:\/\/sp1hrubieszow.pl\/index.php\/wp-json\/wp\/v2\/pages\/17005\/revisions\/17593"}],"up":[{"embeddable":true,"href":"https:\/\/sp1hrubieszow.pl\/index.php\/wp-json\/wp\/v2\/pages\/5983"}],"wp:attachment":[{"href":"https:\/\/sp1hrubieszow.pl\/index.php\/wp-json\/wp\/v2\/media?parent=17005"}],"curies":[{"name":"wp","href":"https:\/\/api.w.org\/{rel}","templated":true}]}}