{"id":16979,"date":"2022-09-19T21:06:16","date_gmt":"2022-09-19T19:06:16","guid":{"rendered":"https:\/\/sp1hrubieszow.pl\/?page_id=16979"},"modified":"2022-09-19T21:06:34","modified_gmt":"2022-09-19T19:06:34","slug":"29-akcja-sprzatania-swiata-2022","status":"publish","type":"page","link":"https:\/\/sp1hrubieszow.pl\/index.php\/kronika-2020-2021\/29-akcja-sprzatania-swiata-2022\/","title":{"rendered":"29 Akcja \u201eSprz\u0105tania \u015awiata\u201d 2022"},"content":{"rendered":"\n<p><span style=\"color: #000080;\">Akcja ,,Sprz\u0105tanie \u015bwiata\u201d zosta\u0142a zapocz\u0105tkowana w 1989 w Australii. Aktualnie sprz\u0105tanie naszej planety odbywa si\u0119 w 130 krajach \u015bwiata \u2013 ma na celu zwr\u00f3cenie uwagi na \u015brodowisko naturalne.<\/span><\/p>\n<p><span style=\"color: #000080;\">W pi\u0105tek 16 wrze\u015bnia oko\u0142o godziny 12.30 uczniowie klas 8b i 8d pod opiek\u0105 pani Jolanty Korkosz i pani Ewy Filipowicz-Sidorczuk r\u00f3wnie\u017c do\u0142\u0105czy\u0142y do tej wspania\u0142ej akcji. Zaopatrzeni w worki i jednorazowe r\u0119kawiczki po raz kolejny uczestniczyli w Akcji Ekologicznej. Uczniowie wyruszyli na plac szko\u0142y i na teren otaczaj\u0105cy budynek, by wyzbiera\u0107 \u015bmieci. Dzi\u0119ki pi\u0119knej, s\u0142onecznej pogodzie akcja przebieg\u0142a szybko i sprawnie, a efekty pracy uczni\u00f3w by\u0142y widoczne go\u0142ym okiem. Wype\u0142nione &nbsp;worki pozostawiono w miejscu do tego wyznaczonym.<\/span><\/p>\n<p><span style=\"color: #000080;\">Czynny udzia\u0142 w tym przedsi\u0119wzi\u0119ciu u\u015bwiadomi\u0142 uczniom jak wiele pracy trzeba w\u0142o\u017cy\u0107, aby posprz\u0105ta\u0107 swoje otoczenie. Pi\u0105tkowe przedsi\u0119wzi\u0119cie powinno stanowi\u0107 nauk\u0119 w jaki spos\u00f3b nale\u017cy dba\u0107 o zachowanie czysto\u015bci \u015brodowiska.<\/span><\/p>\nngg_shortcode_0_placeholder\n","protected":false},"excerpt":{"rendered":"<p>Akcja ,,Sprz\u0105tanie \u015bwiata\u201d zosta\u0142a zapocz\u0105tkowana w 1989 w Australii. Aktualnie sprz\u0105tanie naszej planety odbywa si\u0119 w 130 krajach \u015bwiata \u2013 ma na celu zwr\u00f3cenie uwagi na \u015brodowisko naturalne. W pi\u0105tek 16 wrze\u015bnia oko\u0142o godziny 12.30 uczniowie klas 8b i 8d pod opiek\u0105 pani Jolanty Korkosz i pani Ewy Filipowicz-Sidorczuk r\u00f3wnie\u017c do\u0142\u0105czy\u0142y do tej wspania\u0142ej akcji. [&hellip;]<\/p>\n","protected":false},"author":2,"featured_media":0,"parent":5983,"menu_order":0,"comment_status":"closed","ping_status":"closed","template":"","meta":{"ngg_post_thumbnail":0,"footnotes":""},"class_list":["post-16979","page","type-page","status-publish","hentry"],"_links":{"self":[{"href":"https:\/\/sp1hrubieszow.pl\/index.php\/wp-json\/wp\/v2\/pages\/16979","targetHints":{"allow":["GET"]}}],"collection":[{"href":"https:\/\/sp1hrubieszow.pl\/index.php\/wp-json\/wp\/v2\/pages"}],"about":[{"href":"https:\/\/sp1hrubieszow.pl\/index.php\/wp-json\/wp\/v2\/types\/page"}],"author":[{"embeddable":true,"href":"https:\/\/sp1hrubieszow.pl\/index.php\/wp-json\/wp\/v2\/users\/2"}],"replies":[{"embeddable":true,"href":"https:\/\/sp1hrubieszow.pl\/index.php\/wp-json\/wp\/v2\/comments?post=16979"}],"version-history":[{"count":1,"href":"https:\/\/sp1hrubieszow.pl\/index.php\/wp-json\/wp\/v2\/pages\/16979\/revisions"}],"predecessor-version":[{"id":16980,"href":"https:\/\/sp1hrubieszow.pl\/index.php\/wp-json\/wp\/v2\/pages\/16979\/revisions\/16980"}],"up":[{"embeddable":true,"href":"https:\/\/sp1hrubieszow.pl\/index.php\/wp-json\/wp\/v2\/pages\/5983"}],"wp:attachment":[{"href":"https:\/\/sp1hrubieszow.pl\/index.php\/wp-json\/wp\/v2\/media?parent=16979"}],"curies":[{"name":"wp","href":"https:\/\/api.w.org\/{rel}","templated":true}]}}