{"id":16943,"date":"2022-09-13T18:58:37","date_gmt":"2022-09-13T16:58:37","guid":{"rendered":"https:\/\/sp1hrubieszow.pl\/?page_id=16943"},"modified":"2022-09-13T18:59:06","modified_gmt":"2022-09-13T16:59:06","slug":"pozegnanie-sp-wandy-szczypek","status":"publish","type":"page","link":"https:\/\/sp1hrubieszow.pl\/index.php\/kronika-2020-2021\/pozegnanie-sp-wandy-szczypek\/","title":{"rendered":"Po\u017cegnanie \u015bp. Wandy Szczypek"},"content":{"rendered":"\n<p><img loading=\"lazy\" decoding=\"async\" class=\"alignnone size-medium wp-image-16942 aligncenter\" src=\"https:\/\/sp1hrubieszow.pl\/wp-content\/uploads\/2022\/09\/white-rose-4210719_1280-768x512-1-300x200.jpg\" alt=\"\" width=\"300\" height=\"200\"><\/p>\n<p style=\"text-align: right;\"><strong>,,Mo\u017cna odej\u015b\u0107 na zawsze, by stale by\u0107 blisko\u2026\u2019<\/strong><\/p>\n<p style=\"text-align: right;\"><strong>\u2019Ks. Jan Twardowski <\/strong><\/p>\n<p>Z ogromnym smutkiem i b\u00f3lem przyj\u0119li\u015bmy wiadomo\u015b\u0107 o \u015bmierci Pani Wandy Szczypek wieloletniej nauczycielki Szko\u0142y Podstawowej Nr 1 w Hrubieszowie, dla kt\u00f3rej praca w szkole by\u0142a pasj\u0105 i spe\u0142nieniem.<\/p>\n<p>Sk\u0142adamy wyrazy wsp\u00f3\u0142czucia i \u017calu ca\u0142ej Rodzinie oraz Bliskim<\/p>\n<p style=\"text-align: right;\">dyrekcja, nauczyciele, pracownicy obs\u0142ugi&nbsp;<\/p>\n<p>Pogrzeb \u015bp. Wandy Szczypek odb\u0119dzie si\u0119 16 wrze\u015bnia o godzinie 13.30&nbsp; w Ko\u015bciele pw. Ducha \u015awi\u0119tego w Hrubieszowie.&nbsp;&nbsp;<\/p>\n","protected":false},"excerpt":{"rendered":"<p>,,Mo\u017cna odej\u015b\u0107 na zawsze, by stale by\u0107 blisko\u2026\u2019 \u2019Ks. Jan Twardowski Z ogromnym smutkiem i b\u00f3lem przyj\u0119li\u015bmy wiadomo\u015b\u0107 o \u015bmierci Pani Wandy Szczypek wieloletniej nauczycielki Szko\u0142y Podstawowej Nr 1 w Hrubieszowie, dla kt\u00f3rej praca w szkole by\u0142a pasj\u0105 i spe\u0142nieniem. Sk\u0142adamy wyrazy wsp\u00f3\u0142czucia i \u017calu ca\u0142ej Rodzinie oraz Bliskim dyrekcja, nauczyciele, pracownicy obs\u0142ugi&nbsp; Pogrzeb \u015bp. [&hellip;]<\/p>\n","protected":false},"author":2,"featured_media":0,"parent":5983,"menu_order":0,"comment_status":"closed","ping_status":"closed","template":"","meta":{"ngg_post_thumbnail":0,"footnotes":""},"class_list":["post-16943","page","type-page","status-publish","hentry"],"_links":{"self":[{"href":"https:\/\/sp1hrubieszow.pl\/index.php\/wp-json\/wp\/v2\/pages\/16943","targetHints":{"allow":["GET"]}}],"collection":[{"href":"https:\/\/sp1hrubieszow.pl\/index.php\/wp-json\/wp\/v2\/pages"}],"about":[{"href":"https:\/\/sp1hrubieszow.pl\/index.php\/wp-json\/wp\/v2\/types\/page"}],"author":[{"embeddable":true,"href":"https:\/\/sp1hrubieszow.pl\/index.php\/wp-json\/wp\/v2\/users\/2"}],"replies":[{"embeddable":true,"href":"https:\/\/sp1hrubieszow.pl\/index.php\/wp-json\/wp\/v2\/comments?post=16943"}],"version-history":[{"count":1,"href":"https:\/\/sp1hrubieszow.pl\/index.php\/wp-json\/wp\/v2\/pages\/16943\/revisions"}],"predecessor-version":[{"id":16944,"href":"https:\/\/sp1hrubieszow.pl\/index.php\/wp-json\/wp\/v2\/pages\/16943\/revisions\/16944"}],"up":[{"embeddable":true,"href":"https:\/\/sp1hrubieszow.pl\/index.php\/wp-json\/wp\/v2\/pages\/5983"}],"wp:attachment":[{"href":"https:\/\/sp1hrubieszow.pl\/index.php\/wp-json\/wp\/v2\/media?parent=16943"}],"curies":[{"name":"wp","href":"https:\/\/api.w.org\/{rel}","templated":true}]}}