{"id":16931,"date":"2022-09-09T12:24:50","date_gmt":"2022-09-09T10:24:50","guid":{"rendered":"https:\/\/sp1hrubieszow.pl\/?page_id=16931"},"modified":"2022-09-12T21:16:49","modified_gmt":"2022-09-12T19:16:49","slug":"wyjscie-na-cmentarz","status":"publish","type":"page","link":"https:\/\/sp1hrubieszow.pl\/index.php\/kronika-2020-2021\/wyjscie-na-cmentarz\/","title":{"rendered":"WYJ\u015aCIE NA CMENTARZ"},"content":{"rendered":"\n<p><span style=\"color: #000080;\">2 wrze\u015bnia 2022r. uczniowie naszej szko\u0142y wraz z wychowawczyniami odwiedzili miejscowy cmentarz wojskowy. Celem wycieczki by\u0142o uczczenie pami\u0119ci \u017co\u0142nierzy poleg\u0142ych w czasie I i II wojny \u015bwiatowej. Minut\u0105 ciszy uczniowie oddali ho\u0142d Bohaterom, kt\u00f3rzy zgin\u0119li w walce o nasz\u0105 wolno\u015b\u0107.&nbsp;Na cmentarzu uczniowie zapalili znicze i odm\u00f3wili modlitw\u0119. Dla wszystkich uczestnik\u00f3w by\u0142a to doskona\u0142a lekcja&nbsp;historii.<\/span><\/p>\nngg_shortcode_0_placeholder\n","protected":false},"excerpt":{"rendered":"<p>2 wrze\u015bnia 2022r. uczniowie naszej szko\u0142y wraz z wychowawczyniami odwiedzili miejscowy cmentarz wojskowy. Celem wycieczki by\u0142o uczczenie pami\u0119ci \u017co\u0142nierzy poleg\u0142ych w czasie I i II wojny \u015bwiatowej. Minut\u0105 ciszy uczniowie oddali ho\u0142d Bohaterom, kt\u00f3rzy zgin\u0119li w walce o nasz\u0105 wolno\u015b\u0107.&nbsp;Na cmentarzu uczniowie zapalili znicze i odm\u00f3wili modlitw\u0119. Dla wszystkich uczestnik\u00f3w by\u0142a to doskona\u0142a lekcja&nbsp;historii.<\/p>\n","protected":false},"author":4,"featured_media":0,"parent":5983,"menu_order":0,"comment_status":"closed","ping_status":"closed","template":"","meta":{"ngg_post_thumbnail":0,"footnotes":""},"class_list":["post-16931","page","type-page","status-publish","hentry"],"_links":{"self":[{"href":"https:\/\/sp1hrubieszow.pl\/index.php\/wp-json\/wp\/v2\/pages\/16931","targetHints":{"allow":["GET"]}}],"collection":[{"href":"https:\/\/sp1hrubieszow.pl\/index.php\/wp-json\/wp\/v2\/pages"}],"about":[{"href":"https:\/\/sp1hrubieszow.pl\/index.php\/wp-json\/wp\/v2\/types\/page"}],"author":[{"embeddable":true,"href":"https:\/\/sp1hrubieszow.pl\/index.php\/wp-json\/wp\/v2\/users\/4"}],"replies":[{"embeddable":true,"href":"https:\/\/sp1hrubieszow.pl\/index.php\/wp-json\/wp\/v2\/comments?post=16931"}],"version-history":[{"count":2,"href":"https:\/\/sp1hrubieszow.pl\/index.php\/wp-json\/wp\/v2\/pages\/16931\/revisions"}],"predecessor-version":[{"id":16937,"href":"https:\/\/sp1hrubieszow.pl\/index.php\/wp-json\/wp\/v2\/pages\/16931\/revisions\/16937"}],"up":[{"embeddable":true,"href":"https:\/\/sp1hrubieszow.pl\/index.php\/wp-json\/wp\/v2\/pages\/5983"}],"wp:attachment":[{"href":"https:\/\/sp1hrubieszow.pl\/index.php\/wp-json\/wp\/v2\/media?parent=16931"}],"curies":[{"name":"wp","href":"https:\/\/api.w.org\/{rel}","templated":true}]}}