{"id":16851,"date":"2022-09-02T17:50:32","date_gmt":"2022-09-02T15:50:32","guid":{"rendered":"https:\/\/sp1hrubieszow.pl\/?page_id=16851"},"modified":"2022-09-02T17:51:54","modified_gmt":"2022-09-02T15:51:54","slug":"sukcesy-uczniow-naszej-szkoly-w-konkursie-nie-czas-na-nude","status":"publish","type":"page","link":"https:\/\/sp1hrubieszow.pl\/index.php\/kronika-2020-2021\/sukcesy-uczniow-naszej-szkoly-w-konkursie-nie-czas-na-nude\/","title":{"rendered":"Sukcesy uczni\u00f3w naszej szko\u0142y w konkursie &#8222;Nie czas na nud\u0119&#8221;"},"content":{"rendered":"\n<p><img loading=\"lazy\" decoding=\"async\" class=\"alignnone size-medium wp-image-16850 aligncenter\" src=\"https:\/\/sp1hrubieszow.pl\/wp-content\/uploads\/2022\/09\/305313265_5165443063583269_863681730570883951_n-300x191.jpg\" alt=\"\" width=\"300\" height=\"191\" srcset=\"https:\/\/sp1hrubieszow.pl\/wp-content\/uploads\/2022\/09\/305313265_5165443063583269_863681730570883951_n-300x191.jpg 300w, https:\/\/sp1hrubieszow.pl\/wp-content\/uploads\/2022\/09\/305313265_5165443063583269_863681730570883951_n-768x490.jpg 768w, https:\/\/sp1hrubieszow.pl\/wp-content\/uploads\/2022\/09\/305313265_5165443063583269_863681730570883951_n-624x398.jpg 624w, https:\/\/sp1hrubieszow.pl\/wp-content\/uploads\/2022\/09\/305313265_5165443063583269_863681730570883951_n.jpg 912w\" sizes=\"auto, (max-width: 300px) 100vw, 300px\" \/><\/p>\n<div class=\"m8h3af8h l7ghb35v kjdc1dyq kmwttqpk gh25dzvf n3t5jt4f\">\n<div dir=\"auto\"><span style=\"color: #000080;\">Z rado\u015bci\u0105 og\u0142aszamy sukcesy uczni\u00f3w naszej szko\u0142y w konkursie plastyczno-literackim &#8222;Nie czas na nud\u0119&#8221;, zorganizowanym w ramach og\u00f3lnopolskiej kampanii edukacyjnej &#8222;Zachowaj Trze\u017awy Umys\u0142&#8221;<span class=\"fxk3tzhb b2rh1bv3 gh55jysx m8h3af8h ewco64xe kjdc1dyq ms56khn7 bq6c9xl4 eohcrkr5 akh3l2rg\"><img loading=\"lazy\" decoding=\"async\" src=\"https:\/\/static.xx.fbcdn.net\/images\/emoji.php\/v9\/t4c\/1\/16\/1f642.png\" alt=\"?\" width=\"16\" height=\"16\"><\/span><\/span><\/div>\n<\/div>\n<div class=\"l7ghb35v kjdc1dyq kmwttqpk gh25dzvf jikcssrz n3t5jt4f\">\n<div dir=\"auto\"><span style=\"color: #000080;\">Og\u00f3lnopolskie wyr\u00f3\u017cnienia w konkursie &#8222;Nie czas na nud\u0119&#8221; zdoby\u0142y nast\u0119puj\u0105ce uczennice:<\/span><\/div>\n<div dir=\"auto\"><span style=\"color: #000080;\">1.Lena Ni\u017anikowska, klasa IIIc, obecnie klasa IVc, opiekun: pani Joanna Bartnik.<\/span><\/div>\n<div dir=\"auto\"><span style=\"color: #000080;\">2.Adrianna Mazurek, kl. Ia, obecnie klasa IIa, opiekun: pani Ma\u0142gorzata Serafin<\/span><\/div>\n<div dir=\"auto\"><span style=\"color: #000080;\">3.Pola Pachniewska, kl. Ia, obecnie klasa IIa, opiekun: pani Ma\u0142gorzata Serafin.<\/span><\/div>\n<div dir=\"auto\"><span style=\"color: #000080;\">4. Nikola Pietryna, klasa Vb, obecnie klasa VIb, opiekun: pani Ewa Filipowicz-Sidorczuk<\/span><\/div>\n<\/div>\n<div class=\"l7ghb35v kjdc1dyq kmwttqpk gh25dzvf jikcssrz n3t5jt4f\">\n<div dir=\"auto\"><span style=\"color: #000080;\">Serdecznie gratulujemy nagrodzonym uczennicom, ich opiekunom oraz rodzicom<span class=\"fxk3tzhb b2rh1bv3 gh55jysx m8h3af8h ewco64xe kjdc1dyq ms56khn7 bq6c9xl4 eohcrkr5 akh3l2rg\"><img loading=\"lazy\" decoding=\"async\" src=\"https:\/\/static.xx.fbcdn.net\/images\/emoji.php\/v9\/t6f\/1\/16\/1f337.png\" alt=\"?\" width=\"16\" height=\"16\"><\/span><\/span><\/div>\n<\/div>\n<div class=\"l7ghb35v kjdc1dyq kmwttqpk gh25dzvf jikcssrz n3t5jt4f\">\n<div dir=\"auto\"><span style=\"color: #000080;\">Zapraszamy wszystkich uczni\u00f3w do udzia\u0142u w dzia\u0142aniach i konkursach w ramach kolejnej edycji kampanii &#8222;Zachowaj Trze\u017awy Umys\u0142&#8221;<\/span><\/div>\n<\/div>\n<div class=\"l7ghb35v kjdc1dyq kmwttqpk gh25dzvf jikcssrz n3t5jt4f\">\n<div dir=\"auto\"><span style=\"color: #000080;\">Koordynatorzy ZTU-Marta Kuczy\u0144ska i Anna Karkuszewska, pedagodzy szkolni<\/span><\/div>\n<\/div>\n","protected":false},"excerpt":{"rendered":"<p>Z rado\u015bci\u0105 og\u0142aszamy sukcesy uczni\u00f3w naszej szko\u0142y w konkursie plastyczno-literackim &#8222;Nie czas na nud\u0119&#8221;, zorganizowanym w ramach og\u00f3lnopolskiej kampanii edukacyjnej &#8222;Zachowaj Trze\u017awy Umys\u0142&#8221; Og\u00f3lnopolskie wyr\u00f3\u017cnienia w konkursie &#8222;Nie czas na nud\u0119&#8221; zdoby\u0142y nast\u0119puj\u0105ce uczennice: 1.Lena Ni\u017anikowska, klasa IIIc, obecnie klasa IVc, opiekun: pani Joanna Bartnik. 2.Adrianna Mazurek, kl. Ia, obecnie klasa IIa, opiekun: pani Ma\u0142gorzata [&hellip;]<\/p>\n","protected":false},"author":2,"featured_media":0,"parent":5983,"menu_order":0,"comment_status":"closed","ping_status":"closed","template":"","meta":{"ngg_post_thumbnail":0,"footnotes":""},"class_list":["post-16851","page","type-page","status-publish","hentry"],"_links":{"self":[{"href":"https:\/\/sp1hrubieszow.pl\/index.php\/wp-json\/wp\/v2\/pages\/16851","targetHints":{"allow":["GET"]}}],"collection":[{"href":"https:\/\/sp1hrubieszow.pl\/index.php\/wp-json\/wp\/v2\/pages"}],"about":[{"href":"https:\/\/sp1hrubieszow.pl\/index.php\/wp-json\/wp\/v2\/types\/page"}],"author":[{"embeddable":true,"href":"https:\/\/sp1hrubieszow.pl\/index.php\/wp-json\/wp\/v2\/users\/2"}],"replies":[{"embeddable":true,"href":"https:\/\/sp1hrubieszow.pl\/index.php\/wp-json\/wp\/v2\/comments?post=16851"}],"version-history":[{"count":2,"href":"https:\/\/sp1hrubieszow.pl\/index.php\/wp-json\/wp\/v2\/pages\/16851\/revisions"}],"predecessor-version":[{"id":16853,"href":"https:\/\/sp1hrubieszow.pl\/index.php\/wp-json\/wp\/v2\/pages\/16851\/revisions\/16853"}],"up":[{"embeddable":true,"href":"https:\/\/sp1hrubieszow.pl\/index.php\/wp-json\/wp\/v2\/pages\/5983"}],"wp:attachment":[{"href":"https:\/\/sp1hrubieszow.pl\/index.php\/wp-json\/wp\/v2\/media?parent=16851"}],"curies":[{"name":"wp","href":"https:\/\/api.w.org\/{rel}","templated":true}]}}