{"id":16835,"date":"2022-09-01T15:22:00","date_gmt":"2022-09-01T13:22:00","guid":{"rendered":"https:\/\/sp1hrubieszow.pl\/?page_id=16835"},"modified":"2022-09-01T15:22:16","modified_gmt":"2022-09-01T13:22:16","slug":"inauguracja-roku-szkolnego-2022-2023","status":"publish","type":"page","link":"https:\/\/sp1hrubieszow.pl\/index.php\/kronika-2020-2021\/inauguracja-roku-szkolnego-2022-2023\/","title":{"rendered":"Inauguracja roku szkolnego 2022\/2023"},"content":{"rendered":"\n<p><span style=\"color: #000080;\">Pierwszego wrze\u015bnia o godzinie 8.00 rozbrzmia\u0142 pierwszy dzwonek, kt\u00f3ry zapocz\u0105tkowa\u0142 rozpocz\u0119cie roku szkolnego 2022\/2023. Uroczysto\u015b\u0107 prowadzi\u0142a Pani Dyrektor Edyta Kucharska, kt\u00f3ra powita\u0142a ca\u0142\u0105 spo\u0142eczno\u015b\u0107 szkoln\u0105. Szczeg\u00f3lnie ciep\u0142o zostali przywitani pierwszoklasi\u015bci \u2013 uczniowie klasy sportowej 1a ( wychowawca p. Joanna Bartnik) i uczniowie klasy 1b (wychowawca p. Renata Pacza\u0142a). Pani Dyrektor \u017cyczy\u0142a wszystkim, aby ten rok by\u0142 owocny i radosny.<\/span><\/p>\n<p><span style=\"color: #000080;\">Nast\u0119pnie g\u0142os zabra\u0142a Pani Burmistrz Marta Majewska, kt\u00f3ra tak\u017ce serdecznie powita\u0142a uczni\u00f3w, rodzic\u00f3w i pracownik\u00f3w szko\u0142y oraz \u017cyczy\u0142a, aby ten rok szkolny by\u0142 po prostu i przede wszystkim normalny.<\/span><\/p>\n<p><span style=\"color: #000080;\">\u017byczenia dobrego roku szkolnego us\u0142yszeli\u015bmy r\u00f3wnie\u017c od ksi\u0119dza Proboszcza Marka Giergiela. Ksi\u0105dz zaprosi\u0142 na niedzieln\u0105 Msz\u0119 \u015awi\u0119t\u0105 o godzinie 11, podczas kt\u00f3rej uczniowie, rodzice i nauczyciele rozpoczn\u0105 nowy rok szkolny w wymiarze duchowym.<\/span><\/p>\n<p><span style=\"color: #000080;\">Po cz\u0119\u015bci oficjalnej uczniowie udali si\u0119 do sal lekcyjnych na spotkania z wychowawcami.<\/span><\/p>\n<p><span style=\"color: #000080;\">Przed nami teraz czas wyt\u0119\u017conej pracy oraz zdobywania nowych do\u015bwiadcze\u0144. Postarajmy si\u0119 wykorzysta\u0107 ten czas w spos\u00f3b efektywny. Niech to b\u0119dzie dobry rok!<\/span><\/p>\nngg_shortcode_0_placeholder\n<p>&nbsp;<\/p>\n","protected":false},"excerpt":{"rendered":"<p>Pierwszego wrze\u015bnia o godzinie 8.00 rozbrzmia\u0142 pierwszy dzwonek, kt\u00f3ry zapocz\u0105tkowa\u0142 rozpocz\u0119cie roku szkolnego 2022\/2023. Uroczysto\u015b\u0107 prowadzi\u0142a Pani Dyrektor Edyta Kucharska, kt\u00f3ra powita\u0142a ca\u0142\u0105 spo\u0142eczno\u015b\u0107 szkoln\u0105. Szczeg\u00f3lnie ciep\u0142o zostali przywitani pierwszoklasi\u015bci \u2013 uczniowie klasy sportowej 1a ( wychowawca p. Joanna Bartnik) i uczniowie klasy 1b (wychowawca p. Renata Pacza\u0142a). Pani Dyrektor \u017cyczy\u0142a wszystkim, aby ten rok [&hellip;]<\/p>\n","protected":false},"author":2,"featured_media":0,"parent":5983,"menu_order":0,"comment_status":"closed","ping_status":"closed","template":"","meta":{"ngg_post_thumbnail":0,"footnotes":""},"class_list":["post-16835","page","type-page","status-publish","hentry"],"_links":{"self":[{"href":"https:\/\/sp1hrubieszow.pl\/index.php\/wp-json\/wp\/v2\/pages\/16835","targetHints":{"allow":["GET"]}}],"collection":[{"href":"https:\/\/sp1hrubieszow.pl\/index.php\/wp-json\/wp\/v2\/pages"}],"about":[{"href":"https:\/\/sp1hrubieszow.pl\/index.php\/wp-json\/wp\/v2\/types\/page"}],"author":[{"embeddable":true,"href":"https:\/\/sp1hrubieszow.pl\/index.php\/wp-json\/wp\/v2\/users\/2"}],"replies":[{"embeddable":true,"href":"https:\/\/sp1hrubieszow.pl\/index.php\/wp-json\/wp\/v2\/comments?post=16835"}],"version-history":[{"count":1,"href":"https:\/\/sp1hrubieszow.pl\/index.php\/wp-json\/wp\/v2\/pages\/16835\/revisions"}],"predecessor-version":[{"id":16836,"href":"https:\/\/sp1hrubieszow.pl\/index.php\/wp-json\/wp\/v2\/pages\/16835\/revisions\/16836"}],"up":[{"embeddable":true,"href":"https:\/\/sp1hrubieszow.pl\/index.php\/wp-json\/wp\/v2\/pages\/5983"}],"wp:attachment":[{"href":"https:\/\/sp1hrubieszow.pl\/index.php\/wp-json\/wp\/v2\/media?parent=16835"}],"curies":[{"name":"wp","href":"https:\/\/api.w.org\/{rel}","templated":true}]}}