{"id":16770,"date":"2022-08-24T13:38:10","date_gmt":"2022-08-24T11:38:10","guid":{"rendered":"https:\/\/sp1hrubieszow.pl\/?page_id=16770"},"modified":"2022-08-24T13:38:59","modified_gmt":"2022-08-24T11:38:59","slug":"uroczyste-rozpoczecie-roku-szkolnego-2","status":"publish","type":"page","link":"https:\/\/sp1hrubieszow.pl\/index.php\/kronika-2020-2021\/uroczyste-rozpoczecie-roku-szkolnego-2\/","title":{"rendered":"Uroczyste Rozpocz\u0119cie Roku Szkolnego"},"content":{"rendered":"\n<p><img loading=\"lazy\" decoding=\"async\" class=\"alignnone size-medium wp-image-16769 aligncenter\" src=\"https:\/\/sp1hrubieszow.pl\/wp-content\/uploads\/2022\/08\/R-300x200.jpg\" alt=\"\" width=\"300\" height=\"200\"><\/p>\n<p style=\"text-align: center;\"><strong><span style=\"color: #000080;\">UROCZYSTE ROZPOCZ\u0118CIE ROKU SZKOLNEGO 2022\/2023<\/span><\/strong><\/p>\n<p style=\"text-align: center;\"><strong><span style=\"color: #000080;\">w Szkole Podstawowej Nr 1 w Hrubieszowie<\/span><\/strong><\/p>\n<p style=\"text-align: center;\"><strong><span style=\"color: #000080;\">1 wrze\u015bnia 2022 r .<\/span><\/strong><\/p>\n<p style=\"text-align: center;\"><strong><span style=\"color: #000080;\">godzina 8.00 \u2013 plac rekreacyjny&nbsp;<\/span><\/strong><\/p>\n<p style=\"text-align: center;\"><strong><span style=\"color: #000080;\">Msza \u015awi\u0119ta z okazji rozpocz\u0119cia roku szkolnego&nbsp; odb\u0119dzie si\u0119 4 wrze\u015bnia o godzinie 11.00 w Ko\u015bciele pw. Ducha \u015awi\u0119tego w Hrubieszowie.<\/span><\/strong><\/p>\n<p style=\"text-align: center;\"><span style=\"color: #000080;\"><strong>Zapraszamy!!!<\/strong><\/span><\/p>\n","protected":false},"excerpt":{"rendered":"<p>UROCZYSTE ROZPOCZ\u0118CIE ROKU SZKOLNEGO 2022\/2023 w Szkole Podstawowej Nr 1 w Hrubieszowie 1 wrze\u015bnia 2022 r . godzina 8.00 \u2013 plac rekreacyjny&nbsp; Msza \u015awi\u0119ta z okazji rozpocz\u0119cia roku szkolnego&nbsp; odb\u0119dzie si\u0119 4 wrze\u015bnia o godzinie 11.00 w Ko\u015bciele pw. Ducha \u015awi\u0119tego w Hrubieszowie. Zapraszamy!!!<\/p>\n","protected":false},"author":2,"featured_media":0,"parent":5983,"menu_order":0,"comment_status":"closed","ping_status":"closed","template":"","meta":{"ngg_post_thumbnail":0,"footnotes":""},"class_list":["post-16770","page","type-page","status-publish","hentry"],"_links":{"self":[{"href":"https:\/\/sp1hrubieszow.pl\/index.php\/wp-json\/wp\/v2\/pages\/16770","targetHints":{"allow":["GET"]}}],"collection":[{"href":"https:\/\/sp1hrubieszow.pl\/index.php\/wp-json\/wp\/v2\/pages"}],"about":[{"href":"https:\/\/sp1hrubieszow.pl\/index.php\/wp-json\/wp\/v2\/types\/page"}],"author":[{"embeddable":true,"href":"https:\/\/sp1hrubieszow.pl\/index.php\/wp-json\/wp\/v2\/users\/2"}],"replies":[{"embeddable":true,"href":"https:\/\/sp1hrubieszow.pl\/index.php\/wp-json\/wp\/v2\/comments?post=16770"}],"version-history":[{"count":1,"href":"https:\/\/sp1hrubieszow.pl\/index.php\/wp-json\/wp\/v2\/pages\/16770\/revisions"}],"predecessor-version":[{"id":16771,"href":"https:\/\/sp1hrubieszow.pl\/index.php\/wp-json\/wp\/v2\/pages\/16770\/revisions\/16771"}],"up":[{"embeddable":true,"href":"https:\/\/sp1hrubieszow.pl\/index.php\/wp-json\/wp\/v2\/pages\/5983"}],"wp:attachment":[{"href":"https:\/\/sp1hrubieszow.pl\/index.php\/wp-json\/wp\/v2\/media?parent=16770"}],"curies":[{"name":"wp","href":"https:\/\/api.w.org\/{rel}","templated":true}]}}