{"id":16757,"date":"2022-07-07T11:35:18","date_gmt":"2022-07-07T09:35:18","guid":{"rendered":"https:\/\/sp1hrubieszow.pl\/?page_id=16757"},"modified":"2022-07-07T11:35:45","modified_gmt":"2022-07-07T09:35:45","slug":"poczatek-wakacji-naszych-modelarzy","status":"publish","type":"page","link":"https:\/\/sp1hrubieszow.pl\/index.php\/kronika-2020-2021\/poczatek-wakacji-naszych-modelarzy\/","title":{"rendered":"Pocz\u0105tek wakacji naszych modelarzy"},"content":{"rendered":"\n<p><span style=\"color: #000080;\">W miniony weekend tj. 2-3.07.2022r. na lotnisku w Broczynie ko\u0142o Czaplinka, rozegrano dwie edycje zawod\u00f3w: <strong>Mistrzostwa Polski Modeli Swobodnie Lataj\u0105cych dla Junior\u00f3w oraz Mistrzostwa Polski Modeli Swobodnie Lataj\u0105cych w&nbsp;klasach F1A, F1B i F1C Standard<\/strong>.<\/span><\/p>\n<p><span style=\"color: #000080;\">W zawodach wystartowali zawodnicy sekcji modelarstwa lotniczego UKS \u201eJedynka\u201d, kt\u00f3rzy z&nbsp;Mistrzostw Polski przywie\u017ali 4 medale. W klasie modeli F1Q tytu\u0142 Mistrza Polski zdoby\u0142 Kacper Maciejczyk, na drugim stopniu podium stan\u0105\u0142 zawodnik z Gliwic, a na miejscu trzecim uplasowa\u0142 si\u0119 Karol Kowalski, kt\u00f3ry wywalczy\u0142 tytu\u0142 II Wicemistrza Polski. Zawodnicy startuj\u0105cy w tej klasie byli trenowani pod okiem instruktor\u00f3w z Hrubieszowa oraz Gliwic. W klasie modeli F1A Standard Mistrzem Polski Junior\u00f3w zosta\u0142 Pawe\u0142 Gumieniak. Wynik Paw\u0142a oraz Kacpra Maciejczyka i instruktora Leszka Kryszczuka pozwoli\u0142 naszej dru\u017cynie na zaj\u0119cie drugiego miejsca i wywalczenie tytu\u0142u Wicemistrza Polski Modeli Swobodnie Lataj\u0105cych klasy Standard. Mistrzem Polski zosta\u0142a dru\u017cyna z Aeroklubu Pozna\u0144skiego, a na miejscu III uplasowa\u0142a si\u0119 dru\u017cyna z Pi\u0142y.&nbsp;<\/span><\/p>\n<p><span style=\"color: #000080;\">Sukcesy nie by\u0142yby w pe\u0142ni satysfakcjonuj\u0105ce, gdyby nie wsparcie \u017cyczliwych os\u00f3b. &nbsp;<\/span><\/p>\n<p><span style=\"color: #000080;\">Modelarze z UKS \u201eJedynka\u201d pragn\u0105\u0142 podzi\u0119kowa\u0107 dla Pani Burmistrz Miasta Hrubieszowa oraz&nbsp; Banku Sp\u00f3\u0142dzielczego w Izbicy za przychylno\u015b\u0107 i wsparcie w organizacji wyjazdu, na&nbsp;Mistrzostwa Polski.<\/span><\/p>\nngg_shortcode_0_placeholder\n","protected":false},"excerpt":{"rendered":"<p>W miniony weekend tj. 2-3.07.2022r. na lotnisku w Broczynie ko\u0142o Czaplinka, rozegrano dwie edycje zawod\u00f3w: Mistrzostwa Polski Modeli Swobodnie Lataj\u0105cych dla Junior\u00f3w oraz Mistrzostwa Polski Modeli Swobodnie Lataj\u0105cych w&nbsp;klasach F1A, F1B i F1C Standard. W zawodach wystartowali zawodnicy sekcji modelarstwa lotniczego UKS \u201eJedynka\u201d, kt\u00f3rzy z&nbsp;Mistrzostw Polski przywie\u017ali 4 medale. W klasie modeli F1Q tytu\u0142 Mistrza [&hellip;]<\/p>\n","protected":false},"author":2,"featured_media":0,"parent":5983,"menu_order":0,"comment_status":"closed","ping_status":"closed","template":"","meta":{"ngg_post_thumbnail":0,"footnotes":""},"class_list":["post-16757","page","type-page","status-publish","hentry"],"_links":{"self":[{"href":"https:\/\/sp1hrubieszow.pl\/index.php\/wp-json\/wp\/v2\/pages\/16757","targetHints":{"allow":["GET"]}}],"collection":[{"href":"https:\/\/sp1hrubieszow.pl\/index.php\/wp-json\/wp\/v2\/pages"}],"about":[{"href":"https:\/\/sp1hrubieszow.pl\/index.php\/wp-json\/wp\/v2\/types\/page"}],"author":[{"embeddable":true,"href":"https:\/\/sp1hrubieszow.pl\/index.php\/wp-json\/wp\/v2\/users\/2"}],"replies":[{"embeddable":true,"href":"https:\/\/sp1hrubieszow.pl\/index.php\/wp-json\/wp\/v2\/comments?post=16757"}],"version-history":[{"count":1,"href":"https:\/\/sp1hrubieszow.pl\/index.php\/wp-json\/wp\/v2\/pages\/16757\/revisions"}],"predecessor-version":[{"id":16758,"href":"https:\/\/sp1hrubieszow.pl\/index.php\/wp-json\/wp\/v2\/pages\/16757\/revisions\/16758"}],"up":[{"embeddable":true,"href":"https:\/\/sp1hrubieszow.pl\/index.php\/wp-json\/wp\/v2\/pages\/5983"}],"wp:attachment":[{"href":"https:\/\/sp1hrubieszow.pl\/index.php\/wp-json\/wp\/v2\/media?parent=16757"}],"curies":[{"name":"wp","href":"https:\/\/api.w.org\/{rel}","templated":true}]}}