{"id":16713,"date":"2022-06-28T22:06:47","date_gmt":"2022-06-28T20:06:47","guid":{"rendered":"https:\/\/sp1hrubieszow.pl\/?page_id=16713"},"modified":"2022-06-28T22:07:30","modified_gmt":"2022-06-28T20:07:30","slug":"sukcesy-naszych-uczniow-w-roku-szkolnym-2021-2022","status":"publish","type":"page","link":"https:\/\/sp1hrubieszow.pl\/index.php\/kronika-2020-2021\/sukcesy-naszych-uczniow-w-roku-szkolnym-2021-2022\/","title":{"rendered":"Sukcesy naszych uczni\u00f3w w roku szkolnym 2021\/2022"},"content":{"rendered":"\n<p><span style=\"color: #000080;\">Zako\u0144czyli\u015bmy ju\u017c rok szkolny 2021\/2022. Warto podsumowa\u0107 ten czas, a szczeg\u00f3lnie osi\u0105gni\u0119cia i sukcesy naszych uczni\u00f3w. Nasi wychowankowie &nbsp;uczestniczyli w bardzo wielu konkursach oraz zawodach sportowych r\u00f3\u017cnego szczebla \u2013 tak\u017ce og\u00f3lnopolskiego oraz mi\u0119dzynarodowego. &nbsp;By\u0142o tego naprawd\u0119 du\u017co i trudno wszystko wymieni\u0107, ale pewne najwi\u0119ksze sukcesy chcieliby\u015bmy wspomnie\u0107:<\/span><\/p>\n<p><span style=\"color: #000080;\"><strong>konkursy<\/strong><\/span><\/p>\n<p><span style=\"color: #000080;\">&#8211; Kuratoryjny Konkurs Plastyczny ,,Kolory Niepodleg\u0142o\u015bci\u2019\u2019 \u2013 II miejsce Lena Ni\u017anikowska<\/span><\/p>\n<p><span style=\"color: #000080;\">&#8211; Powiatowy konkurs plastyczny\u201d Cztery pory roku kredk\u0105 malowane \u2013 Wiosna\u201d- nagroda Lena Ni\u017anikowska<\/span><\/p>\n<p><span style=\"color: #000080;\">&#8211; Kangur Matematyczny- Wyr\u00f3\u017cnienia: Maria Stepaniuk, Szymon Paw\u0142owski , Adam Szczur, Wiktoria Zaj\u0105c<\/span><\/p>\n<p><span style=\"color: #000080;\">&#8211; Og\u00f3lnopolski Konkurs z j\u0119zyka angielskiego \u201eWords champion\u201d- III miejsce Dawid Ka\u0144ski, Jakub Lackowski<\/span><\/p>\n<p><span style=\"color: #000080;\">&#8211; wyr\u00f3\u017cnienie w Og\u00f3lnopolskim Konkursie plastyczno-literackim pt. \u201eSzcz\u0119\u015bliwa chwila, szcz\u0119\u015bliwy dzie\u0144, szcz\u0119\u015bliwe \u017cycie\u201d w ramach kampanii ZTU &#8211; Marcin Lackowski, Danilczuk Karolina, Wilczy\u0144ska Paula, Dawid Go\u0142ebiowski, Micha\u0142 Nowacki, David Kenneth , Lenia Ni\u017anikowska<\/span><\/p>\n<p><span style=\"color: #000080;\">&#8211; 41. Ma\u0142y Konkurs Recytatorski &#8211; Finalistka na szczeblu wojew\u00f3dzkim \u2013 Zofia \u015aliwa<\/span><\/p>\n<p><span style=\"color: #000080;\">&#8211; Mi\u0119dzynarodowy Konkurs Fotograficzno \u2013 Ekologiczny \u201eR\u00f3\u017cnorodno\u015b\u0107 biologiczna i ochrona ekosystem\u00f3w wodnych\u201d \u2013 III Adam Sikorski<\/span><\/p>\n<p><span style=\"color: #000080;\">&#8211; wojew\u00f3dzki konkurs kuratoryjny z biologii &#8211; Pawe\u0142 Gumieniak finalista konkursu<\/span><\/p>\n<p><span style=\"color: #000080;\">&#8211; Og\u00f3lnopolska Olimpiada Promocji Zdrowego Stylu \u017bycia PCK &#8211; Pawe\u0142 Gumieniak finalista etapu okr\u0119gowego<\/span><\/p>\n<p><span style=\"color: #000080;\">&#8211; Konkurs matematyczno-informatyczny InstaLogik pod patronatem Ministra Edukacji Narodowej &#8211; finalista Antoni Panasiewicz, Mateusz Kornaszewski<\/span><\/p>\n<p><span style=\"color: #000080;\">&#8211; Let\u2019s celebrate \u201eEurope Day\u201d &#8211; Patrycja Ba\u0142szan, finalistka konkursu mi\u0119dzynarodowego<\/span><\/p>\n<p><span style=\"color: #000080;\">&#8211; Og\u00f3lnopolski konkurs pt. \u201eW Tandemie si\u0142a! Profilaktyka uniwersalna&nbsp; w domu i szkole\u201d \u2013 I miejsce Gabriela Osma\u0144ska i Martyna Osma\u0144ska<\/span><\/p>\n<p><span style=\"color: #000080;\">&#8211; Og\u00f3lnopolski Konkurs Serenada dla dzieci \u2013 bezpieczni w szkole &#8211; nagroda dla ca\u0142ej klasy 1b<\/span><\/p>\n<p><span style=\"color: #000080;\">&#8211; Og\u00f3lnopolski konkurs fotograficzny \u201eFOTOSTORY z Boles\u0142awem Prusem\u201d zorganizowany przez SP nr 1 w Hrubieszowie \u2013 wyr\u00f3\u017cnienie Dawid Go\u0142\u0119biowski<\/span><\/p>\n<p><span style=\"color: #000080;\"><strong>zwody sportowe<\/strong><\/span><\/p>\n<p><span style=\"color: #000080;\">&#8211; P\u00f3\u0142fina\u0142 Wojew\u00f3dzki w Sztafetowych Biegach Prze\u0142ajowych &#8211; Igrzyska Dzieci \u2013 I miejsce ch\u0142opcy Borz\u0119cki Maciej, Tomasz Pawlos, Czerkawski Miko\u0142aj, Krajewski Karol, Malinowski Wojciech, Szewc Kajetan, rez. Maciej Ulanicki<\/span><\/p>\n<p><span style=\"color: #000080;\">&#8211; Fina\u0142 Wojew\u00f3dzki w Sztafetowych Biegach Prze\u0142ajowych- Igrzyska Dzieci \u2013 I miejsce ch\u0142opcy Borz\u0119cki Maciej, Tomasz Pawlos, Czerkawski Miko\u0142aj, Krajewski Karol, Malinowski Wojciech, Szewc Kajetan, rez. Franciszek Kogut<\/span><\/p>\n<p><span style=\"color: #000080;\">&#8211; P\u00f3\u0142fina\u0142 Wojew\u00f3dzki-Festiwal Sztafet &#8211; I miejsce sztafeta szwedzka ch\u0142opc\u00f3w: Franciszek Kogut, Kajetan Szewc, Miko\u0142aj Czerkawski, Maciej Borz\u0119cki; II miejsce sztafeta olimpijska ch\u0142opc\u00f3w: Jakub Kosza\u0142ka, Karol Kudelski, Marcel Baj, Szustakowski Jakub; II miejsce sztafeta szwedzka dziewcz\u0105t: Maja Magdziak, Ciemi\u0119ga Dominika, Mrozowska Kornelia, Katarzyna Duma; II miejsce sztafeta 4x100m dziewcz\u0105t: Maja Magdziak ,Emilia Rosi\u0144ska, Duma Katarzyna, Nikola Kosza\u0142ka; III miejsce sztafety olimpijskiej: Wiktoria Za\u0142uska, Sara Caruk, Wiktoria Dec, Kruk Aleksandra<\/span><\/p>\n<p><span style=\"color: #000080;\">&#8211; Fina\u0142 Og\u00f3lnopolski w Sztafetowych biegach prze\u0142ajowych \u2013 Igrzyska dzieci &#8211; 12 miejsce Borz\u0119cki Maciej, Czerkawski Miko\u0142aj, Pawlos&nbsp; Tomasz, Malinowski Wojciech, Szewc Kajetan, Karol Krajewski&nbsp; rez. Franciszek Kogut<\/span><\/p>\n<p><span style=\"color: #000080;\"><strong>zawody modelarskie<\/strong><\/span><\/p>\n<p><span style=\"color: #000080;\">&#8211; &nbsp;zawody rangi og\u00f3lnopolskiej w Pile, w klasie modeli F1A &#8211; III miejsce Pawe\u0142 Gumieniak; w klasie modeli F1H &nbsp;\u2013z\u0142oty medal Kacper Ho\u0142uj,<\/span><\/p>\n<p><span style=\"color: #000080;\">&#8211; Mistrzostwa Polski Modeli Halowych klasy F1N, Krosno \u2013 w kategorii wiekowej junior m\u0142odszy dru\u017cyna zaj\u0119\u0142a 2 miejsce, a w kategorii wiekowej junior dru\u017cyna stan\u0119\u0142a na trzecim miejscu podium<\/span><\/p>\n<p><span style=\"color: #000080;\">&#8211; zawodach rangi mi\u0119dzynarodowej&nbsp; zaliczane do Pucharu \u015awiata &#8211; 9 medali w tym: 3 z\u0142ote, 2 srebrne i 4 br\u0105zowe<\/span><\/p>\n<p><span style=\"color: #000080;\"><strong>turnieje szachowe<\/strong><\/span><\/p>\n<p><span style=\"color: #000080;\">&#8211; &nbsp;Turniej szachowy o puchar Burmistrza Miasta \u2013 II miejsce Karol Kowalski<\/span><\/p>\n<p><span style=\"color: #000080;\">&#8211; &nbsp;II Wojew\u00f3dzki Turniej Szachowy o Puchar Lubelskiego Kuratora O\u015bwiaty &#8211; Finalista etapu wojew\u00f3dzkiego Olaf&nbsp; Lewandowski<\/span><\/p>\n<p><span style=\"color: #000080;\">Gratulujemy nagrodzonym i wyr\u00f3\u017cnionym. Serdeczne podzi\u0119kowania dla wszystkich uczni\u00f3w, kt\u00f3rzy ch\u0119tnie uczestnicz\u0105 w konkursach i zawodach. Brawa za ich sukcesy!!! \u017byczymy, aby nowy rok szkolny 2022\/2023 obfitowa\u0142 w nagrody dla uczni\u00f3w z hrubieszowskiej Jedynki. Powodzenia!!!<\/span><\/p>\nngg_shortcode_0_placeholder\n<p>&nbsp;<\/p>\n<p>&nbsp;<\/p>\n<p>&nbsp;<\/p>\n<p>&nbsp;<\/p>\n","protected":false},"excerpt":{"rendered":"<p>Zako\u0144czyli\u015bmy ju\u017c rok szkolny 2021\/2022. Warto podsumowa\u0107 ten czas, a szczeg\u00f3lnie osi\u0105gni\u0119cia i sukcesy naszych uczni\u00f3w. Nasi wychowankowie &nbsp;uczestniczyli w bardzo wielu konkursach oraz zawodach sportowych r\u00f3\u017cnego szczebla \u2013 tak\u017ce og\u00f3lnopolskiego oraz mi\u0119dzynarodowego. &nbsp;By\u0142o tego naprawd\u0119 du\u017co i trudno wszystko wymieni\u0107, ale pewne najwi\u0119ksze sukcesy chcieliby\u015bmy wspomnie\u0107: konkursy &#8211; Kuratoryjny Konkurs Plastyczny ,,Kolory Niepodleg\u0142o\u015bci\u2019\u2019 \u2013 [&hellip;]<\/p>\n","protected":false},"author":2,"featured_media":0,"parent":5983,"menu_order":0,"comment_status":"closed","ping_status":"closed","template":"","meta":{"ngg_post_thumbnail":0,"footnotes":""},"class_list":["post-16713","page","type-page","status-publish","hentry"],"_links":{"self":[{"href":"https:\/\/sp1hrubieszow.pl\/index.php\/wp-json\/wp\/v2\/pages\/16713","targetHints":{"allow":["GET"]}}],"collection":[{"href":"https:\/\/sp1hrubieszow.pl\/index.php\/wp-json\/wp\/v2\/pages"}],"about":[{"href":"https:\/\/sp1hrubieszow.pl\/index.php\/wp-json\/wp\/v2\/types\/page"}],"author":[{"embeddable":true,"href":"https:\/\/sp1hrubieszow.pl\/index.php\/wp-json\/wp\/v2\/users\/2"}],"replies":[{"embeddable":true,"href":"https:\/\/sp1hrubieszow.pl\/index.php\/wp-json\/wp\/v2\/comments?post=16713"}],"version-history":[{"count":1,"href":"https:\/\/sp1hrubieszow.pl\/index.php\/wp-json\/wp\/v2\/pages\/16713\/revisions"}],"predecessor-version":[{"id":16714,"href":"https:\/\/sp1hrubieszow.pl\/index.php\/wp-json\/wp\/v2\/pages\/16713\/revisions\/16714"}],"up":[{"embeddable":true,"href":"https:\/\/sp1hrubieszow.pl\/index.php\/wp-json\/wp\/v2\/pages\/5983"}],"wp:attachment":[{"href":"https:\/\/sp1hrubieszow.pl\/index.php\/wp-json\/wp\/v2\/media?parent=16713"}],"curies":[{"name":"wp","href":"https:\/\/api.w.org\/{rel}","templated":true}]}}