{"id":16568,"date":"2022-06-24T13:12:11","date_gmt":"2022-06-24T11:12:11","guid":{"rendered":"https:\/\/sp1hrubieszow.pl\/?page_id=16568"},"modified":"2022-06-24T13:21:22","modified_gmt":"2022-06-24T11:21:22","slug":"wakacji-nadszedl-czas","status":"publish","type":"page","link":"https:\/\/sp1hrubieszow.pl\/index.php\/kronika-2020-2021\/wakacji-nadszedl-czas\/","title":{"rendered":"Wakacji nadszed\u0142 czas&#8230;"},"content":{"rendered":"\n<p style=\"text-align: right;\"><span style=\"color: #000080;\">\u201eNauka to podr\u00f3\u017c, kt\u00f3ra trwa przez ca\u0142e \u017cycie\u201d<\/span><\/p>\n<p><span style=\"color: #000080;\">Takie s\u0142owa towarzyszy\u0142y nam dzisiaj podczas uroczystego zako\u0144czenia roku szkolnego 2021\/2022.<\/span><\/p>\n<p><span style=\"color: #000080;\">O godzinie 8.00 rozbrzmia\u0142 ostatni dzwonek i pani Dyrektor Edyta Kucharska rozpocz\u0119\u0142a uroczysto\u015b\u0107. Pani Dyrektor serdeczni powita\u0142a Pani\u0105 Sekretarz Miasta Monik\u0119 Podolak, ksi\u0119dza Marka Giergiela \u2013 proboszcza parafii Ducha \u015awi\u0119tego, przedstawicieli Rady Rodzic\u00f3w oraz wszystkich nauczycieli, pracownik\u00f3w szko\u0142y, rodzic\u00f3w, a przede wszystkim uczni\u00f3w.<\/span><\/p>\n<p><span style=\"color: #000080;\">Po przem\u00f3wieniu Pani Dyrektor nast\u0105pi\u0142 wzruszaj\u0105cy moment dla uczni\u00f3w klas \u00f3smych. Reprezentanci ka\u017cdej klasy wraz z wychowawc\u0105 wbijali w drzewiec pocztu sztandarowego pami\u0105tkowe gwo\u017adzie. Nast\u0119pnie odby\u0142o si\u0119 przekazanie pocztu w r\u0119ce uczni\u00f3w obecnych klas si\u00f3dmych.<\/span><\/p>\n<p><span style=\"color: #000080;\">Zako\u0144czenie roku to szczeg\u00f3lny czas przede wszystkim dla uczni\u00f3w ko\u0144cz\u0105cych szko\u0142\u0119, wi\u0119c to oni byli dzisiaj najwa\u017cniejsi. Wychowawcy klas: Pani Arleta Kowalska, Pani Monika Czulak, Pani Ma\u0142gorzata Szumiata i Pani Aneta Rycerz, wr\u0119czali wi\u0119c swoim uczniom nagrody i \u015bwiadectwa z wyr\u00f3\u017cnieniem. Zosta\u0142a tak\u017ce przekazana nagroda dla Super Ucznia. W tym roku ten tytu\u0142 zdoby\u0142 Pawe\u0142 Gumieniak z klasy 8d. Zosta\u0142y tak\u017ce wr\u0119czone nagrody za inne szczeg\u00f3lne osi\u0105gni\u0119cia oraz statuetki dla naszych najlepszych sportowc\u00f3w. Podzi\u0119kowania otrzymali tak\u017ce rodzice, kt\u00f3rzy anga\u017cowali si\u0119 w \u017cycie klasy i szko\u0142y.<\/span><\/p>\n<p><span style=\"color: #000080;\">Po cz\u0119\u015bci oficjalnej uczniowie wybrali si\u0119 do klas, gdzie otrzymali nagrody i \u015bwiadectwa. Po spotkaniach w salach lekcyjnych ch\u0119tni uczniowie mieli okazj\u0119 zrobi\u0107 sobie pami\u0105tkowe zdj\u0119cie w pi\u0119knych kwiatowych dekoracjach przygotowanych przez Pani\u0105 Beat\u0119 Litwi\u0144czuk z kwiaciarni Hrubieszowianki. Fotografie wykonywa\u0142a Pani Agnieszka Zdun z Foto-Wrzos. Serdecznie dzi\u0119kujemy Paniom za po\u015bwi\u0119cony nam czas. Podzi\u0119kowania sk\u0142adamy tak\u017ce paniom, kt\u00f3re przygotowa\u0142y dekoracj\u0119 na dzisiejsze uroczysto\u015bci: Pani Ewie Filipowicz Sidorczuk i Pani Arlecie Kowalskiej oraz Panu Arkadiuszowi Mielniczkowi odpowiedzialnemu za opraw\u0119 muzyczn\u0105 i wszystkim tym, kt\u00f3rzy przyczynili si\u0119 do przygotowania zako\u0144czenia roku szkolnego 2021\/2022.<\/span><\/p>\n<p><span style=\"color: #000080;\">Przed nami teraz wyczekiwane wakacje. Niech to b\u0119dzie pi\u0119kny, dobry, radosny i bezpiecznie sp\u0119dzony czas.<\/span><\/p>\nngg_shortcode_0_placeholder\nngg_shortcode_1_placeholder\n<p>&nbsp;<\/p>\n","protected":false},"excerpt":{"rendered":"<p>\u201eNauka to podr\u00f3\u017c, kt\u00f3ra trwa przez ca\u0142e \u017cycie\u201d Takie s\u0142owa towarzyszy\u0142y nam dzisiaj podczas uroczystego zako\u0144czenia roku szkolnego 2021\/2022. O godzinie 8.00 rozbrzmia\u0142 ostatni dzwonek i pani Dyrektor Edyta Kucharska rozpocz\u0119\u0142a uroczysto\u015b\u0107. Pani Dyrektor serdeczni powita\u0142a Pani\u0105 Sekretarz Miasta Monik\u0119 Podolak, ksi\u0119dza Marka Giergiela \u2013 proboszcza parafii Ducha \u015awi\u0119tego, przedstawicieli Rady Rodzic\u00f3w oraz wszystkich nauczycieli, [&hellip;]<\/p>\n","protected":false},"author":2,"featured_media":0,"parent":5983,"menu_order":0,"comment_status":"closed","ping_status":"closed","template":"","meta":{"ngg_post_thumbnail":0,"footnotes":""},"class_list":["post-16568","page","type-page","status-publish","hentry"],"_links":{"self":[{"href":"https:\/\/sp1hrubieszow.pl\/index.php\/wp-json\/wp\/v2\/pages\/16568","targetHints":{"allow":["GET"]}}],"collection":[{"href":"https:\/\/sp1hrubieszow.pl\/index.php\/wp-json\/wp\/v2\/pages"}],"about":[{"href":"https:\/\/sp1hrubieszow.pl\/index.php\/wp-json\/wp\/v2\/types\/page"}],"author":[{"embeddable":true,"href":"https:\/\/sp1hrubieszow.pl\/index.php\/wp-json\/wp\/v2\/users\/2"}],"replies":[{"embeddable":true,"href":"https:\/\/sp1hrubieszow.pl\/index.php\/wp-json\/wp\/v2\/comments?post=16568"}],"version-history":[{"count":4,"href":"https:\/\/sp1hrubieszow.pl\/index.php\/wp-json\/wp\/v2\/pages\/16568\/revisions"}],"predecessor-version":[{"id":16659,"href":"https:\/\/sp1hrubieszow.pl\/index.php\/wp-json\/wp\/v2\/pages\/16568\/revisions\/16659"}],"up":[{"embeddable":true,"href":"https:\/\/sp1hrubieszow.pl\/index.php\/wp-json\/wp\/v2\/pages\/5983"}],"wp:attachment":[{"href":"https:\/\/sp1hrubieszow.pl\/index.php\/wp-json\/wp\/v2\/media?parent=16568"}],"curies":[{"name":"wp","href":"https:\/\/api.w.org\/{rel}","templated":true}]}}