{"id":16471,"date":"2022-06-24T05:20:16","date_gmt":"2022-06-24T03:20:16","guid":{"rendered":"https:\/\/sp1hrubieszow.pl\/?page_id=16471"},"modified":"2022-06-24T11:59:12","modified_gmt":"2022-06-24T09:59:12","slug":"zyczenia-na-zakonczenie-roku-szkolnego-2021-2022","status":"publish","type":"page","link":"https:\/\/sp1hrubieszow.pl\/index.php\/kronika-2020-2021\/zyczenia-na-zakonczenie-roku-szkolnego-2021-2022\/","title":{"rendered":"\u017byczenia na zako\u0144czenie roku szkolnego 2021\/2022"},"content":{"rendered":"\n<p>&nbsp;<\/p>\n<p><img loading=\"lazy\" decoding=\"async\" class=\"alignnone size-medium wp-image-16477 aligncenter\" src=\"https:\/\/sp1hrubieszow.pl\/wp-content\/uploads\/2022\/06\/Radosnych-wakacji-300x213.png\" alt=\"\" width=\"300\" height=\"213\"><\/p>\n<p><span style=\"color: #000080;\">Ko\u0144czy si\u0119 rok szkolny 2021\/2022. Do czego mogliby\u015bmy por\u00f3wna\u0107 ten czas? &#8222;Do<\/span><br><span style=\"color: #000080;\">metafory ogrodu, w kt\u00f3rym si\u0119 czeka na co\u015b wa\u017cnego, w kt\u00f3rym si\u0119 do\u015bwiadcza codzienno\u015bci, w kt\u00f3rym mo\u017cna co\u015b sadzi\u0107 i zbiera\u0107\u2026&#8221;<\/span><\/p>\n<p><span style=\"color: #000080;\">By\u0142 to rok wyt\u0119\u017conej pracy nas wszystkich, a teraz pora na zas\u0142u\u017cony, wakacyjny odpoczynek i zbieranie si\u0142 na kolejny rok szkolny.&nbsp;<\/span><\/p>\n<p><span style=\"color: #000080;\">\u017bycz\u0119, aby wakacje by\u0142y okresem dobrego, bezpiecznego wypoczynku, czasem radosnych chwil i niezapomnianych przyg\u00f3d.&nbsp;<\/span><\/p>\n<p><span style=\"color: #000080;\">Do zobaczenia we wrze\u015bniu!<\/span><\/p>\n<p style=\"text-align: right;\"><span style=\"color: #000080;\">Dyrektor Szko\u0142y<\/span><\/p>\n<p style=\"text-align: right;\"><span style=\"color: #000080;\">Edyta Kucharska<\/span><\/p>\n<p style=\"text-align: left;\"><span style=\"color: #000080;\"><strong><a style=\"color: #000080;\" href=\"https:\/\/sp1hrubieszow.pl\/wp-content\/uploads\/2022\/06\/listzakonczenierokuszkolnego20212022.pdf\">listzakonczenierokuszkolnego20212022<\/a>&nbsp;<\/strong><\/span><\/p>\n<p>&nbsp;<\/p>\n<p>&nbsp;<\/p>\n","protected":false},"excerpt":{"rendered":"<p>&nbsp; Ko\u0144czy si\u0119 rok szkolny 2021\/2022. Do czego mogliby\u015bmy por\u00f3wna\u0107 ten czas? &#8222;Dometafory ogrodu, w kt\u00f3rym si\u0119 czeka na co\u015b wa\u017cnego, w kt\u00f3rym si\u0119 do\u015bwiadcza codzienno\u015bci, w kt\u00f3rym mo\u017cna co\u015b sadzi\u0107 i zbiera\u0107\u2026&#8221; By\u0142 to rok wyt\u0119\u017conej pracy nas wszystkich, a teraz pora na zas\u0142u\u017cony, wakacyjny odpoczynek i zbieranie si\u0142 na kolejny rok szkolny.&nbsp; \u017bycz\u0119, [&hellip;]<\/p>\n","protected":false},"author":2,"featured_media":0,"parent":5983,"menu_order":0,"comment_status":"closed","ping_status":"closed","template":"","meta":{"ngg_post_thumbnail":0,"footnotes":""},"class_list":["post-16471","page","type-page","status-publish","hentry"],"_links":{"self":[{"href":"https:\/\/sp1hrubieszow.pl\/index.php\/wp-json\/wp\/v2\/pages\/16471","targetHints":{"allow":["GET"]}}],"collection":[{"href":"https:\/\/sp1hrubieszow.pl\/index.php\/wp-json\/wp\/v2\/pages"}],"about":[{"href":"https:\/\/sp1hrubieszow.pl\/index.php\/wp-json\/wp\/v2\/types\/page"}],"author":[{"embeddable":true,"href":"https:\/\/sp1hrubieszow.pl\/index.php\/wp-json\/wp\/v2\/users\/2"}],"replies":[{"embeddable":true,"href":"https:\/\/sp1hrubieszow.pl\/index.php\/wp-json\/wp\/v2\/comments?post=16471"}],"version-history":[{"count":4,"href":"https:\/\/sp1hrubieszow.pl\/index.php\/wp-json\/wp\/v2\/pages\/16471\/revisions"}],"predecessor-version":[{"id":16481,"href":"https:\/\/sp1hrubieszow.pl\/index.php\/wp-json\/wp\/v2\/pages\/16471\/revisions\/16481"}],"up":[{"embeddable":true,"href":"https:\/\/sp1hrubieszow.pl\/index.php\/wp-json\/wp\/v2\/pages\/5983"}],"wp:attachment":[{"href":"https:\/\/sp1hrubieszow.pl\/index.php\/wp-json\/wp\/v2\/media?parent=16471"}],"curies":[{"name":"wp","href":"https:\/\/api.w.org\/{rel}","templated":true}]}}