{"id":16461,"date":"2022-06-24T04:53:08","date_gmt":"2022-06-24T02:53:08","guid":{"rendered":"https:\/\/sp1hrubieszow.pl\/?page_id=16461"},"modified":"2022-06-24T04:53:26","modified_gmt":"2022-06-24T02:53:26","slug":"kajakowa-przygoda","status":"publish","type":"page","link":"https:\/\/sp1hrubieszow.pl\/index.php\/kronika-2020-2021\/kajakowa-przygoda\/","title":{"rendered":"Kajakowa przygoda"},"content":{"rendered":"\n<p><span style=\"color: #000080;\">22 czerwca uczniowie klasy 7a i 7b relaksowali si\u0119 w Zwierzy\u0144cu na sp\u0142ywie kajakowym. Trasa sp\u0142ywu prowadzi\u0142a z miejscowo\u015bci Obrocz do Zwierzy\u0144ca.&nbsp; By\u0142 to pi\u0119knie sp\u0119dzony wsp\u00f3lnie czas tu\u017c przed rozpocz\u0119ciem wakacji.<\/span><\/p>\nngg_shortcode_0_placeholder\n","protected":false},"excerpt":{"rendered":"<p>22 czerwca uczniowie klasy 7a i 7b relaksowali si\u0119 w Zwierzy\u0144cu na sp\u0142ywie kajakowym. Trasa sp\u0142ywu prowadzi\u0142a z miejscowo\u015bci Obrocz do Zwierzy\u0144ca.&nbsp; By\u0142 to pi\u0119knie sp\u0119dzony wsp\u00f3lnie czas tu\u017c przed rozpocz\u0119ciem wakacji.<\/p>\n","protected":false},"author":2,"featured_media":0,"parent":5983,"menu_order":0,"comment_status":"closed","ping_status":"closed","template":"","meta":{"ngg_post_thumbnail":0,"footnotes":""},"class_list":["post-16461","page","type-page","status-publish","hentry"],"_links":{"self":[{"href":"https:\/\/sp1hrubieszow.pl\/index.php\/wp-json\/wp\/v2\/pages\/16461","targetHints":{"allow":["GET"]}}],"collection":[{"href":"https:\/\/sp1hrubieszow.pl\/index.php\/wp-json\/wp\/v2\/pages"}],"about":[{"href":"https:\/\/sp1hrubieszow.pl\/index.php\/wp-json\/wp\/v2\/types\/page"}],"author":[{"embeddable":true,"href":"https:\/\/sp1hrubieszow.pl\/index.php\/wp-json\/wp\/v2\/users\/2"}],"replies":[{"embeddable":true,"href":"https:\/\/sp1hrubieszow.pl\/index.php\/wp-json\/wp\/v2\/comments?post=16461"}],"version-history":[{"count":1,"href":"https:\/\/sp1hrubieszow.pl\/index.php\/wp-json\/wp\/v2\/pages\/16461\/revisions"}],"predecessor-version":[{"id":16462,"href":"https:\/\/sp1hrubieszow.pl\/index.php\/wp-json\/wp\/v2\/pages\/16461\/revisions\/16462"}],"up":[{"embeddable":true,"href":"https:\/\/sp1hrubieszow.pl\/index.php\/wp-json\/wp\/v2\/pages\/5983"}],"wp:attachment":[{"href":"https:\/\/sp1hrubieszow.pl\/index.php\/wp-json\/wp\/v2\/media?parent=16461"}],"curies":[{"name":"wp","href":"https:\/\/api.w.org\/{rel}","templated":true}]}}