{"id":16439,"date":"2022-06-23T23:11:49","date_gmt":"2022-06-23T21:11:49","guid":{"rendered":"https:\/\/sp1hrubieszow.pl\/?page_id=16439"},"modified":"2022-06-23T23:12:22","modified_gmt":"2022-06-23T21:12:22","slug":"wyniki-konkursu-z-jezyka-angielskiego-words-champion","status":"publish","type":"page","link":"https:\/\/sp1hrubieszow.pl\/index.php\/kronika-2020-2021\/wyniki-konkursu-z-jezyka-angielskiego-words-champion\/","title":{"rendered":"Wyniki konkursu z j\u0119zyka angielskiego &#8222;Words Champion&#8221;"},"content":{"rendered":"\n<p><span style=\"color: #000080;\">23 czerwca og\u0142osili\u015bmy wyniki konkursu z j\u0119zyka angielskiego &#8222;Words Champion&#8221;. Najwi\u0119ksz\u0105 ilo\u015b\u0107 punkt\u00f3w i I miejsce w szkole zdobyli: z klas 3 i 4 (startuj\u0105c dru\u017cynowo) Aleksandra Ci\u0119\u017cka i Maciej Grzeszczuk &#8211; uczniowie p. Moniki Czulak, z klas 5, 6 Dawid Ka\u0144ski i Jakub Lackowski &#8211; uczniowie p. Anny Lewandowskiej, z klas 7, 8 Patrycja Ba\u0142szan i Maciej Borz\u0119cki &#8211; uczniowie p. J. Przybik. Dawid Ka\u0144ski i Jakub Lackowski zdobyli liczb\u0119 punkt\u00f3w, kt\u00f3ra da\u0142a im III miejsce w Polsce. Dzi\u0119kujemy wszystkim uczestnikom za wysi\u0142ek w\u0142o\u017cony w przygotowanie do konkursu. Gratulujemy!<\/span><\/p>\nngg_shortcode_0_placeholder\n<p>&nbsp;<\/p>\n","protected":false},"excerpt":{"rendered":"<p>23 czerwca og\u0142osili\u015bmy wyniki konkursu z j\u0119zyka angielskiego &#8222;Words Champion&#8221;. Najwi\u0119ksz\u0105 ilo\u015b\u0107 punkt\u00f3w i I miejsce w szkole zdobyli: z klas 3 i 4 (startuj\u0105c dru\u017cynowo) Aleksandra Ci\u0119\u017cka i Maciej Grzeszczuk &#8211; uczniowie p. Moniki Czulak, z klas 5, 6 Dawid Ka\u0144ski i Jakub Lackowski &#8211; uczniowie p. Anny Lewandowskiej, z klas 7, 8 Patrycja [&hellip;]<\/p>\n","protected":false},"author":2,"featured_media":0,"parent":5983,"menu_order":0,"comment_status":"closed","ping_status":"closed","template":"","meta":{"ngg_post_thumbnail":0,"footnotes":""},"class_list":["post-16439","page","type-page","status-publish","hentry"],"_links":{"self":[{"href":"https:\/\/sp1hrubieszow.pl\/index.php\/wp-json\/wp\/v2\/pages\/16439","targetHints":{"allow":["GET"]}}],"collection":[{"href":"https:\/\/sp1hrubieszow.pl\/index.php\/wp-json\/wp\/v2\/pages"}],"about":[{"href":"https:\/\/sp1hrubieszow.pl\/index.php\/wp-json\/wp\/v2\/types\/page"}],"author":[{"embeddable":true,"href":"https:\/\/sp1hrubieszow.pl\/index.php\/wp-json\/wp\/v2\/users\/2"}],"replies":[{"embeddable":true,"href":"https:\/\/sp1hrubieszow.pl\/index.php\/wp-json\/wp\/v2\/comments?post=16439"}],"version-history":[{"count":1,"href":"https:\/\/sp1hrubieszow.pl\/index.php\/wp-json\/wp\/v2\/pages\/16439\/revisions"}],"predecessor-version":[{"id":16440,"href":"https:\/\/sp1hrubieszow.pl\/index.php\/wp-json\/wp\/v2\/pages\/16439\/revisions\/16440"}],"up":[{"embeddable":true,"href":"https:\/\/sp1hrubieszow.pl\/index.php\/wp-json\/wp\/v2\/pages\/5983"}],"wp:attachment":[{"href":"https:\/\/sp1hrubieszow.pl\/index.php\/wp-json\/wp\/v2\/media?parent=16439"}],"curies":[{"name":"wp","href":"https:\/\/api.w.org\/{rel}","templated":true}]}}