{"id":16413,"date":"2022-06-23T17:20:22","date_gmt":"2022-06-23T15:20:22","guid":{"rendered":"https:\/\/sp1hrubieszow.pl\/?page_id=16413"},"modified":"2022-06-23T17:20:37","modified_gmt":"2022-06-23T15:20:37","slug":"co-mozna-robic-w-szkole-na-kilka-dni-przed-zakonczeniem-roku-szkolnego","status":"publish","type":"page","link":"https:\/\/sp1hrubieszow.pl\/index.php\/kronika-2020-2021\/co-mozna-robic-w-szkole-na-kilka-dni-przed-zakonczeniem-roku-szkolnego\/","title":{"rendered":"Co mo\u017cna robi\u0107 w szkole na kilka dni przed zako\u0144czeniem roku szkolnego?"},"content":{"rendered":"\n<div dir=\"auto\"><span style=\"color: #000080;\">Co mo\u017cna robi\u0107 w szkole na kilka dni przed zako\u0144czeniem roku szkolnego?<\/span><\/div>\n<div dir=\"auto\"><span style=\"color: #000080;\">Podr\u0119czniki oddane do biblioteki, zeszyty zapisane, podstawa programowa zrealizowana\u2026 w szkole nudy\u2026 Nudy???!!! Nie, wcale nie musi by\u0107 nudno. Uczniowie klasy 4b wraz z wychowawc\u0105 p. Mart\u0105 Lackowsk\u0105 bardzo dobrze wykorzystali ostatnie szkolne dni.<\/span><\/div>\n<div dir=\"auto\"><span style=\"color: #000080;\">W poniedzia\u0142ek zorganizowali\u015bmy klasowy turniej gier planszowych. We wtorek wybrali\u015bmy si\u0119 do restauracji Valentino na pizz\u0119 lub frytki i pyszn\u0105 lemoniad\u0119. Po zjedzeniu pyszno\u015bci, dziewcz\u0119ta zrobi\u0142y mini koncert piosenek wraz z uk\u0142adem tanecznym. W drodze powrotnej do szko\u0142y wst\u0105pili\u015bmy jeszcze na lody BOSKO. Mniam\u2026<\/span><\/div>\n<div dir=\"auto\"><span style=\"color: #000080;\">A w \u015brod\u0119 wyszli\u015bmy na szkolne boisko, by postrzela\u0107 do bramki tzw. karne. Ubawili\u015bmy si\u0119 wszyscy, poniewa\u017c okaza\u0142o si\u0119, \u017ce wychowawczyni nie nale\u017cy ani do super strzelc\u00f3w, ani do super bramkarzy <span class=\"pq6dq46d tbxw36s4 knj5qynh kvgmc6g5 ditlmg2l oygrvhab nvdbi5me sf5mxxl7 gl3lb2sf hhz5lgdu\"><img loading=\"lazy\" decoding=\"async\" src=\"https:\/\/static.xx.fbcdn.net\/images\/emoji.php\/v9\/t7f\/1\/16\/1f60a.png\" alt=\"?\" width=\"16\" height=\"16\"><\/span><\/span><\/div>\n<div dir=\"auto\"><span style=\"color: #000080;\">W czwartek uczestniczyli\u015bmy w Mszy \u015awi\u0119tej na zako\u0144czenie roku szkolnego. Mieli\u015bmy za co dzi\u0119kowa\u0107, bo to by\u0142 naprawd\u0119 dobry rok.<\/span><\/div>\n<div dir=\"auto\">\nngg_shortcode_0_placeholder\n<\/div>\n","protected":false},"excerpt":{"rendered":"<p>Co mo\u017cna robi\u0107 w szkole na kilka dni przed zako\u0144czeniem roku szkolnego? Podr\u0119czniki oddane do biblioteki, zeszyty zapisane, podstawa programowa zrealizowana\u2026 w szkole nudy\u2026 Nudy???!!! Nie, wcale nie musi by\u0107 nudno. Uczniowie klasy 4b wraz z wychowawc\u0105 p. Mart\u0105 Lackowsk\u0105 bardzo dobrze wykorzystali ostatnie szkolne dni. W poniedzia\u0142ek zorganizowali\u015bmy klasowy turniej gier planszowych. We wtorek [&hellip;]<\/p>\n","protected":false},"author":2,"featured_media":0,"parent":5983,"menu_order":0,"comment_status":"closed","ping_status":"closed","template":"","meta":{"ngg_post_thumbnail":0,"footnotes":""},"class_list":["post-16413","page","type-page","status-publish","hentry"],"_links":{"self":[{"href":"https:\/\/sp1hrubieszow.pl\/index.php\/wp-json\/wp\/v2\/pages\/16413","targetHints":{"allow":["GET"]}}],"collection":[{"href":"https:\/\/sp1hrubieszow.pl\/index.php\/wp-json\/wp\/v2\/pages"}],"about":[{"href":"https:\/\/sp1hrubieszow.pl\/index.php\/wp-json\/wp\/v2\/types\/page"}],"author":[{"embeddable":true,"href":"https:\/\/sp1hrubieszow.pl\/index.php\/wp-json\/wp\/v2\/users\/2"}],"replies":[{"embeddable":true,"href":"https:\/\/sp1hrubieszow.pl\/index.php\/wp-json\/wp\/v2\/comments?post=16413"}],"version-history":[{"count":1,"href":"https:\/\/sp1hrubieszow.pl\/index.php\/wp-json\/wp\/v2\/pages\/16413\/revisions"}],"predecessor-version":[{"id":16414,"href":"https:\/\/sp1hrubieszow.pl\/index.php\/wp-json\/wp\/v2\/pages\/16413\/revisions\/16414"}],"up":[{"embeddable":true,"href":"https:\/\/sp1hrubieszow.pl\/index.php\/wp-json\/wp\/v2\/pages\/5983"}],"wp:attachment":[{"href":"https:\/\/sp1hrubieszow.pl\/index.php\/wp-json\/wp\/v2\/media?parent=16413"}],"curies":[{"name":"wp","href":"https:\/\/api.w.org\/{rel}","templated":true}]}}