{"id":16374,"date":"2022-06-23T16:56:54","date_gmt":"2022-06-23T14:56:54","guid":{"rendered":"https:\/\/sp1hrubieszow.pl\/?page_id=16374"},"modified":"2022-06-23T16:57:25","modified_gmt":"2022-06-23T14:57:25","slug":"mistrzostwo-polski-dla-modelarzy-z-jedynki","status":"publish","type":"page","link":"https:\/\/sp1hrubieszow.pl\/index.php\/kronika-2020-2021\/mistrzostwo-polski-dla-modelarzy-z-jedynki\/","title":{"rendered":"Mistrzostwo Polski dla modelarzy z Jedynki"},"content":{"rendered":"\n<div class=\"cxmmr5t8 oygrvhab hcukyx3x c1et5uql o9v6fnle ii04i59q\">\n<div dir=\"auto\"><span style=\"color: #000080;\">Grupa zawodnik\u00f3w z Sekcji Modelarskiej Uczniowskiego Klubu Sportowego \u201eJedynka\u201d reprezentuj\u0105ca Hrubiesz\u00f3w wraz ze swym opiekunem Panem Leszkiem Kryszczukiem, uczestniczy\u0142a w Mistrzostwach Polski Modeli Lataj\u0105cych dla Junior\u00f3w M\u0142odszych.<\/span><\/div>\n<div dir=\"auto\"><span style=\"color: #000080;\">Og\u00f3lnopolskie zawody modelarskie odby\u0142y si\u0119 w dniach 18-19 czerwca 2022r. na lotnisku Aeroklubu Gliwickiego w Gliwicach.<\/span><\/div>\n<\/div>\n<div class=\"cxmmr5t8 oygrvhab hcukyx3x c1et5uql o9v6fnle ii04i59q\">\n<div dir=\"auto\"><span style=\"color: #000080;\">Uczniowie nasi wystartowali w konkurencjach:<\/span><\/div>\n<div dir=\"auto\"><span style=\"color: #000080;\">1. Gumieniak Pawe\u0142 F1H \u2013 F1Q\/M \u2013 S6A<\/span><\/div>\n<div dir=\"auto\"><span style=\"color: #000080;\">2. Kowalski Karol F1H \u2013 F1Q\/M \u2013 S6A<\/span><\/div>\n<div dir=\"auto\"><span style=\"color: #000080;\">3. Kacper Maciejczyk F1H \u2013 F1A\/M \u2013 S6A<\/span><\/div>\n<div dir=\"auto\"><span style=\"color: #000080;\">4. Kacper Ho\u0142uj F1H \u2013 F1Q\/M \u2013 F1G<\/span><\/div>\n<div dir=\"auto\"><span style=\"color: #000080;\">5. Poliszuk Miko\u0142aj F1H \u2013 F1A\/M<\/span><\/div>\n<div dir=\"auto\"><span style=\"color: #000080;\">6. Kmie\u0107 Jan F1H \u2013 F1A\/M<\/span><\/div>\n<\/div>\n<div class=\"cxmmr5t8 oygrvhab hcukyx3x c1et5uql o9v6fnle ii04i59q\">\n<div dir=\"auto\"><span style=\"color: #000080;\">Klasa modeli:<\/span><\/div>\n<div dir=\"auto\"><span style=\"color: #000080;\">Modele F1H \u2013 F1A\/M \u2013 modele swobodnie lataj\u0105ce<\/span><\/div>\n<div dir=\"auto\"><span style=\"color: #000080;\">Modele F1Q\/M \u2013 model z nap\u0119dem elektrycznym<\/span><\/div>\n<div dir=\"auto\"><span style=\"color: #000080;\">Modele F1G \u2013 model z nap\u0119dem gumowym<\/span><\/div>\n<div dir=\"auto\"><span style=\"color: #000080;\">Modele S6A \u2013 modele rakiet czasowych z ta\u015bm\u0105<\/span><\/div>\n<\/div>\n<div class=\"cxmmr5t8 oygrvhab hcukyx3x c1et5uql o9v6fnle ii04i59q\">\n<div dir=\"auto\"><span style=\"color: #000080;\">W zawodach wystartowa\u0142o ponad 100 zawodnik\u00f3w z ca\u0142ej Polski. Okaza\u0142o si\u0119, \u017ce w pi\u0119ciu klasach zdobyli\u015bmy nast\u0119puj\u0105ce medale: Pawe\u0142 Gumieniak zaj\u0105\u0142 2 miejsce i otrzyma\u0142 tytu\u0142 \u201eWicemistrz Polski\u201d w klasie modeli F1H i 3 miejsce w klasie modeli rakiet. Karol Kowalski w klasie modeli z nap\u0119dem elektrycznym uplasowa\u0142 si\u0119 na 3 miejscu i otrzyma\u0142 tytu\u0142 II Wicemistrz Polski, w klasie modeli F1G 3 miejsce zaj\u0105\u0142 Kacper Ho\u0142uj, a Miko\u0142aj Poliszuk w klasie modeli F1A\/M stan\u0105\u0142 na najni\u017cszym stopniu podium.<\/span><\/div>\n<div dir=\"auto\"><span style=\"color: #000080;\">Mi\u0142ym zaskoczeniem dla zawodnik\u00f3w i ternara by\u0142o og\u0142oszenie wynik\u00f3w dru\u017cynowych, na podstawie kt\u00f3rych sekcja modelarska Uczniowskiego Klubu Sportowego \u201eJedynka\u201d wygra\u0142a Mistrzostwa Polski.<\/span><\/div>\n<div dir=\"auto\"><span style=\"color: #000080;\">Zawody up\u0142yn\u0119\u0142y modelarzom w mi\u0142ej atmosferze sportowego wsp\u00f3\u0142zawodnictwa i przyja\u017ani z osobami, kt\u00f3re tak jak oni podzielaj\u0105 zami\u0142owanie do modelarstwa.<\/span><\/div>\n<div dir=\"auto\"><span style=\"color: #000080;\">Osi\u0105gni\u0119ty sukces cieszy zar\u00f3wno zawodnik\u00f3w jak i ich opiekuna oraz mobilizuje do dalszej, sumiennej pracy na zaj\u0119ciach modelarskich, kt\u00f3re ka\u017cdego tygodnia odbywaj\u0105 si\u0119 w szkolnej modelarni.<\/span><\/div>\n<\/div>\n<div class=\"cxmmr5t8 oygrvhab hcukyx3x c1et5uql o9v6fnle ii04i59q\">\n<div dir=\"auto\"><span style=\"color: #000080;\">Udzia\u0142 w zawodach mo\u017cliwy by\u0142 dzi\u0119ki przychylno\u015bci i wsparciu Burmistrza Miasta Hrubieszowa Pani Marty Majewskiej oraz Banku Sp\u00f3\u0142dzielczego<\/span><\/div>\n<div dir=\"auto\"><span style=\"color: #000080;\">w Izbicy.<\/span><\/div>\n<div dir=\"auto\">\nngg_shortcode_0_placeholder\n<\/div>\n<\/div>\n","protected":false},"excerpt":{"rendered":"<p>Grupa zawodnik\u00f3w z Sekcji Modelarskiej Uczniowskiego Klubu Sportowego \u201eJedynka\u201d reprezentuj\u0105ca Hrubiesz\u00f3w wraz ze swym opiekunem Panem Leszkiem Kryszczukiem, uczestniczy\u0142a w Mistrzostwach Polski Modeli Lataj\u0105cych dla Junior\u00f3w M\u0142odszych. Og\u00f3lnopolskie zawody modelarskie odby\u0142y si\u0119 w dniach 18-19 czerwca 2022r. na lotnisku Aeroklubu Gliwickiego w Gliwicach. Uczniowie nasi wystartowali w konkurencjach: 1. Gumieniak Pawe\u0142 F1H \u2013 F1Q\/M \u2013 [&hellip;]<\/p>\n","protected":false},"author":2,"featured_media":0,"parent":5983,"menu_order":0,"comment_status":"closed","ping_status":"closed","template":"","meta":{"ngg_post_thumbnail":0,"footnotes":""},"class_list":["post-16374","page","type-page","status-publish","hentry"],"_links":{"self":[{"href":"https:\/\/sp1hrubieszow.pl\/index.php\/wp-json\/wp\/v2\/pages\/16374","targetHints":{"allow":["GET"]}}],"collection":[{"href":"https:\/\/sp1hrubieszow.pl\/index.php\/wp-json\/wp\/v2\/pages"}],"about":[{"href":"https:\/\/sp1hrubieszow.pl\/index.php\/wp-json\/wp\/v2\/types\/page"}],"author":[{"embeddable":true,"href":"https:\/\/sp1hrubieszow.pl\/index.php\/wp-json\/wp\/v2\/users\/2"}],"replies":[{"embeddable":true,"href":"https:\/\/sp1hrubieszow.pl\/index.php\/wp-json\/wp\/v2\/comments?post=16374"}],"version-history":[{"count":1,"href":"https:\/\/sp1hrubieszow.pl\/index.php\/wp-json\/wp\/v2\/pages\/16374\/revisions"}],"predecessor-version":[{"id":16375,"href":"https:\/\/sp1hrubieszow.pl\/index.php\/wp-json\/wp\/v2\/pages\/16374\/revisions\/16375"}],"up":[{"embeddable":true,"href":"https:\/\/sp1hrubieszow.pl\/index.php\/wp-json\/wp\/v2\/pages\/5983"}],"wp:attachment":[{"href":"https:\/\/sp1hrubieszow.pl\/index.php\/wp-json\/wp\/v2\/media?parent=16374"}],"curies":[{"name":"wp","href":"https:\/\/api.w.org\/{rel}","templated":true}]}}