{"id":16260,"date":"2022-06-23T10:32:53","date_gmt":"2022-06-23T08:32:53","guid":{"rendered":"https:\/\/sp1hrubieszow.pl\/?page_id=16260"},"modified":"2022-06-23T10:34:55","modified_gmt":"2022-06-23T08:34:55","slug":"spotkanie-z-instruktorami-wedkarstwa","status":"publish","type":"page","link":"https:\/\/sp1hrubieszow.pl\/index.php\/kronika-2020-2021\/spotkanie-z-instruktorami-wedkarstwa\/","title":{"rendered":"SPOTKANIE Z INSTRUKTORAMI W\u0118DKARSTWA"},"content":{"rendered":"\n<p><span style=\"color: #000080;\">22.06.2022 r. uczniowie klas 1-3 uczestniczyli w spotkaniu z instruktorami w\u0119dkarstwa. Panowie:&nbsp; S\u0142awomir Szczepanik, Arkadiusz Cie\u015bla, Krzysztof Za\u0142oga w bardzo ciekawy spos\u00f3b przybli\u017cyli uczniom informacje na temat gatunk\u00f3w ryb wyst\u0119puj\u0105cych w naszych wodach oraz sprz\u0119tu w\u0119dkarskiego. Uczniowie mieli mo\u017cliwo\u015b\u0107 wzi\u0119cia do r\u0119ki w\u0119dki, podbieraka, sp\u0142awik\u00f3w i sztucznej przyn\u0119ty. Dowiedzieli si\u0119 te\u017c, sk\u0105d bior\u0105 si\u0119 per\u0142y i jak odr\u00f3\u017cni\u0107 prawdziwe od sztucznych. Swoj\u0105 zr\u0119czno\u015b\u0107 i cierpliwo\u015b\u0107 dzieci sprawdza\u0142y podczas zabawy \u201e\u0142owienia\u201d ryb.<\/span><\/p>\n<p><span style=\"color: #000080;\">Instruktorzy zapoznali uczni\u00f3w z regulaminem po\u0142owu ryb oraz obowi\u0105zuj\u0105cych okresach ochronnych. Ogromn\u0105 rado\u015b\u0107 sprawi\u0142o dzieciom dotkni\u0119cie spreparowanego sandacza oraz skecz o \u015bpi\u0105cym w\u0119dkarzu. W nagrod\u0119 za aktywno\u015b\u0107 ka\u017cdy ucze\u0144 m\u00f3g\u0142 wsi\u0105\u015b\u0107 do pontonu, czyli lo\u017cy w\u0119dkarskiej.<\/span><\/p>\n<p><span style=\"color: #000080;\">Panowie przypomnieli uczniom jak wa\u017cne jest dbanie o \u015brodowisko i przebywanie na \u015bwie\u017cym powietrzu.<\/span><\/p>\n<p><span style=\"color: #000080;\">Miejmy nadziej\u0119, \u017ce niekt\u00f3rzy \u201epo\u0142kn\u0119li haczyk\u201d i w przysz\u0142o\u015bci b\u0119d\u0105 rozwija\u0107 swoje pasje zwi\u0105zane z w\u0119dkarstwem.<\/span><\/p>\nngg_shortcode_0_placeholder\n","protected":false},"excerpt":{"rendered":"<p>22.06.2022 r. uczniowie klas 1-3 uczestniczyli w spotkaniu z instruktorami w\u0119dkarstwa. Panowie:&nbsp; S\u0142awomir Szczepanik, Arkadiusz Cie\u015bla, Krzysztof Za\u0142oga w bardzo ciekawy spos\u00f3b przybli\u017cyli uczniom informacje na temat gatunk\u00f3w ryb wyst\u0119puj\u0105cych w naszych wodach oraz sprz\u0119tu w\u0119dkarskiego. Uczniowie mieli mo\u017cliwo\u015b\u0107 wzi\u0119cia do r\u0119ki w\u0119dki, podbieraka, sp\u0142awik\u00f3w i sztucznej przyn\u0119ty. Dowiedzieli si\u0119 te\u017c, sk\u0105d bior\u0105 si\u0119 per\u0142y [&hellip;]<\/p>\n","protected":false},"author":2,"featured_media":0,"parent":5983,"menu_order":0,"comment_status":"closed","ping_status":"closed","template":"","meta":{"ngg_post_thumbnail":0,"footnotes":""},"class_list":["post-16260","page","type-page","status-publish","hentry"],"_links":{"self":[{"href":"https:\/\/sp1hrubieszow.pl\/index.php\/wp-json\/wp\/v2\/pages\/16260","targetHints":{"allow":["GET"]}}],"collection":[{"href":"https:\/\/sp1hrubieszow.pl\/index.php\/wp-json\/wp\/v2\/pages"}],"about":[{"href":"https:\/\/sp1hrubieszow.pl\/index.php\/wp-json\/wp\/v2\/types\/page"}],"author":[{"embeddable":true,"href":"https:\/\/sp1hrubieszow.pl\/index.php\/wp-json\/wp\/v2\/users\/2"}],"replies":[{"embeddable":true,"href":"https:\/\/sp1hrubieszow.pl\/index.php\/wp-json\/wp\/v2\/comments?post=16260"}],"version-history":[{"count":1,"href":"https:\/\/sp1hrubieszow.pl\/index.php\/wp-json\/wp\/v2\/pages\/16260\/revisions"}],"predecessor-version":[{"id":16261,"href":"https:\/\/sp1hrubieszow.pl\/index.php\/wp-json\/wp\/v2\/pages\/16260\/revisions\/16261"}],"up":[{"embeddable":true,"href":"https:\/\/sp1hrubieszow.pl\/index.php\/wp-json\/wp\/v2\/pages\/5983"}],"wp:attachment":[{"href":"https:\/\/sp1hrubieszow.pl\/index.php\/wp-json\/wp\/v2\/media?parent=16260"}],"curies":[{"name":"wp","href":"https:\/\/api.w.org\/{rel}","templated":true}]}}