{"id":16222,"date":"2022-06-21T12:46:03","date_gmt":"2022-06-21T10:46:03","guid":{"rendered":"https:\/\/sp1hrubieszow.pl\/?page_id=16222"},"modified":"2022-06-21T12:46:38","modified_gmt":"2022-06-21T10:46:38","slug":"uroczyste-zakonczenie-roku-szkolnego-2021-2022","status":"publish","type":"page","link":"https:\/\/sp1hrubieszow.pl\/index.php\/kronika-2020-2021\/uroczyste-zakonczenie-roku-szkolnego-2021-2022\/","title":{"rendered":"Uroczyste zako\u0144czenie roku szkolnego 2021\/2022"},"content":{"rendered":"\n<p><img loading=\"lazy\" decoding=\"async\" class=\"alignnone size-medium wp-image-16221 aligncenter\" src=\"https:\/\/sp1hrubieszow.pl\/wp-content\/uploads\/2022\/06\/zakonczenie-300x183.jpg\" alt=\"\" width=\"300\" height=\"183\"><\/p>\n<p><span style=\"color: #000080;\">Msza \u015awi\u0119ta na zako\u0144czenie roku szkolnego w czwartek 23 czerwca o godzinie 8.30 w Ko\u015bciele Ducha \u015awi\u0119tego. Wyj\u015bcie uczni\u00f3w pod opiek\u0105 nauczycieli o godzinie 8.00.<\/span><\/p>\n<p><span style=\"color: #000080;\">Uroczyste zako\u0144czenie roku szkolnego 2021\/2022 w pi\u0105tek 24 czerwca o godzinie 8.00 na placu rekreacyjnym szko\u0142y.&nbsp;<\/span><\/p>\n<p><span style=\"color: #000080;\">Zapraszamy!<\/span><\/p>\n","protected":false},"excerpt":{"rendered":"<p>Msza \u015awi\u0119ta na zako\u0144czenie roku szkolnego w czwartek 23 czerwca o godzinie 8.30 w Ko\u015bciele Ducha \u015awi\u0119tego. Wyj\u015bcie uczni\u00f3w pod opiek\u0105 nauczycieli o godzinie 8.00. Uroczyste zako\u0144czenie roku szkolnego 2021\/2022 w pi\u0105tek 24 czerwca o godzinie 8.00 na placu rekreacyjnym szko\u0142y.&nbsp; Zapraszamy!<\/p>\n","protected":false},"author":2,"featured_media":0,"parent":5983,"menu_order":0,"comment_status":"closed","ping_status":"closed","template":"","meta":{"ngg_post_thumbnail":0,"footnotes":""},"class_list":["post-16222","page","type-page","status-publish","hentry"],"_links":{"self":[{"href":"https:\/\/sp1hrubieszow.pl\/index.php\/wp-json\/wp\/v2\/pages\/16222","targetHints":{"allow":["GET"]}}],"collection":[{"href":"https:\/\/sp1hrubieszow.pl\/index.php\/wp-json\/wp\/v2\/pages"}],"about":[{"href":"https:\/\/sp1hrubieszow.pl\/index.php\/wp-json\/wp\/v2\/types\/page"}],"author":[{"embeddable":true,"href":"https:\/\/sp1hrubieszow.pl\/index.php\/wp-json\/wp\/v2\/users\/2"}],"replies":[{"embeddable":true,"href":"https:\/\/sp1hrubieszow.pl\/index.php\/wp-json\/wp\/v2\/comments?post=16222"}],"version-history":[{"count":1,"href":"https:\/\/sp1hrubieszow.pl\/index.php\/wp-json\/wp\/v2\/pages\/16222\/revisions"}],"predecessor-version":[{"id":16223,"href":"https:\/\/sp1hrubieszow.pl\/index.php\/wp-json\/wp\/v2\/pages\/16222\/revisions\/16223"}],"up":[{"embeddable":true,"href":"https:\/\/sp1hrubieszow.pl\/index.php\/wp-json\/wp\/v2\/pages\/5983"}],"wp:attachment":[{"href":"https:\/\/sp1hrubieszow.pl\/index.php\/wp-json\/wp\/v2\/media?parent=16222"}],"curies":[{"name":"wp","href":"https:\/\/api.w.org\/{rel}","templated":true}]}}