{"id":16213,"date":"2022-06-20T16:15:45","date_gmt":"2022-06-20T14:15:45","guid":{"rendered":"https:\/\/sp1hrubieszow.pl\/?page_id=16213"},"modified":"2022-06-22T19:36:28","modified_gmt":"2022-06-22T17:36:28","slug":"lekcja-otwarta-w-ramach-innowacji-pedagogicznej","status":"publish","type":"page","link":"https:\/\/sp1hrubieszow.pl\/index.php\/kronika-2020-2021\/lekcja-otwarta-w-ramach-innowacji-pedagogicznej\/","title":{"rendered":"Lekcja otwarta w  ramach innowacji pedagogicznej"},"content":{"rendered":"\n<p style=\"text-align: right;\"><span style=\"color: #000080;\"><em>Kreatywno\u015b\u0107 jest wa\u017cna tak samo jak nauka pisania i czytania.<\/em><\/span><\/p>\n<p style=\"text-align: right;\"><span style=\"color: #000080;\">Ken Robinson<\/span><\/p>\n<p style=\"text-align: left;\"><span style=\"color: #000080;\">09 czerwca przeprowadzi\u0142am w klasie 4 b lekcj\u0119 otwart\u0105, kt\u00f3rej tematem by\u0142a&nbsp;<em>Kreatywno\u015b\u0107, czyli samodzielno\u015b\u0107 poza schematem<\/em>. Zaj\u0119cia odby\u0142y si\u0119 w ramach realizowanej przeze mnie innowacji pedagogicznej <em>DBAM O SIEBIE, DBAM O \u015aWIAT!- wychowanie do osobistego rozwoju<\/em>. Podczas lekcji uczniowie \u015bwietnie si\u0119 bawili wykonuj\u0105c przygotowane zadania. W ramach rozgrzewki wykonali zadanie polegaj\u0105ce na wypisaniu r\u00f3\u017cnych okre\u015ble\u0144 na kolor bia\u0142y, np. mleczny, konwaliowy itp. W grupach opracowywali odpowiedzi na pytania: Co by by\u0142o, gdyby nie by\u0142o piasku na pla\u017cy?; Co by by\u0142o, gdyby nie pada\u0142 deszcz?; Co by by\u0142o, gdyby w szkolnej bibliotece nie by\u0142o ksi\u0105\u017cek? Poza tym ka\u017cda grupa wymy\u015bla\u0142a promocje przedmiotu, kt\u00f3ry nie istnieje. Uczniowie musieli ten przedmiot nazwa\u0107, powiedzie\u0107 co\u015b o jego funkcji oraz go zareklamowa\u0107 przed klas\u0105.<\/span><\/p>\n<p style=\"text-align: left;\"><span style=\"color: #000080;\">Na zako\u0144czenie obejrzeli\u015bmy filmik Krzysztofa Gonciarza <em>Nie da si\u0119 tego zrobi\u0107<\/em>, kt\u00f3ry zach\u0119ca nas, aby uwolni\u0107 sw\u00f3j potencja\u0142.<\/span><\/p>\n<p style=\"text-align: left;\"><span style=\"color: #000080;\">Lekcja zosta\u0142a przygotowana w oparciu o scenariusz z ksi\u0105\u017cki <em>Wychowanie do osobistego rozwoju <\/em>autorstwa Katarzyny Skolimowskiej i Marzeny Kud.<\/span><\/p>\n<p style=\"text-align: left;\"><span style=\"color: #000080;\">Bardzo serdecznie dzi\u0119kuj\u0119 pani Dyrektor Edycie Kucharskiej oraz moim kole\u017cankom za obecno\u015b\u0107 na otwartej lekcji, a moim wychowankom z klasy 4 b za dobr\u0105 zabaw\u0119 i zaanga\u017cowanie w wykonywane zadania.<\/span><\/p>\n<p style=\"text-align: right;\"><span style=\"color: #000080;\">Marta Lackowska&nbsp;<\/span><\/p>\nngg_shortcode_0_placeholder\n","protected":false},"excerpt":{"rendered":"<p>Kreatywno\u015b\u0107 jest wa\u017cna tak samo jak nauka pisania i czytania. Ken Robinson 09 czerwca przeprowadzi\u0142am w klasie 4 b lekcj\u0119 otwart\u0105, kt\u00f3rej tematem by\u0142a&nbsp;Kreatywno\u015b\u0107, czyli samodzielno\u015b\u0107 poza schematem. Zaj\u0119cia odby\u0142y si\u0119 w ramach realizowanej przeze mnie innowacji pedagogicznej DBAM O SIEBIE, DBAM O \u015aWIAT!- wychowanie do osobistego rozwoju. Podczas lekcji uczniowie \u015bwietnie si\u0119 bawili wykonuj\u0105c [&hellip;]<\/p>\n","protected":false},"author":2,"featured_media":0,"parent":5983,"menu_order":0,"comment_status":"closed","ping_status":"closed","template":"","meta":{"ngg_post_thumbnail":0,"footnotes":""},"class_list":["post-16213","page","type-page","status-publish","hentry"],"_links":{"self":[{"href":"https:\/\/sp1hrubieszow.pl\/index.php\/wp-json\/wp\/v2\/pages\/16213","targetHints":{"allow":["GET"]}}],"collection":[{"href":"https:\/\/sp1hrubieszow.pl\/index.php\/wp-json\/wp\/v2\/pages"}],"about":[{"href":"https:\/\/sp1hrubieszow.pl\/index.php\/wp-json\/wp\/v2\/types\/page"}],"author":[{"embeddable":true,"href":"https:\/\/sp1hrubieszow.pl\/index.php\/wp-json\/wp\/v2\/users\/2"}],"replies":[{"embeddable":true,"href":"https:\/\/sp1hrubieszow.pl\/index.php\/wp-json\/wp\/v2\/comments?post=16213"}],"version-history":[{"count":2,"href":"https:\/\/sp1hrubieszow.pl\/index.php\/wp-json\/wp\/v2\/pages\/16213\/revisions"}],"predecessor-version":[{"id":16217,"href":"https:\/\/sp1hrubieszow.pl\/index.php\/wp-json\/wp\/v2\/pages\/16213\/revisions\/16217"}],"up":[{"embeddable":true,"href":"https:\/\/sp1hrubieszow.pl\/index.php\/wp-json\/wp\/v2\/pages\/5983"}],"wp:attachment":[{"href":"https:\/\/sp1hrubieszow.pl\/index.php\/wp-json\/wp\/v2\/media?parent=16213"}],"curies":[{"name":"wp","href":"https:\/\/api.w.org\/{rel}","templated":true}]}}