{"id":16180,"date":"2022-06-20T10:20:24","date_gmt":"2022-06-20T08:20:24","guid":{"rendered":"https:\/\/sp1hrubieszow.pl\/?page_id=16180"},"modified":"2022-06-20T10:21:02","modified_gmt":"2022-06-20T08:21:02","slug":"wizyta-w-staszicu","status":"publish","type":"page","link":"https:\/\/sp1hrubieszow.pl\/index.php\/kronika-2020-2021\/wizyta-w-staszicu\/","title":{"rendered":"WIZYTA W \u201eSTASZICU\u201d"},"content":{"rendered":"\n<p><span style=\"color: #000080;\">10 czerwca 2022 r. uczniowie klas \u00f3smych indywidualnie i pod opiek\u0105 p. Ma\u0142gorzaty Szumiaty byli na dniu otwartym w&nbsp;Liceum Og\u00f3lnokszta\u0142c\u0105cym im. Stanis\u0142awa Staszica w Hrubieszowie. By\u0142o pi\u0119knie, kolorowo, weso\u0142o. Zapoznali\u015bmy si\u0119 z ofert\u0105 edukacyjn\u0105 szko\u0142y. Wielu uczni\u00f3w ju\u017c poczu\u0142o si\u0119 jak u&nbsp;siebie.<\/span><\/p>\nngg_shortcode_0_placeholder\n","protected":false},"excerpt":{"rendered":"<p>10 czerwca 2022 r. uczniowie klas \u00f3smych indywidualnie i pod opiek\u0105 p. Ma\u0142gorzaty Szumiaty byli na dniu otwartym w&nbsp;Liceum Og\u00f3lnokszta\u0142c\u0105cym im. Stanis\u0142awa Staszica w Hrubieszowie. By\u0142o pi\u0119knie, kolorowo, weso\u0142o. Zapoznali\u015bmy si\u0119 z ofert\u0105 edukacyjn\u0105 szko\u0142y. Wielu uczni\u00f3w ju\u017c poczu\u0142o si\u0119 jak u&nbsp;siebie.<\/p>\n","protected":false},"author":2,"featured_media":0,"parent":5983,"menu_order":0,"comment_status":"closed","ping_status":"closed","template":"","meta":{"ngg_post_thumbnail":0,"footnotes":""},"class_list":["post-16180","page","type-page","status-publish","hentry"],"_links":{"self":[{"href":"https:\/\/sp1hrubieszow.pl\/index.php\/wp-json\/wp\/v2\/pages\/16180","targetHints":{"allow":["GET"]}}],"collection":[{"href":"https:\/\/sp1hrubieszow.pl\/index.php\/wp-json\/wp\/v2\/pages"}],"about":[{"href":"https:\/\/sp1hrubieszow.pl\/index.php\/wp-json\/wp\/v2\/types\/page"}],"author":[{"embeddable":true,"href":"https:\/\/sp1hrubieszow.pl\/index.php\/wp-json\/wp\/v2\/users\/2"}],"replies":[{"embeddable":true,"href":"https:\/\/sp1hrubieszow.pl\/index.php\/wp-json\/wp\/v2\/comments?post=16180"}],"version-history":[{"count":1,"href":"https:\/\/sp1hrubieszow.pl\/index.php\/wp-json\/wp\/v2\/pages\/16180\/revisions"}],"predecessor-version":[{"id":16181,"href":"https:\/\/sp1hrubieszow.pl\/index.php\/wp-json\/wp\/v2\/pages\/16180\/revisions\/16181"}],"up":[{"embeddable":true,"href":"https:\/\/sp1hrubieszow.pl\/index.php\/wp-json\/wp\/v2\/pages\/5983"}],"wp:attachment":[{"href":"https:\/\/sp1hrubieszow.pl\/index.php\/wp-json\/wp\/v2\/media?parent=16180"}],"curies":[{"name":"wp","href":"https:\/\/api.w.org\/{rel}","templated":true}]}}