{"id":16168,"date":"2022-06-19T13:39:59","date_gmt":"2022-06-19T11:39:59","guid":{"rendered":"https:\/\/sp1hrubieszow.pl\/?page_id=16168"},"modified":"2022-06-20T10:57:11","modified_gmt":"2022-06-20T08:57:11","slug":"sukcesy-w-ogolnopolskim-konkursie-profilaktycznym-w-tandemie-sila-profilaktyka-uniwersalna-w-domu-i-w-szkole","status":"publish","type":"page","link":"https:\/\/sp1hrubieszow.pl\/index.php\/kronika-2020-2021\/sukcesy-w-ogolnopolskim-konkursie-profilaktycznym-w-tandemie-sila-profilaktyka-uniwersalna-w-domu-i-w-szkole\/","title":{"rendered":"Sukcesy w og\u00f3lnopolskim konkursie profilaktycznym \u201eW TANDEMie si\u0142a! Profilaktyka uniwersalna w domu i w szkole\u201d"},"content":{"rendered":"\n<div class=\"cxmmr5t8 oygrvhab hcukyx3x c1et5uql o9v6fnle ii04i59q\">\n<div dir=\"auto\"><span style=\"color: #000080;\">15.06.2022r. rozstrzygni\u0119to og\u00f3lnopolski konkurs \u201eW TANDEMie si\u0142a! Profilaktyka uniwersalna w domu i w szkole\u201d, w kt\u00f3rym bra\u0142a udzia\u0142 Szko\u0142a Podstawowa Nr 1 im. Boles\u0142awa Prusa w Hrubieszowie.<\/span><\/div>\n<\/div>\n<div class=\"cxmmr5t8 oygrvhab hcukyx3x c1et5uql o9v6fnle ii04i59q\">\n<div dir=\"auto\"><span style=\"color: #000080;\">Mi\u0142o nam poinformowa\u0107, \u017ce uczennice: Gabriela Osma\u0144ska z kl. IVb oraz Martyna Osma\u0144ska z klasy VIIIc, zosta\u0142y laureatkami og\u00f3lnopolskiego konkursu w kategorii klas IV-VIII, zdobywaj\u0105c I miejsce w konkursie na profilaktyczn\u0105 gr\u0119 planszow\u0105\/karcian\u0105<span class=\"pq6dq46d tbxw36s4 knj5qynh kvgmc6g5 ditlmg2l oygrvhab nvdbi5me sf5mxxl7 gl3lb2sf hhz5lgdu\"><img loading=\"lazy\" decoding=\"async\" src=\"https:\/\/static.xx.fbcdn.net\/images\/emoji.php\/v9\/t4c\/1\/16\/1f642.png\" alt=\"?\" width=\"16\" height=\"16\"><\/span> Dziewcz\u0119ta wykona\u0142y gr\u0119 pt. &#8222;Wolni od u\u017cywek&#8221;. Zgodnie z wymogami konkursowymi, gra przed wysy\u0142k\u0105 na konkurs by\u0142a testowana przez kole\u017canki i koleg\u00f3w z klas, do kt\u00f3rych ucz\u0119szczaj\u0105 autorki gry, na godzinach wychowawczych. Opiekunem uczennic by\u0142a p. Marta Kuczy\u0144ska, pedagog szkolny.<\/span><\/div>\n<\/div>\n<div class=\"cxmmr5t8 oygrvhab hcukyx3x c1et5uql o9v6fnle ii04i59q\">\n<div dir=\"auto\"><span style=\"color: #000080;\">W tym samym konkursie, w kategorii dla szk\u00f3\u0142 podstawowych, Szko\u0142a Podstawowa Nr 1 im. Boles\u0142awa Prusa w Hrubieszowie, zaj\u0119\u0142a III miejsce w Polsce, za organizacj\u0119 &#8222;Dnia Zdrowia Psychicznego&#8221;. &#8222;Dzie\u0144 Zdrowia Psychicznego&#8221; zorganizowano 18.05.2022r.<\/span><\/div>\n<div dir=\"auto\"><span style=\"color: #000080;\">W ramach tego wydarzenia w szkole odby\u0142y si\u0119:<\/span><\/div>\n<div dir=\"auto\"><span style=\"color: #000080;\">-zaj\u0119cia wychowawcze, dotycz\u0105ce zdrowego stylu \u017cycia, umiej\u0119tno\u015bci dbania o swoje zdrowie fizyczne i psychiczne, prowadzone przez wychowawc\u00f3w i pedagoga szkolnego,<\/span><\/div>\n<div dir=\"auto\"><span style=\"color: #000080;\">&#8211; konkurs na gazetk\u0119 profilaktyczn\u0105\/plakat, do kt\u00f3rego przyst\u0105pi\u0142y klasy w dw\u00f3ch kategoriach wiekowych kl. I-III i IV-VIII, zako\u0144czony wr\u0119czeniem dyplom\u00f3w i nagr\u00f3d w postaci gier planszowych,<\/span><\/div>\n<div dir=\"auto\"><span style=\"color: #000080;\">&#8211; tor z wykorzystaniem Alkogogli i Narkogogli, maj\u0105cy na celu ukazanie m\u0142odzie\u017cy faktu w jaki spos\u00f3b u\u017cywki zmieniaj\u0105 i zafa\u0142szowuj\u0105 rzeczywisto\u015b\u0107,<\/span><\/div>\n<div dir=\"auto\"><span style=\"color: #000080;\">-gazetka profilaktyczna wykonana przez pedagog szkolnego,<\/span><\/div>\n<div dir=\"auto\"><span style=\"color: #000080;\">-zorganizowanie &#8222;Wystawy ksi\u0105\u017cek o emocjach&#8221; w szkolnej bibliotece.<\/span><\/div>\n<div dir=\"auto\"><span style=\"color: #000080;\">Za przygotowanie pracy konkursowej w tej kategorii odpowiedzialna by\u0142a p. Marta Kuczy\u0144ska, pedagog szkolny, we wsp\u00f3\u0142pracy z Samorz\u0105dem Uczniowskim oraz wychowawcami klas.<\/span><\/div>\n<\/div>\n<div class=\"cxmmr5t8 oygrvhab hcukyx3x c1et5uql o9v6fnle ii04i59q\">\n<div dir=\"auto\"><span style=\"color: #000080;\">Informacj\u0119 o og\u0142oszeniu wynik\u00f3w konkursu mo\u017cna przeczyta\u0107 na stronie organizatora konkursu tandemwarsztaty.pl.<\/span><\/div>\n<div dir=\"auto\"><span style=\"color: #000080;\">Link poni\u017cej:<\/span><\/div>\n<\/div>\n<div class=\"cxmmr5t8 oygrvhab hcukyx3x c1et5uql o9v6fnle ii04i59q\">\n<div dir=\"auto\"><span style=\"color: #000080;\"><a class=\"oajrlxb2 g5ia77u1 qu0x051f esr5mh6w e9989ue4 r7d6kgcz rq0escxv nhd2j8a9 nc684nl6 p7hjln8o kvgmc6g5 cxmmr5t8 oygrvhab hcukyx3x jb3vyjys rz4wbd8a qt6c0cv9 a8nywdso i1ao9s8h esuyzwwr f1sip0of lzcic4wl gpro0wi8 py34i1dx\" style=\"color: #000080;\" tabindex=\"0\" role=\"link\" href=\"https:\/\/l.facebook.com\/l.php?u=https%3A%2F%2Ftandemwarsztaty.pl%2Fkonkurs%2F%3Ffbclid%3DIwAR2tKPI-U_m55SvY1xA4D3jlV59XPKNvSUxkhkeEadeJ0jTHXlzVb-nkcmc&amp;h=AT2LMXMrB6FhhPyPkQ-JSKd5efIEPAigW_xw9DUpgGWFRJgJvLc8jHuXCGONZVUikoCi4GndndBy1tNE1KbcqXEucGqdx1Iet_azPbBgWVmMQWBueoGt76bpJdBoX2kwdtDQ&amp;__tn__=-UK-R&amp;c[0]=AT1hWQd1wje5z6kmWiF5mkIKnYu3eAzBC7ZuSL-apr9kG12Kd0SINeAitSkevQ6bu2SA-fWS1jXTzr2DAf6NmpqmSw_5J4-1ocISw3nAG-3aH685Lw1AVcuTiXvXKoo8c_TKbAalcD5TXQPgA3H2pLN8G291CGhmSlusF5TBC_C4I-o5_WotdZeEpgBjgqbnfOaUuKc4FCZpYnV5Ez5NSZcJAJNVX0UVvNo\" target=\"_blank\" rel=\"nofollow noopener\">https:\/\/tandemwarsztaty.pl\/konkurs\/&#8230;<\/a><\/span><\/div>\n<\/div>\n<div class=\"cxmmr5t8 oygrvhab hcukyx3x c1et5uql o9v6fnle ii04i59q\">\n<div dir=\"auto\"><span style=\"color: #000080;\">Uczennice Gabriela Osma\u0144ska i Martyna Osma\u0144ska, za zaj\u0119cie I miejsca, otrzymaj\u0105 atrakcyjne nagrody indywidualne, ufundowane przez sponsor\u00f3w konkursu. Nagrody zostan\u0105 przes\u0142ane przez organizatora konkursu na adres szko\u0142y.<\/span><\/div>\n<div dir=\"auto\"><span style=\"color: #000080;\">Szko\u0142a Podstawowa Nr 1 w Hrubieszowie, za zaj\u0119cia III miejsca otrzyma nagrod\u0119 o warto\u015bci 1 000 z\u0142;<\/span><\/div>\n<div dir=\"auto\"><span style=\"color: #000080;\">-Wywiad\u00f3wka profilaktyczna dla rodzic\u00f3w w formie online (temat wybrany z przes\u0142anej oferty) prowadzona przez firm\u0119 TANDEM \u2013 warsztaty,<\/span><\/div>\n<div dir=\"auto\"><span style=\"color: #000080;\">-Zestaw 12. pi\u0142eczek pe\u0142nych emocji oraz \u201eNarz\u0119dziownik\u201d dla nauczycieli <a class=\"oajrlxb2 g5ia77u1 qu0x051f esr5mh6w e9989ue4 r7d6kgcz rq0escxv nhd2j8a9 nc684nl6 p7hjln8o kvgmc6g5 cxmmr5t8 oygrvhab hcukyx3x jb3vyjys rz4wbd8a qt6c0cv9 a8nywdso i1ao9s8h esuyzwwr f1sip0of lzcic4wl gpro0wi8 py34i1dx\" style=\"color: #000080;\" tabindex=\"0\" role=\"link\" href=\"https:\/\/l.facebook.com\/l.php?u=http%3A%2F%2Fwww.tandemwarsztaty.pl%2Fsklep%3Ffbclid%3DIwAR2njBuvVEUZF4R35I0iejz9Unqa_otWtFTzE0jmLkenTn0gjNyhOlIDj6A&amp;h=AT0SaczresylrdBKuTtchFNvlQU9gAsbVHfXmGQ_Qdq3uutfipZvRMsn80krmBQkDVHzRHYyBO4K2D0lKhV9shV0PlSGSG1s1NlgwyagHLC2PZXXSlJ1vYun5TjYGDepGjEe&amp;__tn__=-UK-R&amp;c[0]=AT1hWQd1wje5z6kmWiF5mkIKnYu3eAzBC7ZuSL-apr9kG12Kd0SINeAitSkevQ6bu2SA-fWS1jXTzr2DAf6NmpqmSw_5J4-1ocISw3nAG-3aH685Lw1AVcuTiXvXKoo8c_TKbAalcD5TXQPgA3H2pLN8G291CGhmSlusF5TBC_C4I-o5_WotdZeEpgBjgqbnfOaUuKc4FCZpYnV5Ez5NSZcJAJNVX0UVvNo\" target=\"_blank\" rel=\"nofollow noopener\">www.tandemwarsztaty.pl\/sklep<\/a>,<\/span><\/div>\n<div dir=\"auto\"><span style=\"color: #000080;\">-nagrody w postaci elektrostatycznych arkuszy od marki SymbioMediaGroup,<\/span><\/div>\n<div dir=\"auto\"><span style=\"color: #000080;\">-nagrody plastyczne od marki AMOS i Fiorello,<\/span><\/div>\n<div dir=\"auto\"><span style=\"color: #000080;\">-zestaw kreatywnych i ekologicznych klock\u00f3w marki Linden<\/span><\/div>\n<\/div>\n<div class=\"cxmmr5t8 oygrvhab hcukyx3x c1et5uql o9v6fnle ii04i59q\">\n<div dir=\"auto\"><span style=\"color: #000080;\">Celem konkursu &#8222;W TANDEMie si\u0142a! Profilaktyka uniwersalna w domu i w szkole&#8221;, w kt\u00f3rym wzi\u0119\u0142a udzia\u0142 Szko\u0142a Podstawowa Nr 1 im. Boles\u0142awa Prusa w Hrubieszowie, jest szerzenie idei dobrej profilaktyki uniwersalnej, w tym profilaktyki w zakresie zdrowia psychicznego w spo\u0142eczno\u015bci szkolnej poprzez anga\u017cowanie uczni\u00f3w, rodzic\u00f3w, specjalist\u00f3w szkolnych, wychowawc\u00f3w, nauczycieli i Samorz\u0105du Uczniowskiego.<\/span><\/div>\n<div dir=\"auto\"><span style=\"color: #000080;\">Najwi\u0119ksz\u0105 warto\u015bci\u0105 jest fakt, \u017ce osi\u0105gn\u0119li\u015bmy ten sukces razem, podczas fantastycznej wsp\u00f3\u0142pracy ca\u0142ej spo\u0142eczno\u015bci szkolnej.<\/span><\/div>\n<\/div>\n<div dir=\"auto\">&nbsp;<\/div>\n<div dir=\"auto\"><a href=\"https:\/\/youtu.be\/OjE2xQbNaJc\"><span style=\"color: #000080;\"><strong>https:\/\/youtu.be\/OjE2xQbNaJc<\/strong><\/span><\/a><\/div>\n<div class=\"cxmmr5t8 oygrvhab hcukyx3x c1et5uql o9v6fnle ii04i59q\">\n<div dir=\"auto\">\nngg_shortcode_0_placeholder\n<\/div>\n<\/div>\n","protected":false},"excerpt":{"rendered":"<p>15.06.2022r. rozstrzygni\u0119to og\u00f3lnopolski konkurs \u201eW TANDEMie si\u0142a! Profilaktyka uniwersalna w domu i w szkole\u201d, w kt\u00f3rym bra\u0142a udzia\u0142 Szko\u0142a Podstawowa Nr 1 im. Boles\u0142awa Prusa w Hrubieszowie. Mi\u0142o nam poinformowa\u0107, \u017ce uczennice: Gabriela Osma\u0144ska z kl. IVb oraz Martyna Osma\u0144ska z klasy VIIIc, zosta\u0142y laureatkami og\u00f3lnopolskiego konkursu w kategorii klas IV-VIII, zdobywaj\u0105c I miejsce w [&hellip;]<\/p>\n","protected":false},"author":2,"featured_media":0,"parent":5983,"menu_order":0,"comment_status":"closed","ping_status":"closed","template":"","meta":{"ngg_post_thumbnail":0,"footnotes":""},"class_list":["post-16168","page","type-page","status-publish","hentry"],"_links":{"self":[{"href":"https:\/\/sp1hrubieszow.pl\/index.php\/wp-json\/wp\/v2\/pages\/16168","targetHints":{"allow":["GET"]}}],"collection":[{"href":"https:\/\/sp1hrubieszow.pl\/index.php\/wp-json\/wp\/v2\/pages"}],"about":[{"href":"https:\/\/sp1hrubieszow.pl\/index.php\/wp-json\/wp\/v2\/types\/page"}],"author":[{"embeddable":true,"href":"https:\/\/sp1hrubieszow.pl\/index.php\/wp-json\/wp\/v2\/users\/2"}],"replies":[{"embeddable":true,"href":"https:\/\/sp1hrubieszow.pl\/index.php\/wp-json\/wp\/v2\/comments?post=16168"}],"version-history":[{"count":3,"href":"https:\/\/sp1hrubieszow.pl\/index.php\/wp-json\/wp\/v2\/pages\/16168\/revisions"}],"predecessor-version":[{"id":16200,"href":"https:\/\/sp1hrubieszow.pl\/index.php\/wp-json\/wp\/v2\/pages\/16168\/revisions\/16200"}],"up":[{"embeddable":true,"href":"https:\/\/sp1hrubieszow.pl\/index.php\/wp-json\/wp\/v2\/pages\/5983"}],"wp:attachment":[{"href":"https:\/\/sp1hrubieszow.pl\/index.php\/wp-json\/wp\/v2\/media?parent=16168"}],"curies":[{"name":"wp","href":"https:\/\/api.w.org\/{rel}","templated":true}]}}