{"id":16122,"date":"2022-06-14T21:07:16","date_gmt":"2022-06-14T19:07:16","guid":{"rendered":"https:\/\/sp1hrubieszow.pl\/?page_id=16122"},"modified":"2022-06-14T21:07:39","modified_gmt":"2022-06-14T19:07:39","slug":"ratujemy-i-uczymy-ratowac","status":"publish","type":"page","link":"https:\/\/sp1hrubieszow.pl\/index.php\/kronika-2020-2021\/ratujemy-i-uczymy-ratowac\/","title":{"rendered":"Ratujemy i uczymy ratowa\u0107!"},"content":{"rendered":"\n<p><span style=\"color: #000080;\">13 czerwca 2022 r. opiekunowie Ma\u0142ego Samorz\u0105du Uczniowskiego zorganizowali zaj\u0119cia pt. \u201eRatujemy i uczymy ratowa\u0107\u201d, w kt\u00f3rych uczestniczyli przedstawiciele MSU oraz ch\u0119tni uczniowie z klasy 1b, 2 a&nbsp; oraz 3c. Do przeprowadzenia zaj\u0119\u0107 poproszono pani\u0105 Jolant\u0119 Korkosz oraz harcerki z klasy 8b. Pani Jola jest opiekunem PCK, a od kilku lat prowadzi tak\u017ce zaj\u0119cia z ratownictwa.<\/span><\/p>\n<p><span style=\"color: #000080;\">&nbsp;Uczniowie mieli mo\u017cliwo\u015b\u0107 poznania&nbsp; najwa\u017cniejszych czynno\u015bci, jakie trzeba wykona\u0107, \u017ceby udzieli\u0107 pierwszej pomocy przedmedycznej. Dzieci uczy\u0142y si\u0119 sprawdza\u0107 przytomno\u015b\u0107, wzywa\u0107 pomoc, sprawdza\u0107 oddech, u\u0142o\u017cy\u0107 osob\u0119 poszkodowan\u0105 w pozycji bocznej (gdy wyczuwalny jest oddech), wykonywa\u0142y te\u017c uciski klatki piersiowej na fantomie szkoleniowym. Utrwali\u0142y te\u017c numery alarmowe i zapozna\u0142y si\u0119 z wyposa\u017ceniem apteczki medycznej.<\/span><\/p>\n<p><span style=\"color: #000080;\">Na zako\u0144czenie ka\u017cdy uczestnik otrzyma\u0142 kolorowe ksi\u0105\u017ceczki z podstawowymi zasadami udzielania pierwszej pomocy.<\/span><\/p>\n<p><span style=\"color: #000080;\">Mamy nadziej\u0119, \u017ce wiedza jak\u0105 nabyli uczniowie nikomu nie b\u0119dzie potrzebna <\/span><br><span style=\"color: #000080;\">w praktyce, ale gdyby zasz\u0142a taka potrzeba uratuje komu\u015b \u017cycie.<\/span><\/p>\nngg_shortcode_0_placeholder\n<p>&nbsp;&nbsp;&nbsp;&nbsp;&nbsp;&nbsp;&nbsp;&nbsp;&nbsp;&nbsp;&nbsp;<\/p>\n","protected":false},"excerpt":{"rendered":"<p>13 czerwca 2022 r. opiekunowie Ma\u0142ego Samorz\u0105du Uczniowskiego zorganizowali zaj\u0119cia pt. \u201eRatujemy i uczymy ratowa\u0107\u201d, w kt\u00f3rych uczestniczyli przedstawiciele MSU oraz ch\u0119tni uczniowie z klasy 1b, 2 a&nbsp; oraz 3c. Do przeprowadzenia zaj\u0119\u0107 poproszono pani\u0105 Jolant\u0119 Korkosz oraz harcerki z klasy 8b. Pani Jola jest opiekunem PCK, a od kilku lat prowadzi tak\u017ce zaj\u0119cia z [&hellip;]<\/p>\n","protected":false},"author":2,"featured_media":0,"parent":5983,"menu_order":0,"comment_status":"closed","ping_status":"closed","template":"","meta":{"ngg_post_thumbnail":0,"footnotes":""},"class_list":["post-16122","page","type-page","status-publish","hentry"],"_links":{"self":[{"href":"https:\/\/sp1hrubieszow.pl\/index.php\/wp-json\/wp\/v2\/pages\/16122","targetHints":{"allow":["GET"]}}],"collection":[{"href":"https:\/\/sp1hrubieszow.pl\/index.php\/wp-json\/wp\/v2\/pages"}],"about":[{"href":"https:\/\/sp1hrubieszow.pl\/index.php\/wp-json\/wp\/v2\/types\/page"}],"author":[{"embeddable":true,"href":"https:\/\/sp1hrubieszow.pl\/index.php\/wp-json\/wp\/v2\/users\/2"}],"replies":[{"embeddable":true,"href":"https:\/\/sp1hrubieszow.pl\/index.php\/wp-json\/wp\/v2\/comments?post=16122"}],"version-history":[{"count":1,"href":"https:\/\/sp1hrubieszow.pl\/index.php\/wp-json\/wp\/v2\/pages\/16122\/revisions"}],"predecessor-version":[{"id":16123,"href":"https:\/\/sp1hrubieszow.pl\/index.php\/wp-json\/wp\/v2\/pages\/16122\/revisions\/16123"}],"up":[{"embeddable":true,"href":"https:\/\/sp1hrubieszow.pl\/index.php\/wp-json\/wp\/v2\/pages\/5983"}],"wp:attachment":[{"href":"https:\/\/sp1hrubieszow.pl\/index.php\/wp-json\/wp\/v2\/media?parent=16122"}],"curies":[{"name":"wp","href":"https:\/\/api.w.org\/{rel}","templated":true}]}}