{"id":16096,"date":"2022-06-12T07:16:05","date_gmt":"2022-06-12T05:16:05","guid":{"rendered":"https:\/\/sp1hrubieszow.pl\/?page_id=16096"},"modified":"2022-06-12T07:16:18","modified_gmt":"2022-06-12T05:16:18","slug":"gry-planszowe-na-swiezym-powietrzu","status":"publish","type":"page","link":"https:\/\/sp1hrubieszow.pl\/index.php\/kronika-2020-2021\/gry-planszowe-na-swiezym-powietrzu\/","title":{"rendered":"Gry planszowe na \u015bwie\u017cym powietrzu"},"content":{"rendered":"\n<p><span style=\"color: #000080;\">Z okazji 100 lat hrubieszowskiego sportu oraz 100 lat Miejskiej Biblioteki Publicznej, klasy 4a, 4b, 4c, 5c oraz uczennice klasy 7a uczestniczy\u0142y w zabawie ze sportowymi grami planszowymi na \u015bwie\u017cym powietrzu. Za wspania\u0142e emocje dzi\u0119kujemy pracownikom MBP p. W. Mielniczek i p. K. Sucheckiej. <\/span><\/p>\n<p><span style=\"color: #000080;\">Czy wiecie o tym, \u017ce mo\u017cecie wypo\u017cyczy\u0107 ciekawe gry planszowe, takie jak &#8221; Si\u00f3dme poty&#8221;, &#8221; Lataj\u0105ce buritto&#8221;,&#8221; Jungle speed&#8221;, &#8221; Kokos&#8221; i wiele innych z MBP?<\/span><\/p>\nngg_shortcode_0_placeholder\n<p>&nbsp;<\/p>\n","protected":false},"excerpt":{"rendered":"<p>Z okazji 100 lat hrubieszowskiego sportu oraz 100 lat Miejskiej Biblioteki Publicznej, klasy 4a, 4b, 4c, 5c oraz uczennice klasy 7a uczestniczy\u0142y w zabawie ze sportowymi grami planszowymi na \u015bwie\u017cym powietrzu. Za wspania\u0142e emocje dzi\u0119kujemy pracownikom MBP p. W. Mielniczek i p. K. Sucheckiej. Czy wiecie o tym, \u017ce mo\u017cecie wypo\u017cyczy\u0107 ciekawe gry planszowe, takie [&hellip;]<\/p>\n","protected":false},"author":2,"featured_media":0,"parent":5983,"menu_order":0,"comment_status":"closed","ping_status":"closed","template":"","meta":{"ngg_post_thumbnail":0,"footnotes":""},"class_list":["post-16096","page","type-page","status-publish","hentry"],"_links":{"self":[{"href":"https:\/\/sp1hrubieszow.pl\/index.php\/wp-json\/wp\/v2\/pages\/16096","targetHints":{"allow":["GET"]}}],"collection":[{"href":"https:\/\/sp1hrubieszow.pl\/index.php\/wp-json\/wp\/v2\/pages"}],"about":[{"href":"https:\/\/sp1hrubieszow.pl\/index.php\/wp-json\/wp\/v2\/types\/page"}],"author":[{"embeddable":true,"href":"https:\/\/sp1hrubieszow.pl\/index.php\/wp-json\/wp\/v2\/users\/2"}],"replies":[{"embeddable":true,"href":"https:\/\/sp1hrubieszow.pl\/index.php\/wp-json\/wp\/v2\/comments?post=16096"}],"version-history":[{"count":1,"href":"https:\/\/sp1hrubieszow.pl\/index.php\/wp-json\/wp\/v2\/pages\/16096\/revisions"}],"predecessor-version":[{"id":16097,"href":"https:\/\/sp1hrubieszow.pl\/index.php\/wp-json\/wp\/v2\/pages\/16096\/revisions\/16097"}],"up":[{"embeddable":true,"href":"https:\/\/sp1hrubieszow.pl\/index.php\/wp-json\/wp\/v2\/pages\/5983"}],"wp:attachment":[{"href":"https:\/\/sp1hrubieszow.pl\/index.php\/wp-json\/wp\/v2\/media?parent=16096"}],"curies":[{"name":"wp","href":"https:\/\/api.w.org\/{rel}","templated":true}]}}