{"id":16045,"date":"2022-06-12T06:55:56","date_gmt":"2022-06-12T04:55:56","guid":{"rendered":"https:\/\/sp1hrubieszow.pl\/?page_id=16045"},"modified":"2022-06-12T06:56:09","modified_gmt":"2022-06-12T04:56:09","slug":"galeria","status":"publish","type":"page","link":"https:\/\/sp1hrubieszow.pl\/index.php\/kronika-2020-2021\/galeria\/","title":{"rendered":"Galeria"},"content":{"rendered":"\n<p><span style=\"color: #000080;\">Nie trzeba wyje\u017cd\u017ca\u0107 daleko, \u017ceby mie\u0107 do czynienia z prawdziw\u0105 sztuk\u0105. Wystarczy przyj\u015b\u0107 do Szko\u0142y Podstawowej nr 1 w Hrubieszowie bo szkolny korytarz zdobi\u0105 arcydzie\u0142a wykonane przez zdolnych uczni\u00f3w naszej szko\u0142y. M\u0142odzi arty\u015bci prezentuj\u0105 swoje szkice, obrazy uko\u0144czone lub jeszcze w trakcie procesu tworzenia.<\/span><\/p>\n<p><span style=\"color: #000080;\">Fotografia to r\u00f3wnie\u017c jeden z element\u00f3w naszej wystawy.<\/span><\/p>\n<p><span style=\"color: #000080;\">Uczta dla oczu i ducha. Zapraszamy<\/span><\/p>\nngg_shortcode_0_placeholder\n","protected":false},"excerpt":{"rendered":"<p>Nie trzeba wyje\u017cd\u017ca\u0107 daleko, \u017ceby mie\u0107 do czynienia z prawdziw\u0105 sztuk\u0105. Wystarczy przyj\u015b\u0107 do Szko\u0142y Podstawowej nr 1 w Hrubieszowie bo szkolny korytarz zdobi\u0105 arcydzie\u0142a wykonane przez zdolnych uczni\u00f3w naszej szko\u0142y. M\u0142odzi arty\u015bci prezentuj\u0105 swoje szkice, obrazy uko\u0144czone lub jeszcze w trakcie procesu tworzenia. Fotografia to r\u00f3wnie\u017c jeden z element\u00f3w naszej wystawy. Uczta dla oczu [&hellip;]<\/p>\n","protected":false},"author":2,"featured_media":0,"parent":5983,"menu_order":0,"comment_status":"closed","ping_status":"closed","template":"","meta":{"ngg_post_thumbnail":0,"footnotes":""},"class_list":["post-16045","page","type-page","status-publish","hentry"],"_links":{"self":[{"href":"https:\/\/sp1hrubieszow.pl\/index.php\/wp-json\/wp\/v2\/pages\/16045","targetHints":{"allow":["GET"]}}],"collection":[{"href":"https:\/\/sp1hrubieszow.pl\/index.php\/wp-json\/wp\/v2\/pages"}],"about":[{"href":"https:\/\/sp1hrubieszow.pl\/index.php\/wp-json\/wp\/v2\/types\/page"}],"author":[{"embeddable":true,"href":"https:\/\/sp1hrubieszow.pl\/index.php\/wp-json\/wp\/v2\/users\/2"}],"replies":[{"embeddable":true,"href":"https:\/\/sp1hrubieszow.pl\/index.php\/wp-json\/wp\/v2\/comments?post=16045"}],"version-history":[{"count":1,"href":"https:\/\/sp1hrubieszow.pl\/index.php\/wp-json\/wp\/v2\/pages\/16045\/revisions"}],"predecessor-version":[{"id":16046,"href":"https:\/\/sp1hrubieszow.pl\/index.php\/wp-json\/wp\/v2\/pages\/16045\/revisions\/16046"}],"up":[{"embeddable":true,"href":"https:\/\/sp1hrubieszow.pl\/index.php\/wp-json\/wp\/v2\/pages\/5983"}],"wp:attachment":[{"href":"https:\/\/sp1hrubieszow.pl\/index.php\/wp-json\/wp\/v2\/media?parent=16045"}],"curies":[{"name":"wp","href":"https:\/\/api.w.org\/{rel}","templated":true}]}}