{"id":15980,"date":"2022-06-09T16:51:04","date_gmt":"2022-06-09T14:51:04","guid":{"rendered":"https:\/\/sp1hrubieszow.pl\/?page_id=15980"},"modified":"2022-06-09T16:51:35","modified_gmt":"2022-06-09T14:51:35","slug":"turniej-pilki-noznej-im-miroslawa-szupra","status":"publish","type":"page","link":"https:\/\/sp1hrubieszow.pl\/index.php\/kronika-2020-2021\/turniej-pilki-noznej-im-miroslawa-szupra\/","title":{"rendered":"Turniej Pi\u0142ki No\u017cnej im. Miros\u0142awa Szupra"},"content":{"rendered":"\n<p><span style=\"color: #000080;\">W dniu 9 czerwca na boiskach Szko\u0142y Podstawowej Nr 1 w Hrubieszowie rozegrano Turniej Pi\u0142ki No\u017cnej im. Miros\u0142awa Szupra. Patronat nad turniejem obj\u0119\u0142a Burmistrz Miasta Hrubieszowa&nbsp; Pani Marta Majewska.<\/span><\/p>\n<p><span style=\"color: #000080;\">Do turnieju przyst\u0105pi\u0142o cztery dru\u017cyny z SP 3 Hrubiesz\u00f3w, SP Moniatycze oraz &nbsp;dwie dru\u017cyny SP 1 Hrubiesz\u00f3w. Po rozegraniu turnieju systemem ,,ka\u017cdy ka\u017cdym\u201d wy\u0142oniono najlepsze dru\u017cyny.<\/span><\/p>\n<p><span style=\"color: #000080;\">Komunikat z turnieju w poni\u017cszym za\u0142\u0105czniku:<\/span><\/p>\n<p><strong><span style=\"color: #000080;\"><a style=\"color: #000080;\" href=\"https:\/\/sp1hrubieszow.pl\/wp-content\/uploads\/2022\/06\/Komunikat-Szuper-2022.docx\">Komunikat Szuper 2022<\/a><\/span><\/strong><\/p>\nngg_shortcode_0_placeholder\n","protected":false},"excerpt":{"rendered":"<p>W dniu 9 czerwca na boiskach Szko\u0142y Podstawowej Nr 1 w Hrubieszowie rozegrano Turniej Pi\u0142ki No\u017cnej im. Miros\u0142awa Szupra. Patronat nad turniejem obj\u0119\u0142a Burmistrz Miasta Hrubieszowa&nbsp; Pani Marta Majewska. Do turnieju przyst\u0105pi\u0142o cztery dru\u017cyny z SP 3 Hrubiesz\u00f3w, SP Moniatycze oraz &nbsp;dwie dru\u017cyny SP 1 Hrubiesz\u00f3w. Po rozegraniu turnieju systemem ,,ka\u017cdy ka\u017cdym\u201d wy\u0142oniono najlepsze dru\u017cyny. [&hellip;]<\/p>\n","protected":false},"author":2,"featured_media":0,"parent":5983,"menu_order":0,"comment_status":"closed","ping_status":"closed","template":"","meta":{"ngg_post_thumbnail":0,"footnotes":""},"class_list":["post-15980","page","type-page","status-publish","hentry"],"_links":{"self":[{"href":"https:\/\/sp1hrubieszow.pl\/index.php\/wp-json\/wp\/v2\/pages\/15980","targetHints":{"allow":["GET"]}}],"collection":[{"href":"https:\/\/sp1hrubieszow.pl\/index.php\/wp-json\/wp\/v2\/pages"}],"about":[{"href":"https:\/\/sp1hrubieszow.pl\/index.php\/wp-json\/wp\/v2\/types\/page"}],"author":[{"embeddable":true,"href":"https:\/\/sp1hrubieszow.pl\/index.php\/wp-json\/wp\/v2\/users\/2"}],"replies":[{"embeddable":true,"href":"https:\/\/sp1hrubieszow.pl\/index.php\/wp-json\/wp\/v2\/comments?post=15980"}],"version-history":[{"count":1,"href":"https:\/\/sp1hrubieszow.pl\/index.php\/wp-json\/wp\/v2\/pages\/15980\/revisions"}],"predecessor-version":[{"id":15981,"href":"https:\/\/sp1hrubieszow.pl\/index.php\/wp-json\/wp\/v2\/pages\/15980\/revisions\/15981"}],"up":[{"embeddable":true,"href":"https:\/\/sp1hrubieszow.pl\/index.php\/wp-json\/wp\/v2\/pages\/5983"}],"wp:attachment":[{"href":"https:\/\/sp1hrubieszow.pl\/index.php\/wp-json\/wp\/v2\/media?parent=15980"}],"curies":[{"name":"wp","href":"https:\/\/api.w.org\/{rel}","templated":true}]}}