{"id":15901,"date":"2022-06-06T11:54:11","date_gmt":"2022-06-06T09:54:11","guid":{"rendered":"https:\/\/sp1hrubieszow.pl\/?page_id=15901"},"modified":"2022-06-06T11:54:58","modified_gmt":"2022-06-06T09:54:58","slug":"wyniki-ogolnopolskiego-konkursu-fotostory-z-boleslawem-prusem","status":"publish","type":"page","link":"https:\/\/sp1hrubieszow.pl\/index.php\/kronika-2020-2021\/wyniki-ogolnopolskiego-konkursu-fotostory-z-boleslawem-prusem\/","title":{"rendered":"Wyniki og\u00f3lnopolskiego konkursu \u201eFOTOSTORY Z BOLES\u0141AWEM PRUSEM\u201d"},"content":{"rendered":"\n<div class=\"\" data-block=\"true\" data-editor=\"1dsln\" data-offset-key=\"c6gua-0-0\">\n<div class=\"_1mf _1mj\" data-offset-key=\"c6gua-0-0\"><span style=\"font-size: 1rem; color: #000080;\">Zgodnie z regulaminem prezentujemy dzisiaj &#8211; 6 czerwca 2022 &#8211; wyniki og\u00f3lnopolskiego konkursu fotograficznego organizowanego przez nasz\u0105 szko\u0142\u0119. G\u0142osowanie zako\u0144czy\u0142o si\u0119 3 czerwca o p\u00f3\u0142nocy. Oto nagrodzeni uczniowie:<\/span><\/div>\n<div data-offset-key=\"c6gua-0-0\">&nbsp;<\/div>\n<\/div>\n<div class=\"\" data-block=\"true\" data-editor=\"1dsln\" data-offset-key=\"cmlm1-0-0\">\n<div class=\"_1mf _1mj\" data-offset-key=\"cmlm1-0-0\"><span style=\"color: #000080;\" data-offset-key=\"cmlm1-0-0\">miejsce I &#8211; Mateusz Cie\u015bla SP w Przybys\u0142awicach<\/span><\/div>\n<\/div>\n<div class=\"\" data-block=\"true\" data-editor=\"1dsln\" data-offset-key=\"dcr88-0-0\">\n<div class=\"_1mf _1mj\" data-offset-key=\"dcr88-0-0\"><span style=\"color: #000080;\" data-offset-key=\"dcr88-0-0\">miejsce II &#8211; Antoni Kami\u0144ski SP w Po\u015bwi\u0119tnem <\/span><\/div>\n<\/div>\n<div class=\"\" data-block=\"true\" data-editor=\"1dsln\" data-offset-key=\"3t8ci-0-0\">\n<div class=\"_1mf _1mj\" data-offset-key=\"3t8ci-0-0\"><span style=\"color: #000080;\" data-offset-key=\"3t8ci-0-0\">miejsce III &#8211; Anna Ma\u0144ko SP w Przybys\u0142awicach<\/span><\/div>\n<div data-offset-key=\"3t8ci-0-0\">&nbsp;<\/div>\n<\/div>\n<div class=\"\" data-block=\"true\" data-editor=\"1dsln\" data-offset-key=\"7sqaq-0-0\">\n<div class=\"_1mf _1mj\" data-offset-key=\"7sqaq-0-0\"><span style=\"color: #000080;\" data-offset-key=\"7sqaq-0-0\">wyr\u00f3\u017cnienia:<\/span><\/div>\n<\/div>\n<div class=\"\" data-block=\"true\" data-editor=\"1dsln\" data-offset-key=\"74k4f-0-0\">\n<div class=\"_1mf _1mj\" data-offset-key=\"74k4f-0-0\"><span style=\"color: #000080;\" data-offset-key=\"74k4f-0-0\">Dawid Go\u0142\u0119biowski SP nr 1 w Hrubieszowie <\/span><\/div>\n<\/div>\n<div class=\"\" data-block=\"true\" data-editor=\"1dsln\" data-offset-key=\"41q20-0-0\">\n<div class=\"_1mf _1mj\" data-offset-key=\"41q20-0-0\"><span style=\"color: #000080;\" data-offset-key=\"41q20-0-0\">Michalina Pietras SP w Przybys\u0142awicach<\/span><\/div>\n<\/div>\n<div class=\"\" data-block=\"true\" data-editor=\"1dsln\" data-offset-key=\"3dopo-0-0\">\n<div class=\"_1mf _1mj\" data-offset-key=\"3dopo-0-0\"><span style=\"color: #000080;\" data-offset-key=\"3dopo-0-0\">Zofia Filipiak SP w Przybys\u0142awicach<\/span><\/div>\n<div data-offset-key=\"3dopo-0-0\">&nbsp;<\/div>\n<\/div>\n<div class=\"\" data-block=\"true\" data-editor=\"1dsln\" data-offset-key=\"78m3n-0-0\">\n<div class=\"_1mf _1mj\" data-offset-key=\"78m3n-0-0\"><span style=\"color: #000080;\" data-offset-key=\"78m3n-0-0\">Gratulujemy wszystkim nagrodzonym. Brawa!<\/span><\/div>\n<\/div>\n<div class=\"\" data-block=\"true\" data-editor=\"1dsln\" data-offset-key=\"d0hut-0-0\">\n<div class=\"_1mf _1mj\" data-offset-key=\"d0hut-0-0\"><span style=\"color: #000080;\" data-offset-key=\"d0hut-0-0\">Informujemy, \u017ce nagrody oraz dyplomy zostan\u0105 wys\u0142ane do szk\u00f3\u0142 na pocz\u0105tku przysz\u0142ego tygodnia.<\/span><\/div>\n<div data-offset-key=\"d0hut-0-0\">&nbsp;<\/div>\n<\/div>\n<div class=\"\" data-block=\"true\" data-editor=\"1dsln\" data-offset-key=\"3rus9-0-0\">\n<div class=\"_1mf _1mj\" data-offset-key=\"3rus9-0-0\"><span style=\"color: #000080;\" data-offset-key=\"3rus9-0-0\">Na fotografii zwyci\u0119zca konkursu &#8211; Mateusz Cie\u015bla.<\/span><\/div>\n<div data-offset-key=\"3rus9-0-0\">\nngg_shortcode_0_placeholder\n<\/div>\n<\/div>\n","protected":false},"excerpt":{"rendered":"<p>Zgodnie z regulaminem prezentujemy dzisiaj &#8211; 6 czerwca 2022 &#8211; wyniki og\u00f3lnopolskiego konkursu fotograficznego organizowanego przez nasz\u0105 szko\u0142\u0119. G\u0142osowanie zako\u0144czy\u0142o si\u0119 3 czerwca o p\u00f3\u0142nocy. Oto nagrodzeni uczniowie: &nbsp; miejsce I &#8211; Mateusz Cie\u015bla SP w Przybys\u0142awicach miejsce II &#8211; Antoni Kami\u0144ski SP w Po\u015bwi\u0119tnem miejsce III &#8211; Anna Ma\u0144ko SP w Przybys\u0142awicach &nbsp; wyr\u00f3\u017cnienia: [&hellip;]<\/p>\n","protected":false},"author":2,"featured_media":0,"parent":5983,"menu_order":0,"comment_status":"closed","ping_status":"closed","template":"","meta":{"ngg_post_thumbnail":0,"footnotes":""},"class_list":["post-15901","page","type-page","status-publish","hentry"],"_links":{"self":[{"href":"https:\/\/sp1hrubieszow.pl\/index.php\/wp-json\/wp\/v2\/pages\/15901","targetHints":{"allow":["GET"]}}],"collection":[{"href":"https:\/\/sp1hrubieszow.pl\/index.php\/wp-json\/wp\/v2\/pages"}],"about":[{"href":"https:\/\/sp1hrubieszow.pl\/index.php\/wp-json\/wp\/v2\/types\/page"}],"author":[{"embeddable":true,"href":"https:\/\/sp1hrubieszow.pl\/index.php\/wp-json\/wp\/v2\/users\/2"}],"replies":[{"embeddable":true,"href":"https:\/\/sp1hrubieszow.pl\/index.php\/wp-json\/wp\/v2\/comments?post=15901"}],"version-history":[{"count":1,"href":"https:\/\/sp1hrubieszow.pl\/index.php\/wp-json\/wp\/v2\/pages\/15901\/revisions"}],"predecessor-version":[{"id":15902,"href":"https:\/\/sp1hrubieszow.pl\/index.php\/wp-json\/wp\/v2\/pages\/15901\/revisions\/15902"}],"up":[{"embeddable":true,"href":"https:\/\/sp1hrubieszow.pl\/index.php\/wp-json\/wp\/v2\/pages\/5983"}],"wp:attachment":[{"href":"https:\/\/sp1hrubieszow.pl\/index.php\/wp-json\/wp\/v2\/media?parent=15901"}],"curies":[{"name":"wp","href":"https:\/\/api.w.org\/{rel}","templated":true}]}}