{"id":15880,"date":"2022-06-05T14:49:53","date_gmt":"2022-06-05T12:49:53","guid":{"rendered":"https:\/\/sp1hrubieszow.pl\/?page_id=15880"},"modified":"2022-06-05T14:50:08","modified_gmt":"2022-06-05T12:50:08","slug":"31-maja-2022r-swiatowy-dzien-bez-papierosa-podsumowanie-programow-profilaktycznych-oraz-rozstrzygniecie-konkursow-nie-pal-przy-mnie-prosze-i-bieg-po-zdrowie","status":"publish","type":"page","link":"https:\/\/sp1hrubieszow.pl\/index.php\/kronika-2020-2021\/31-maja-2022r-swiatowy-dzien-bez-papierosa-podsumowanie-programow-profilaktycznych-oraz-rozstrzygniecie-konkursow-nie-pal-przy-mnie-prosze-i-bieg-po-zdrowie\/","title":{"rendered":"31 maja 2022r. &#8222;\u015awiatowy Dzie\u0144 bez Papierosa&#8221;. Podsumowanie program\u00f3w profilaktycznych oraz rozstrzygni\u0119cie konkurs\u00f3w &#8222;Nie pal przy mnie, prosz\u0119&#8230;&#8221; i &#8222;Bieg po zdrowie&#8221;."},"content":{"rendered":"\n<div class=\"cxmmr5t8 oygrvhab hcukyx3x c1et5uql o9v6fnle ii04i59q\">\n<div dir=\"auto\"><span style=\"color: #000080;\">W II p\u00f3\u0142roczu 2021\/2022 w Szkole Podstawowej Nr 1 w Hrubieszowie realizowano programy profilaktyczne z zakresu profilaktyki antynikotynowej, przebiegaj\u0105ce pod patronatem Powiatowej Stacji Sanitarno-Epidemiologicznej w Hrubieszowie.<\/span><\/div>\n<div dir=\"auto\"><span style=\"color: #000080;\">W klasach trzecich realizowany by\u0142 program &#8222;Nie pal przy mnie, prosz\u0119&#8230;&#8221;, za\u015b czwartoklasi\u015bci uczestniczyli w programie &#8222;Bieg po zdrowie&#8221;. Programy te mia\u0142y na celu propagowanie zdrowego stylu \u017cycia, wdra\u017canie profilaktyki uzale\u017cnie\u0144 oraz kszta\u0142towanie prawid\u0142owych postaw prospo\u0142ecznych. Realizacja program\u00f3w zako\u0144czy\u0142a si\u0119 konkursami plastycznymi, dedykowanymi ich uczestnikom. W klasach trzecich przeprowadzono konkurs plastyczny pt. \u201eNie pal przy mnie, prosz\u0119\u2026\u201d, za\u015b w klasach czwartych konkurs \u201eBieg po zdrowie\u201d. Konkursy zaplanowano w ramach realizacji szkolnego programu \u201eRecepta na zdrowie\u201d, finansowanego przez Gmin\u0119 Miejsk\u0105 Hrubiesz\u00f3w.<\/span><\/div>\n<div dir=\"auto\"><span style=\"color: #000080;\">Komisja konkursowa w sk\u0142adzie: p. Dorota Or\u0142owska, p. Ewa Filipowicz-Sidorczuk, p. Sylwia Wojak, p. Ilona Winogrodzka, p. Anna Czernysz, p. Monika Anigacz po ocenie prac konkursowych nagrodzi\u0142a nast\u0119puj\u0105cych uczni\u00f3w:<\/span><\/div>\n<div dir=\"auto\"><span style=\"color: #000080;\">Konkurs \u201eNie pal przy mnie, prosz\u0119..\u201d<\/span><\/div>\n<div dir=\"auto\"><span style=\"color: #000080;\">I miejsce: Anastazja Szczur, kl. IIIb<\/span><\/div>\n<div dir=\"auto\"><span style=\"color: #000080;\">II miejsce: Lena Ni\u017anikowska, kl. IIIc<\/span><\/div>\n<div dir=\"auto\"><span style=\"color: #000080;\">III miejsce: Wiktoria Ha\u0142asa, kl. IIIa<\/span><\/div>\n<div dir=\"auto\"><span style=\"color: #000080;\">Wyr\u00f3\u017cnienia:<\/span><\/div>\n<div dir=\"auto\"><span style=\"color: #000080;\">1. Joanna Ka\u0144ska, kl. IIIb<\/span><\/div>\n<div dir=\"auto\"><span style=\"color: #000080;\">2. Larysa Zimon, kl. IIIc<\/span><\/div>\n<div dir=\"auto\"><span style=\"color: #000080;\">3. Aleksandra Paczos, kl. IIIa<\/span><\/div>\n<\/div>\n<div class=\"cxmmr5t8 oygrvhab hcukyx3x c1et5uql o9v6fnle ii04i59q\">\n<div dir=\"auto\"><span style=\"color: #000080;\">Konkurs \u201eBieg po zdrowie\u201d<\/span><\/div>\n<div dir=\"auto\"><span style=\"color: #000080;\">I miejsce: Anna Metyk, kl. IVc<\/span><\/div>\n<div dir=\"auto\"><span style=\"color: #000080;\">II miejsce: Julia Kiszel, kl. IVb<\/span><\/div>\n<div dir=\"auto\"><span style=\"color: #000080;\">III miejsce: Aleksandra Pa\u0142ys, kl. IVa<\/span><\/div>\n<div dir=\"auto\"><span style=\"color: #000080;\">Wyr\u00f3\u017cnienia:<\/span><\/div>\n<div dir=\"auto\"><span style=\"color: #000080;\">1.Anastazja Kuru\u015b, kl. IVc<\/span><\/div>\n<div dir=\"auto\"><span style=\"color: #000080;\">2.Gabriela Osma\u0144ska, kl. IVb<\/span><\/div>\n<div dir=\"auto\"><span style=\"color: #000080;\">3. Paula Wilczy\u0144ska, kl.IVa<\/span><\/div>\n<\/div>\n<div class=\"cxmmr5t8 oygrvhab hcukyx3x c1et5uql o9v6fnle ii04i59q\">\n<div dir=\"auto\"><span style=\"color: #000080;\">Uczniom wr\u0119czono dyplomy i nagrody, zakupione z funduszy Gminy Miejskiej Hrubiesz\u00f3w. Dzi\u0119kuj\u0119 wychowawcom klas trzecich, Paniom: Renacie Pacza\u0142a, Jolancie Podlewskiej, Joannie Bartnik oraz wychowawcom klas czwartych, Paniom: Edycie Miller-Wiatrowskiej, Marcie Lackowskiej oraz Monice Jako\u015b-W\u00f3r za pomoc w realizacji program\u00f3w profilaktycznych. Mamy nadziej\u0119, \u017ce realizacja program\u00f3w &#8222;Nie pal przy mnie, prosz\u0119&#8230;&#8221; oraz &#8222;Bieg po zdrowie&#8221; przyczyni si\u0119 do podniesienia \u015bwiadomo\u015bci dzieci i rodzic\u00f3w na temat szkodliwo\u015bci palenia papieros\u00f3w i e-papieros\u00f3w.<\/span><\/div>\n<div dir=\"auto\">&nbsp;<\/div>\n<\/div>\n<div class=\"cxmmr5t8 oygrvhab hcukyx3x c1et5uql o9v6fnle ii04i59q\">\n<div dir=\"auto\"><span style=\"color: #000080;\">Koordynator program\u00f3w &#8222;Nie pal przy mnie, prosz\u0119&#8230;&#8221; oraz &#8222;Bieg po zdrowie&#8221; w Szkole Podstawowej Nr 1 w Hrubieszowie-Marta Kuczy\u0144ska, pedagog szkolny<\/span><\/div>\n<\/div>\n<div dir=\"auto\">\nngg_shortcode_0_placeholder\n<\/div>\n","protected":false},"excerpt":{"rendered":"<p>W II p\u00f3\u0142roczu 2021\/2022 w Szkole Podstawowej Nr 1 w Hrubieszowie realizowano programy profilaktyczne z zakresu profilaktyki antynikotynowej, przebiegaj\u0105ce pod patronatem Powiatowej Stacji Sanitarno-Epidemiologicznej w Hrubieszowie. W klasach trzecich realizowany by\u0142 program &#8222;Nie pal przy mnie, prosz\u0119&#8230;&#8221;, za\u015b czwartoklasi\u015bci uczestniczyli w programie &#8222;Bieg po zdrowie&#8221;. Programy te mia\u0142y na celu propagowanie zdrowego stylu \u017cycia, wdra\u017canie [&hellip;]<\/p>\n","protected":false},"author":2,"featured_media":0,"parent":5983,"menu_order":0,"comment_status":"closed","ping_status":"closed","template":"","meta":{"ngg_post_thumbnail":0,"footnotes":""},"class_list":["post-15880","page","type-page","status-publish","hentry"],"_links":{"self":[{"href":"https:\/\/sp1hrubieszow.pl\/index.php\/wp-json\/wp\/v2\/pages\/15880","targetHints":{"allow":["GET"]}}],"collection":[{"href":"https:\/\/sp1hrubieszow.pl\/index.php\/wp-json\/wp\/v2\/pages"}],"about":[{"href":"https:\/\/sp1hrubieszow.pl\/index.php\/wp-json\/wp\/v2\/types\/page"}],"author":[{"embeddable":true,"href":"https:\/\/sp1hrubieszow.pl\/index.php\/wp-json\/wp\/v2\/users\/2"}],"replies":[{"embeddable":true,"href":"https:\/\/sp1hrubieszow.pl\/index.php\/wp-json\/wp\/v2\/comments?post=15880"}],"version-history":[{"count":1,"href":"https:\/\/sp1hrubieszow.pl\/index.php\/wp-json\/wp\/v2\/pages\/15880\/revisions"}],"predecessor-version":[{"id":15881,"href":"https:\/\/sp1hrubieszow.pl\/index.php\/wp-json\/wp\/v2\/pages\/15880\/revisions\/15881"}],"up":[{"embeddable":true,"href":"https:\/\/sp1hrubieszow.pl\/index.php\/wp-json\/wp\/v2\/pages\/5983"}],"wp:attachment":[{"href":"https:\/\/sp1hrubieszow.pl\/index.php\/wp-json\/wp\/v2\/media?parent=15880"}],"curies":[{"name":"wp","href":"https:\/\/api.w.org\/{rel}","templated":true}]}}