{"id":15836,"date":"2022-06-05T13:57:06","date_gmt":"2022-06-05T11:57:06","guid":{"rendered":"https:\/\/sp1hrubieszow.pl\/?page_id=15836"},"modified":"2022-06-05T20:27:02","modified_gmt":"2022-06-05T18:27:02","slug":"debata-rekomendowany-program-profilaktyki","status":"publish","type":"page","link":"https:\/\/sp1hrubieszow.pl\/index.php\/kronika-2020-2021\/debata-rekomendowany-program-profilaktyki\/","title":{"rendered":",,Debata\u201d rekomendowany program profilaktyki"},"content":{"rendered":"\n<p><span style=\"color: #000080;\">W dniu 02.06.2022r. uczniowie klas si\u00f3dmych uczestniczyli w warsztatach prowadzonych przez trener\u00f3w z Centrum Dzia\u0142a\u0144 Profilaktycznych z Wieliczki.&nbsp; Zaj\u0119cia prowadzone by\u0142y w ka\u017cdej klasie po trzy godziny dydaktyczne. Program ,,Debata\u201d ma charakter uprzedzaj\u0105cy. Jego zadaniem jest zapobieganie przedwczesnemu u\u017cywaniu alkoholu, towarzysz\u0105cym temu konsekwencjom oraz promowanie postawy trze\u017awo\u015bci.<\/span><\/p>\n<p><span style=\"color: #000080;\">Prowadz\u0105cy zaj\u0119cia w spos\u00f3b merytoryczny, a jednocze\u015bnie przyst\u0119pny dla uczni\u00f3w, przedstawili problemy zwi\u0105zane ze spo\u017cywaniem alkoholu, z naciskiem na wzmacnianie postaw pro-abstynenckich. M\u0142odzie\u017c ch\u0119tnie bra\u0142a udzia\u0142 w \u0107wiczeniach, zadaniach, dzi\u0119ki kt\u00f3rym mia\u0142a mo\u017cliwo\u015b\u0107 nabywania wiedzy potrzebnej w przysz\u0142o\u015bci w dokonywaniu w\u0142a\u015bciwych wybor\u00f3w (bycia trze\u017awym). Warsztaty pouczy\u0142y m\u0142odzie\u017c jak cienka jest granica mi\u0119dzy trze\u017awym \u017cyciem, a uzale\u017cnieniem, ukaza\u0142y zas\u0142yszane opinie o faktach i mitach, kt\u00f3re zwi\u0105zane s\u0105 z u\u017cywkami.<\/span><\/p>\n<p><span style=\"color: #000080;\">Uczniowie podsumowuj\u0105c zaj\u0119cia wyrazili bardzo pozytywne opinie i zadeklarowali ch\u0119\u0107 udzia\u0142u w tego typu warsztatach i formach pracy w grupie r\u00f3wie\u015bniczej.<\/span><\/p>\n<p><span style=\"color: #000080;\">Warsztaty&nbsp; sfinansowa\u0142a Gmina Miejska w Hrubieszowie, koordynator programu Anna Karkuszewska,&nbsp; pedagog szkolny.<\/span><\/p>\nngg_shortcode_0_placeholder\n","protected":false},"excerpt":{"rendered":"<p>W dniu 02.06.2022r. uczniowie klas si\u00f3dmych uczestniczyli w warsztatach prowadzonych przez trener\u00f3w z Centrum Dzia\u0142a\u0144 Profilaktycznych z Wieliczki.&nbsp; Zaj\u0119cia prowadzone by\u0142y w ka\u017cdej klasie po trzy godziny dydaktyczne. Program ,,Debata\u201d ma charakter uprzedzaj\u0105cy. Jego zadaniem jest zapobieganie przedwczesnemu u\u017cywaniu alkoholu, towarzysz\u0105cym temu konsekwencjom oraz promowanie postawy trze\u017awo\u015bci. Prowadz\u0105cy zaj\u0119cia w spos\u00f3b merytoryczny, a jednocze\u015bnie przyst\u0119pny [&hellip;]<\/p>\n","protected":false},"author":2,"featured_media":0,"parent":5983,"menu_order":0,"comment_status":"closed","ping_status":"closed","template":"","meta":{"ngg_post_thumbnail":0,"footnotes":""},"class_list":["post-15836","page","type-page","status-publish","hentry"],"_links":{"self":[{"href":"https:\/\/sp1hrubieszow.pl\/index.php\/wp-json\/wp\/v2\/pages\/15836","targetHints":{"allow":["GET"]}}],"collection":[{"href":"https:\/\/sp1hrubieszow.pl\/index.php\/wp-json\/wp\/v2\/pages"}],"about":[{"href":"https:\/\/sp1hrubieszow.pl\/index.php\/wp-json\/wp\/v2\/types\/page"}],"author":[{"embeddable":true,"href":"https:\/\/sp1hrubieszow.pl\/index.php\/wp-json\/wp\/v2\/users\/2"}],"replies":[{"embeddable":true,"href":"https:\/\/sp1hrubieszow.pl\/index.php\/wp-json\/wp\/v2\/comments?post=15836"}],"version-history":[{"count":2,"href":"https:\/\/sp1hrubieszow.pl\/index.php\/wp-json\/wp\/v2\/pages\/15836\/revisions"}],"predecessor-version":[{"id":15898,"href":"https:\/\/sp1hrubieszow.pl\/index.php\/wp-json\/wp\/v2\/pages\/15836\/revisions\/15898"}],"up":[{"embeddable":true,"href":"https:\/\/sp1hrubieszow.pl\/index.php\/wp-json\/wp\/v2\/pages\/5983"}],"wp:attachment":[{"href":"https:\/\/sp1hrubieszow.pl\/index.php\/wp-json\/wp\/v2\/media?parent=15836"}],"curies":[{"name":"wp","href":"https:\/\/api.w.org\/{rel}","templated":true}]}}