{"id":15816,"date":"2022-06-05T13:42:14","date_gmt":"2022-06-05T11:42:14","guid":{"rendered":"https:\/\/sp1hrubieszow.pl\/?page_id=15816"},"modified":"2022-06-05T13:42:40","modified_gmt":"2022-06-05T11:42:40","slug":"podsumowanie-programu-znajdz-wlasciwe-rozwiazanie","status":"publish","type":"page","link":"https:\/\/sp1hrubieszow.pl\/index.php\/kronika-2020-2021\/podsumowanie-programu-znajdz-wlasciwe-rozwiazanie\/","title":{"rendered":"Podsumowanie programu ,,Znajd\u017a w\u0142a\u015bciwe rozwi\u0105zanie\u201d"},"content":{"rendered":"\n<p><span style=\"color: #000080;\">W dniu 02 czerwca 2022r. odby\u0142o si\u0119 podsumowanie realizowanego programu profilaktyki palenia tytoniu ,,Znajd\u017a w\u0142a\u015bciwe rozwi\u0105zanie\u201d,&nbsp; kt\u00f3ry prowadzony by\u0142 pod patronatem Powiatowej Stacji Sanitarno-Epidemiologicznej w Hrubieszowie.<\/span><\/p>\n<p><span style=\"color: #000080;\">Program skierowany by\u0142 do uczni\u00f3w klasy sz\u00f3stej i realizowany w formie pi\u0119ciu warsztat\u00f3w, kt\u00f3rego g\u0142\u00f3wnym celem by\u0142o zwi\u0119kszenie wiedzy w zakresie szkodliwo\u015bci palenia papieros\u00f3w, kszta\u0142towanie umiej\u0119tno\u015bci dbania o zdrowie w\u0142asne i swoich bliskich, rozwijanie postaw asertywnych zwi\u0105zanych z unikaniem czynnego i biernego palenia tytoniu. Podczas zaj\u0119\u0107 poruszane by\u0142y tematy integracji grupowej, funkcjonowania ludzkiego organizmu, prawid\u0142owego \u017cywienia, asertywnych zachowa\u0144, rozpoznawania odczu\u0107, umacniania poczucia swej warto\u015bci.<\/span><\/p>\n<p><span style=\"color: #000080;\">Realizowany program zosta\u0142 podsumowany konkursem ,,Znajd\u017a&nbsp; w\u0142a\u015bciwe rozwi\u0105zanie\u201d, kt\u00f3rego laureatami zostali:<\/span><\/p>\n<p><span style=\"color: #000080;\">I miejsce \u2013 Miko\u0142aj Czerkawski<\/span><\/p>\n<p><span style=\"color: #000080;\">II miejsce \u2013 Micha\u0142 Grzeszczuk<\/span><\/p>\n<p><span style=\"color: #000080;\">III miejsce Karol Stadnicki<\/span><\/p>\n<p><span style=\"color: #000080;\">Wyr\u00f3\u017cnienia otrzymali: Oliwia Jonak, Wiktor Konopko<\/span><\/p>\n<p><span style=\"color: #000080;\">Gratulujemy laureatom!<\/span><\/p>\n<p><span style=\"color: #000080;\">Nagrody ufundowa\u0142a Gmina Miejska w Hrubieszowie, w ramach programu ,,Ja m\u00f3wi\u0119 NIE\u201d. Realizatorami zaj\u0119\u0107 by\u0142a p. Anna Karkuszewska pedagog szkolny oraz p. Ewa Szostak wychowawca klasy.<\/span><\/p>\nngg_shortcode_0_placeholder\n<p>&nbsp;<\/p>\n","protected":false},"excerpt":{"rendered":"<p>W dniu 02 czerwca 2022r. odby\u0142o si\u0119 podsumowanie realizowanego programu profilaktyki palenia tytoniu ,,Znajd\u017a w\u0142a\u015bciwe rozwi\u0105zanie\u201d,&nbsp; kt\u00f3ry prowadzony by\u0142 pod patronatem Powiatowej Stacji Sanitarno-Epidemiologicznej w Hrubieszowie. Program skierowany by\u0142 do uczni\u00f3w klasy sz\u00f3stej i realizowany w formie pi\u0119ciu warsztat\u00f3w, kt\u00f3rego g\u0142\u00f3wnym celem by\u0142o zwi\u0119kszenie wiedzy w zakresie szkodliwo\u015bci palenia papieros\u00f3w, kszta\u0142towanie umiej\u0119tno\u015bci dbania o zdrowie [&hellip;]<\/p>\n","protected":false},"author":2,"featured_media":0,"parent":5983,"menu_order":0,"comment_status":"closed","ping_status":"closed","template":"","meta":{"ngg_post_thumbnail":0,"footnotes":""},"class_list":["post-15816","page","type-page","status-publish","hentry"],"_links":{"self":[{"href":"https:\/\/sp1hrubieszow.pl\/index.php\/wp-json\/wp\/v2\/pages\/15816","targetHints":{"allow":["GET"]}}],"collection":[{"href":"https:\/\/sp1hrubieszow.pl\/index.php\/wp-json\/wp\/v2\/pages"}],"about":[{"href":"https:\/\/sp1hrubieszow.pl\/index.php\/wp-json\/wp\/v2\/types\/page"}],"author":[{"embeddable":true,"href":"https:\/\/sp1hrubieszow.pl\/index.php\/wp-json\/wp\/v2\/users\/2"}],"replies":[{"embeddable":true,"href":"https:\/\/sp1hrubieszow.pl\/index.php\/wp-json\/wp\/v2\/comments?post=15816"}],"version-history":[{"count":1,"href":"https:\/\/sp1hrubieszow.pl\/index.php\/wp-json\/wp\/v2\/pages\/15816\/revisions"}],"predecessor-version":[{"id":15817,"href":"https:\/\/sp1hrubieszow.pl\/index.php\/wp-json\/wp\/v2\/pages\/15816\/revisions\/15817"}],"up":[{"embeddable":true,"href":"https:\/\/sp1hrubieszow.pl\/index.php\/wp-json\/wp\/v2\/pages\/5983"}],"wp:attachment":[{"href":"https:\/\/sp1hrubieszow.pl\/index.php\/wp-json\/wp\/v2\/media?parent=15816"}],"curies":[{"name":"wp","href":"https:\/\/api.w.org\/{rel}","templated":true}]}}