{"id":15800,"date":"2022-06-02T18:33:43","date_gmt":"2022-06-02T16:33:43","guid":{"rendered":"https:\/\/sp1hrubieszow.pl\/?page_id=15800"},"modified":"2022-06-02T18:34:07","modified_gmt":"2022-06-02T16:34:07","slug":"wycieczkowy-konkurs-fotograficzny","status":"publish","type":"page","link":"https:\/\/sp1hrubieszow.pl\/index.php\/kronika-2020-2021\/wycieczkowy-konkurs-fotograficzny\/","title":{"rendered":"Wycieczkowy konkurs fotograficzny"},"content":{"rendered":"\n<p><span style=\"color: #000080;\">Podczas wycieczki do Warszawy zorganizowany zosta\u0142 konkurs fotograficzny. Konkurs og\u0142osi\u0142a i przeprowadzi\u0142a wspania\u0142a pani pilot wycieczek \u2013 El\u017cbieta Dyczewska. &nbsp;Uczniowie mieli za zadanie wykona\u0107 naj\u0142adniejsze zdj\u0119cie upami\u0119tniaj\u0105ce odwiedzane przez nas miejsca lub przedstawiaj\u0105ce uczestnik\u00f3w wycieczki.<\/span><\/p>\n<p><span style=\"color: #000080;\">Oto lista nagrodzonych super fotograf\u00f3w:<\/span><\/p>\n<p><span style=\"color: #000080;\">Klasa 4<\/span><\/p>\n<p><span style=\"color: #000080;\">I miejsce \u2013 Zuzanna Zawadzka<\/span><\/p>\n<p><span style=\"color: #000080;\">II miejsce \u2013 Anika Swatowska<\/span><\/p>\n<p><span style=\"color: #000080;\">III miejsce Maja Magdziak oraz Amelia Szewluk<\/span><\/p>\n<p><span style=\"color: #000080;\">Klasa 5<\/span><\/p>\n<p><span style=\"color: #000080;\">I miejsce \u2013 Jakub G\u0142uszak<\/span><\/p>\n<p><span style=\"color: #000080;\">II miejsce \u2013 Wojciech Malinowski<\/span><\/p>\n<p><span style=\"color: #000080;\">III miejsce \u2013 Jakub Lackowski oraz Aleksander Kurantowicz<\/span><\/p>\n<p><span style=\"color: #000080;\">Klasa 6<\/span><\/p>\n<p><span style=\"color: #000080;\">I miejsce \u2013 Natalia Trzuskowska<\/span><\/p>\n<p><span style=\"color: #000080;\">II miejsce \u2013 Miko\u0142aj Czerkawski<\/span><\/p>\n<p><span style=\"color: #000080;\">III miejsce \u2013 Oliwia Jonak oraz Wiktor Konopko<\/span><\/p>\n<p><span style=\"color: #000080;\">Gratulujemy nagrodzonym. Serdeczne podzi\u0119kowania sk\u0142adamy pani Eli Dyczewskiej za super pomys\u0142. Konkurs by\u0142 nie tylko \u015bwietn\u0105 zabaw\u0105, ale tak\u017ce przyczyni\u0142 si\u0119 do uwa\u017cno\u015bci uczni\u00f3w i zauwa\u017cenia tego, co wok\u00f3\u0142 nich .<\/span><\/p>\nngg_shortcode_0_placeholder\n<p>&nbsp;<\/p>\n","protected":false},"excerpt":{"rendered":"<p>Podczas wycieczki do Warszawy zorganizowany zosta\u0142 konkurs fotograficzny. Konkurs og\u0142osi\u0142a i przeprowadzi\u0142a wspania\u0142a pani pilot wycieczek \u2013 El\u017cbieta Dyczewska. &nbsp;Uczniowie mieli za zadanie wykona\u0107 naj\u0142adniejsze zdj\u0119cie upami\u0119tniaj\u0105ce odwiedzane przez nas miejsca lub przedstawiaj\u0105ce uczestnik\u00f3w wycieczki. Oto lista nagrodzonych super fotograf\u00f3w: Klasa 4 I miejsce \u2013 Zuzanna Zawadzka II miejsce \u2013 Anika Swatowska III miejsce Maja [&hellip;]<\/p>\n","protected":false},"author":2,"featured_media":0,"parent":5983,"menu_order":0,"comment_status":"closed","ping_status":"closed","template":"","meta":{"ngg_post_thumbnail":0,"footnotes":""},"class_list":["post-15800","page","type-page","status-publish","hentry"],"_links":{"self":[{"href":"https:\/\/sp1hrubieszow.pl\/index.php\/wp-json\/wp\/v2\/pages\/15800","targetHints":{"allow":["GET"]}}],"collection":[{"href":"https:\/\/sp1hrubieszow.pl\/index.php\/wp-json\/wp\/v2\/pages"}],"about":[{"href":"https:\/\/sp1hrubieszow.pl\/index.php\/wp-json\/wp\/v2\/types\/page"}],"author":[{"embeddable":true,"href":"https:\/\/sp1hrubieszow.pl\/index.php\/wp-json\/wp\/v2\/users\/2"}],"replies":[{"embeddable":true,"href":"https:\/\/sp1hrubieszow.pl\/index.php\/wp-json\/wp\/v2\/comments?post=15800"}],"version-history":[{"count":1,"href":"https:\/\/sp1hrubieszow.pl\/index.php\/wp-json\/wp\/v2\/pages\/15800\/revisions"}],"predecessor-version":[{"id":15801,"href":"https:\/\/sp1hrubieszow.pl\/index.php\/wp-json\/wp\/v2\/pages\/15800\/revisions\/15801"}],"up":[{"embeddable":true,"href":"https:\/\/sp1hrubieszow.pl\/index.php\/wp-json\/wp\/v2\/pages\/5983"}],"wp:attachment":[{"href":"https:\/\/sp1hrubieszow.pl\/index.php\/wp-json\/wp\/v2\/media?parent=15800"}],"curies":[{"name":"wp","href":"https:\/\/api.w.org\/{rel}","templated":true}]}}