{"id":15773,"date":"2022-06-02T17:39:28","date_gmt":"2022-06-02T15:39:28","guid":{"rendered":"https:\/\/sp1hrubieszow.pl\/?page_id=15773"},"modified":"2022-06-02T17:39:59","modified_gmt":"2022-06-02T15:39:59","slug":"wiosenna-wycieczka-do-warszawy","status":"publish","type":"page","link":"https:\/\/sp1hrubieszow.pl\/index.php\/kronika-2020-2021\/wiosenna-wycieczka-do-warszawy\/","title":{"rendered":"Wiosenna wycieczka do Warszawy"},"content":{"rendered":"\n<p><span style=\"color: #000080;\">Ostatnie dni maja uczniowie z klas 4b, 5c i 6a sp\u0119dzili w Warszawie. Wycieczk\u0119 do stolicy naszego kraju rozpocz\u0119li\u015bmy od wizyty w Senacie. Wszystkim nam si\u0119 bardzo spodoba\u0142o to miejsce , szczeg\u00f3lnie gdy mogli\u015bmy zasi\u0105\u015b\u0107 w fotelach na sali obrad.<\/span><\/p>\n<p><span style=\"color: #000080;\">Nast\u0119pnie udali\u015bmy si\u0119 do Centrum Nauki Kopernik. Sp\u0119dzili\u015bmy tam oko\u0142o 4 godzin, podczas kt\u00f3rych mieli\u015bmy mo\u017cliwo\u015b\u0107 samodzielnego sprawdzania, testowania i \u015bwietnej zabawy. Czeka\u0142o na nas ponad 450 eksponat\u00f3w w tematycznych galeriach. &nbsp;Poza tym mogli\u015bmy zrobi\u0107 zakupy w sklepiku oraz skorzysta\u0107 z kawiarenki.<\/span><\/p>\n<p><span style=\"color: #000080;\">Mimo deszczowej pogody wybrali\u015bmy si\u0119 tak\u017ce na kr\u00f3tki spacer do \u0141azienek Kr\u00f3lewskich. Lekki deszcz wcale nam nie przeszkadza\u0142.<\/span><\/p>\n<p><span style=\"color: #000080;\">Po spacerze pojechali\u015bmy na nocleg do hotelu, gdzie czeka\u0142a na nas obiadokolacja. Trudno by\u0142o zasn\u0105\u0107 po dniu pe\u0142nym wra\u017ce\u0144, ale to chyba typowe dla wycieczkowicz\u00f3w. ?<\/span><\/p>\n<p><span style=\"color: #000080;\">Wtorek rozpocz\u0119li\u015bmy od zwiedzania Stadionu Narodowego. . Poznali\u015bmy trasy, kt\u00f3rymi poruszaj\u0105 si\u0119 fani pi\u0142ki w czasie meczu i odwiedzili\u015bmy r\u00f3wnie\u017c stref\u0119 VIP. Sprawdzili\u015bmy w jakich warunkach przebieraj\u0105 si\u0119 pi\u0142karze przed meczem oraz jak pracuj\u0105 dziennikarze w czasie imprez. Miejsce to dostarczy\u0142o nam wielu wra\u017ce\u0144 i &nbsp;emocji.<\/span><\/p>\n<p><span style=\"color: #000080;\">Nast\u0119pnie warszawskim metrem pojechali\u015bmy w &nbsp;kierunku Planetarium. Uczestniczyli\u015bmy w interesuj\u0105cym seansie na temat Ziemi, S\u0142o\u0144ca i Ksi\u0119\u017cyca. Niekt\u00f3rzy z nas na widok gwiazd zapadli w kr\u00f3tk\u0105 drzemk\u0119 ?<\/span><\/p>\n<p><span style=\"color: #000080;\">Po pysznym obiadku wyruszyli\u015bmy w drog\u0119 powrotn\u0105 do Hrubieszowa. Zadowoleni, zm\u0119czeni i z planami na kolejny szkolny wyjazd z tak fantastyczn\u0105 grup\u0105.<\/span><\/p>\n<p><span style=\"color: #000080;\">Serdeczne podzi\u0119kowania dla biura podro\u017cy Laguna Tour oraz dla wszystkich, kt\u00f3rzy przyczynili si\u0119 do zorganizowania naszej wizyty w stolicy Polski. &nbsp;&nbsp;<\/span><\/p>\nngg_shortcode_0_placeholder\n","protected":false},"excerpt":{"rendered":"<p>Ostatnie dni maja uczniowie z klas 4b, 5c i 6a sp\u0119dzili w Warszawie. Wycieczk\u0119 do stolicy naszego kraju rozpocz\u0119li\u015bmy od wizyty w Senacie. Wszystkim nam si\u0119 bardzo spodoba\u0142o to miejsce , szczeg\u00f3lnie gdy mogli\u015bmy zasi\u0105\u015b\u0107 w fotelach na sali obrad. Nast\u0119pnie udali\u015bmy si\u0119 do Centrum Nauki Kopernik. Sp\u0119dzili\u015bmy tam oko\u0142o 4 godzin, podczas kt\u00f3rych mieli\u015bmy [&hellip;]<\/p>\n","protected":false},"author":2,"featured_media":0,"parent":5983,"menu_order":0,"comment_status":"closed","ping_status":"closed","template":"","meta":{"ngg_post_thumbnail":0,"footnotes":""},"class_list":["post-15773","page","type-page","status-publish","hentry"],"_links":{"self":[{"href":"https:\/\/sp1hrubieszow.pl\/index.php\/wp-json\/wp\/v2\/pages\/15773","targetHints":{"allow":["GET"]}}],"collection":[{"href":"https:\/\/sp1hrubieszow.pl\/index.php\/wp-json\/wp\/v2\/pages"}],"about":[{"href":"https:\/\/sp1hrubieszow.pl\/index.php\/wp-json\/wp\/v2\/types\/page"}],"author":[{"embeddable":true,"href":"https:\/\/sp1hrubieszow.pl\/index.php\/wp-json\/wp\/v2\/users\/2"}],"replies":[{"embeddable":true,"href":"https:\/\/sp1hrubieszow.pl\/index.php\/wp-json\/wp\/v2\/comments?post=15773"}],"version-history":[{"count":1,"href":"https:\/\/sp1hrubieszow.pl\/index.php\/wp-json\/wp\/v2\/pages\/15773\/revisions"}],"predecessor-version":[{"id":15774,"href":"https:\/\/sp1hrubieszow.pl\/index.php\/wp-json\/wp\/v2\/pages\/15773\/revisions\/15774"}],"up":[{"embeddable":true,"href":"https:\/\/sp1hrubieszow.pl\/index.php\/wp-json\/wp\/v2\/pages\/5983"}],"wp:attachment":[{"href":"https:\/\/sp1hrubieszow.pl\/index.php\/wp-json\/wp\/v2\/media?parent=15773"}],"curies":[{"name":"wp","href":"https:\/\/api.w.org\/{rel}","templated":true}]}}