{"id":15704,"date":"2022-06-02T05:43:14","date_gmt":"2022-06-02T03:43:14","guid":{"rendered":"https:\/\/sp1hrubieszow.pl\/?page_id=15704"},"modified":"2022-06-02T05:43:48","modified_gmt":"2022-06-02T03:43:48","slug":"zapraszamy-na-memorial-im-miroslawa-szupra-turniej-pilki-noznej","status":"publish","type":"page","link":"https:\/\/sp1hrubieszow.pl\/index.php\/kronika-2020-2021\/zapraszamy-na-memorial-im-miroslawa-szupra-turniej-pilki-noznej\/","title":{"rendered":"Zapraszamy na Memoria\u0142 im. Miros\u0142awa Szupra Turniej Pi\u0142ki No\u017cnej"},"content":{"rendered":"\n<p><span style=\"color: #000080;\">Serdecznie zapraszamy do wzi\u0119cia udzia\u0142u w Turnieju Pi\u0142ki No\u017cnej.&nbsp; Szczeg\u00f3\u0142y w regulaminie:<\/span><\/p>\n<p><strong><span style=\"color: #000080;\"><a style=\"color: #000080;\" href=\"https:\/\/sp1hrubieszow.pl\/wp-content\/uploads\/2022\/06\/Regulamin-Turnieju.doc\">Regulamin Turnieju<\/a><\/span><\/strong><\/p>\n","protected":false},"excerpt":{"rendered":"<p>Serdecznie zapraszamy do wzi\u0119cia udzia\u0142u w Turnieju Pi\u0142ki No\u017cnej.&nbsp; Szczeg\u00f3\u0142y w regulaminie: Regulamin Turnieju<\/p>\n","protected":false},"author":2,"featured_media":0,"parent":5983,"menu_order":0,"comment_status":"closed","ping_status":"closed","template":"","meta":{"ngg_post_thumbnail":0,"footnotes":""},"class_list":["post-15704","page","type-page","status-publish","hentry"],"_links":{"self":[{"href":"https:\/\/sp1hrubieszow.pl\/index.php\/wp-json\/wp\/v2\/pages\/15704","targetHints":{"allow":["GET"]}}],"collection":[{"href":"https:\/\/sp1hrubieszow.pl\/index.php\/wp-json\/wp\/v2\/pages"}],"about":[{"href":"https:\/\/sp1hrubieszow.pl\/index.php\/wp-json\/wp\/v2\/types\/page"}],"author":[{"embeddable":true,"href":"https:\/\/sp1hrubieszow.pl\/index.php\/wp-json\/wp\/v2\/users\/2"}],"replies":[{"embeddable":true,"href":"https:\/\/sp1hrubieszow.pl\/index.php\/wp-json\/wp\/v2\/comments?post=15704"}],"version-history":[{"count":1,"href":"https:\/\/sp1hrubieszow.pl\/index.php\/wp-json\/wp\/v2\/pages\/15704\/revisions"}],"predecessor-version":[{"id":15705,"href":"https:\/\/sp1hrubieszow.pl\/index.php\/wp-json\/wp\/v2\/pages\/15704\/revisions\/15705"}],"up":[{"embeddable":true,"href":"https:\/\/sp1hrubieszow.pl\/index.php\/wp-json\/wp\/v2\/pages\/5983"}],"wp:attachment":[{"href":"https:\/\/sp1hrubieszow.pl\/index.php\/wp-json\/wp\/v2\/media?parent=15704"}],"curies":[{"name":"wp","href":"https:\/\/api.w.org\/{rel}","templated":true}]}}