{"id":15699,"date":"2022-06-02T05:36:16","date_gmt":"2022-06-02T03:36:16","guid":{"rendered":"https:\/\/sp1hrubieszow.pl\/?page_id=15699"},"modified":"2022-06-02T05:36:37","modified_gmt":"2022-06-02T03:36:37","slug":"ii-memorial-im-janiny-ewy-kitlinskiej","status":"publish","type":"page","link":"https:\/\/sp1hrubieszow.pl\/index.php\/kronika-2020-2021\/ii-memorial-im-janiny-ewy-kitlinskiej\/","title":{"rendered":"II Memoria\u0142 im. Janiny Ewy Kitli\u0144skiej"},"content":{"rendered":"\n<p><span style=\"color: #000080;\">Z okazji 100 &#8211; lecia hrubieszowskiego sportu 31.05. 2022r., &nbsp;na stadionie HOSiR odby\u0142 si\u0119&nbsp; II Memoria\u0142 im. Janiny Ewy Kitli\u0144skiej. &nbsp;Honorowy patronat nad imprez\u0105 obj\u0119\u0142a Burmistrz Miasta Hrubieszowa Pani Marta Majewska, &nbsp;za\u015b&nbsp; organizatorem by\u0142a Szko\u0142a Podstawowa Nr 1 w Hrubieszowie i Hrubieszowski O\u015brodek Sportu i Rekreacji.<\/span><\/p>\n<p><span style=\"color: #000080;\"><strong><a style=\"color: #000080;\" href=\"https:\/\/sp1hrubieszow.pl\/wp-content\/uploads\/2022\/06\/Komunikat-II-Memorial-im.-J.E.-Kitlinskiej-2022.docx\">Komunikat II Memoria\u0142 im. J.E. Kitli\u0144skiej 2022<\/a><\/strong><\/span><\/p>\n<p><span style=\"color: #000080;\">Link do zdj\u0119\u0107<\/span><\/p>\n<p><a href=\"https:\/\/drive.google.com\/drive\/folders\/1pGv1_8S9QaKtWBvLHdVNZU6U-z4JiF_u?usp=sharing\"><strong><span style=\"color: #000080;\">https:\/\/drive.google.com\/drive\/folders\/1pGv1_8S9QaKtWBvLHdVNZU6U-z4JiF_u?usp=sharing<\/span><\/strong><\/a><\/p>\n","protected":false},"excerpt":{"rendered":"<p>Z okazji 100 &#8211; lecia hrubieszowskiego sportu 31.05. 2022r., &nbsp;na stadionie HOSiR odby\u0142 si\u0119&nbsp; II Memoria\u0142 im. Janiny Ewy Kitli\u0144skiej. &nbsp;Honorowy patronat nad imprez\u0105 obj\u0119\u0142a Burmistrz Miasta Hrubieszowa Pani Marta Majewska, &nbsp;za\u015b&nbsp; organizatorem by\u0142a Szko\u0142a Podstawowa Nr 1 w Hrubieszowie i Hrubieszowski O\u015brodek Sportu i Rekreacji. Komunikat II Memoria\u0142 im. J.E. Kitli\u0144skiej 2022 Link do [&hellip;]<\/p>\n","protected":false},"author":2,"featured_media":0,"parent":5983,"menu_order":0,"comment_status":"closed","ping_status":"closed","template":"","meta":{"ngg_post_thumbnail":0,"footnotes":""},"class_list":["post-15699","page","type-page","status-publish","hentry"],"_links":{"self":[{"href":"https:\/\/sp1hrubieszow.pl\/index.php\/wp-json\/wp\/v2\/pages\/15699","targetHints":{"allow":["GET"]}}],"collection":[{"href":"https:\/\/sp1hrubieszow.pl\/index.php\/wp-json\/wp\/v2\/pages"}],"about":[{"href":"https:\/\/sp1hrubieszow.pl\/index.php\/wp-json\/wp\/v2\/types\/page"}],"author":[{"embeddable":true,"href":"https:\/\/sp1hrubieszow.pl\/index.php\/wp-json\/wp\/v2\/users\/2"}],"replies":[{"embeddable":true,"href":"https:\/\/sp1hrubieszow.pl\/index.php\/wp-json\/wp\/v2\/comments?post=15699"}],"version-history":[{"count":1,"href":"https:\/\/sp1hrubieszow.pl\/index.php\/wp-json\/wp\/v2\/pages\/15699\/revisions"}],"predecessor-version":[{"id":15700,"href":"https:\/\/sp1hrubieszow.pl\/index.php\/wp-json\/wp\/v2\/pages\/15699\/revisions\/15700"}],"up":[{"embeddable":true,"href":"https:\/\/sp1hrubieszow.pl\/index.php\/wp-json\/wp\/v2\/pages\/5983"}],"wp:attachment":[{"href":"https:\/\/sp1hrubieszow.pl\/index.php\/wp-json\/wp\/v2\/media?parent=15699"}],"curies":[{"name":"wp","href":"https:\/\/api.w.org\/{rel}","templated":true}]}}