{"id":15595,"date":"2022-05-28T15:54:05","date_gmt":"2022-05-28T13:54:05","guid":{"rendered":"https:\/\/sp1hrubieszow.pl\/?page_id=15595"},"modified":"2022-05-28T15:54:37","modified_gmt":"2022-05-28T13:54:37","slug":"projekt-fundacji-instytutu-edukacji-pozytywnej-klimat-szkoly-tworzymy-go-razem","status":"publish","type":"page","link":"https:\/\/sp1hrubieszow.pl\/index.php\/kronika-2020-2021\/projekt-fundacji-instytutu-edukacji-pozytywnej-klimat-szkoly-tworzymy-go-razem\/","title":{"rendered":"Projekt Fundacji Instytutu Edukacji Pozytywnej &#8222;Klimat szko\u0142y. Tworzymy go razem&#8221;"},"content":{"rendered":"\n<div class=\"kvgmc6g5 cxmmr5t8 oygrvhab hcukyx3x c1et5uql ii04i59q\">\n<div dir=\"auto\"><span style=\"color: #000080;\">Szko\u0142a Podstawowa Nr 1 im. Boles\u0142awa Prusa w Hrubieszowie uczestniczy w projekcie Fundacji Instytut Edukacji Pozytywnej &#8222;Klimat szko\u0142y. Tworzymy go razem&#8221;, kt\u00f3ry jest wsp\u00f3\u0142finansowany ze \u015brodk\u00f3w NPZ na lata 2021-2025 przekazanych przez Ministerstwo Edukacji i Nauki.<\/span><\/div>\n<div dir=\"auto\"><span style=\"color: #000080;\">Szko\u0142a zosta\u0142a przyj\u0119ta do program\u00f3w &#8222;Mediacje w szkole&#8221; oraz &#8222;Komunikacja bez przemocy (NVC)&#8221; i otrzyma wsparcie szkoleniowo-wdro\u017ceniowe w okresie 01.12.2021-31.12.2023.<\/span><\/div>\n<div dir=\"auto\"><span style=\"color: #000080;\">Informacje o programach:<\/span><\/div>\n<div dir=\"auto\"><span style=\"color: #000080;\">I. Komunikacja bez przemocy czyli NVC w szkole to program Instytutu Edukacji Pozytywnej, kt\u00f3ry ma na celu wspieranie i rozwijanie klimatu sprzyjaj\u0105cego zdrowiu psychicznemu dzieci i m\u0142odzie\u017cy. W ramach programu NVC w szkole rodzice i nauczyciele mog\u0105 uzyska\u0107:<\/span><\/div>\n<div dir=\"auto\"><span style=\"color: #000080;\">-certyfikacyjne szkolenia online zgodne z wymogami MEiN, MS<\/span><\/div>\n<div dir=\"auto\"><span style=\"color: #000080;\">i RPD (zakres podstawowy i rozszerzony);<\/span><\/div>\n<div dir=\"auto\"><span style=\"color: #000080;\">-szkolenia stacjonarne lub online dla rad pedagogicznych dotycz\u0105ce znaczenia NVC w procesach wychowawczych, profilaktycznych i edukacyjnych;<\/span><\/div>\n<div dir=\"auto\"><span style=\"color: #000080;\">-szkolenia stacjonarne lub online dla rodzic\u00f3w;<\/span><\/div>\n<div dir=\"auto\"><span style=\"color: #000080;\">-dost\u0119p do mini kurs\u00f3w tematycznych dla rodzic\u00f3w w formie online;<\/span><\/div>\n<div dir=\"auto\"><span style=\"color: #000080;\">-specjalistyczne konsultacje (specjali\u015bci NVC, psycholodzy, pedagodzy, prawnicy);<\/span><\/div>\n<div dir=\"auto\"><span style=\"color: #000080;\">-udzia\u0142 w dedykowanych konferencjach i wydarzeniach specjalnych;<\/span><\/div>\n<div dir=\"auto\"><span style=\"color: #000080;\">-sta\u0142\u0105 opiek\u0119 w zakresie organizacyjnym, merytorycznym i technicznym.<\/span><\/div>\n<div dir=\"auto\"><span style=\"color: #000080;\">II. Mediacje Szkolne i R\u00f3wie\u015bnicze to niezb\u0119dny element rozwoju<\/span><\/div>\n<div dir=\"auto\"><span style=\"color: #000080;\">i dzia\u0142ania ka\u017cdej plac\u00f3wki edukacyjnej i wychowawczej, kt\u00f3ra chce zbudowa\u0107 klimat sprzyjaj\u0105cy zdrowiu psychicznemu dzieci<\/span><\/div>\n<div dir=\"auto\"><span style=\"color: #000080;\">i m\u0142odzie\u017cy.<\/span><\/div>\n<div dir=\"auto\"><span style=\"color: #000080;\">W ramach programu \u201cMediacje w szkole\u201d otrzymujemy:<\/span><\/div>\n<div dir=\"auto\"><span style=\"color: #000080;\">\u2022 Certyfikacyjne szkolenia online na poziomie podstawowym i rozszerzonym;<\/span><\/div>\n<div dir=\"auto\"><span style=\"color: #000080;\">\u2022 Szkolenia stacjonarne lub online dla rad pedagogicznych, dotycz\u0105ce krok\u00f3w wdra\u017cania mediacji szkolnych i r\u00f3wie\u015bniczych jako elementu dzia\u0142a\u0144 wychowawczo-profilaktycznych plac\u00f3wki;<\/span><\/div>\n<div dir=\"auto\"><span style=\"color: #000080;\">\u2022 Szkolenia dla ch\u0119tnych opiekun\u00f3w mediacji i mediator\u00f3w szkolnych;<\/span><\/div>\n<div dir=\"auto\"><span style=\"color: #000080;\">\u2022 Warsztaty dla Szkolnych Klub\u00f3w Mediacji;<\/span><\/div>\n<div dir=\"auto\"><span style=\"color: #000080;\">\u2022 Dost\u0119p do Mini -Kurs\u00f3w tematycznych dla m\u0142odzie\u017cy w formie Online;<\/span><\/div>\n<div dir=\"auto\"><span style=\"color: #000080;\">\u2022 Specjalistyczne Konsultacje (Certyfikowani mediatorzy, psycholodzy, pedagodzy, prawnicy);<\/span><\/div>\n<div dir=\"auto\"><span style=\"color: #000080;\">\u2022 Udzia\u0142 w dedykowanych konferencjach i wydarzeniach specjalnych;<\/span><\/div>\n<div dir=\"auto\"><span style=\"color: #000080;\">\u2022 Sta\u0142\u0105 opiek\u0119 w zakresie organizacyjnym, merytorycznym i technicznym.<\/span><\/div>\n<\/div>\n<div class=\"cxmmr5t8 oygrvhab hcukyx3x c1et5uql o9v6fnle ii04i59q\">\n<div dir=\"auto\"><span style=\"color: #000080;\">Link do platformy NVC w szkole: <a class=\"oajrlxb2 g5ia77u1 qu0x051f esr5mh6w e9989ue4 r7d6kgcz rq0escxv nhd2j8a9 nc684nl6 p7hjln8o kvgmc6g5 cxmmr5t8 oygrvhab hcukyx3x jb3vyjys rz4wbd8a qt6c0cv9 a8nywdso i1ao9s8h esuyzwwr f1sip0of lzcic4wl gpro0wi8 py34i1dx\" style=\"color: #000080;\" tabindex=\"0\" role=\"link\" href=\"https:\/\/nvcwszkole.pl\/szkolenia-dla-rodzicow\/?fbclid=IwAR08MudNkhN7f0oYSMA7CXiLC02aRxIE7P9B4GTWWoRpqPFD7WJbpp1gzik\" target=\"_blank\" rel=\"nofollow noopener\">https:\/\/nvcwszkole.pl\/szkolenia-dla-rodzicow\/<\/a><\/span><\/div>\n<div dir=\"auto\">&nbsp;<\/div>\n<div dir=\"auto\"><span style=\"color: #000080;\">Informacji dotycz\u0105cych program\u00f3w udziela koordynator.<\/span><\/div>\n<div dir=\"auto\"><span style=\"color: #000080;\">Koordynatorem program\u00f3w w SP Nr 1 w Hrubieszowie jest Marta Kuczy\u0144ska, pedagog szkolny, opiekun Szkolnego Klubu Mediatora<\/span><\/div>\n<\/div>\n<div dir=\"auto\">&nbsp;<\/div>\n<div dir=\"auto\">\nngg_shortcode_0_placeholder\n<\/div>\n","protected":false},"excerpt":{"rendered":"<p>Szko\u0142a Podstawowa Nr 1 im. Boles\u0142awa Prusa w Hrubieszowie uczestniczy w projekcie Fundacji Instytut Edukacji Pozytywnej &#8222;Klimat szko\u0142y. Tworzymy go razem&#8221;, kt\u00f3ry jest wsp\u00f3\u0142finansowany ze \u015brodk\u00f3w NPZ na lata 2021-2025 przekazanych przez Ministerstwo Edukacji i Nauki. Szko\u0142a zosta\u0142a przyj\u0119ta do program\u00f3w &#8222;Mediacje w szkole&#8221; oraz &#8222;Komunikacja bez przemocy (NVC)&#8221; i otrzyma wsparcie szkoleniowo-wdro\u017ceniowe w okresie [&hellip;]<\/p>\n","protected":false},"author":2,"featured_media":0,"parent":5983,"menu_order":0,"comment_status":"closed","ping_status":"closed","template":"","meta":{"ngg_post_thumbnail":0,"footnotes":""},"class_list":["post-15595","page","type-page","status-publish","hentry"],"_links":{"self":[{"href":"https:\/\/sp1hrubieszow.pl\/index.php\/wp-json\/wp\/v2\/pages\/15595","targetHints":{"allow":["GET"]}}],"collection":[{"href":"https:\/\/sp1hrubieszow.pl\/index.php\/wp-json\/wp\/v2\/pages"}],"about":[{"href":"https:\/\/sp1hrubieszow.pl\/index.php\/wp-json\/wp\/v2\/types\/page"}],"author":[{"embeddable":true,"href":"https:\/\/sp1hrubieszow.pl\/index.php\/wp-json\/wp\/v2\/users\/2"}],"replies":[{"embeddable":true,"href":"https:\/\/sp1hrubieszow.pl\/index.php\/wp-json\/wp\/v2\/comments?post=15595"}],"version-history":[{"count":1,"href":"https:\/\/sp1hrubieszow.pl\/index.php\/wp-json\/wp\/v2\/pages\/15595\/revisions"}],"predecessor-version":[{"id":15596,"href":"https:\/\/sp1hrubieszow.pl\/index.php\/wp-json\/wp\/v2\/pages\/15595\/revisions\/15596"}],"up":[{"embeddable":true,"href":"https:\/\/sp1hrubieszow.pl\/index.php\/wp-json\/wp\/v2\/pages\/5983"}],"wp:attachment":[{"href":"https:\/\/sp1hrubieszow.pl\/index.php\/wp-json\/wp\/v2\/media?parent=15595"}],"curies":[{"name":"wp","href":"https:\/\/api.w.org\/{rel}","templated":true}]}}