{"id":15581,"date":"2022-05-25T14:32:50","date_gmt":"2022-05-25T12:32:50","guid":{"rendered":"https:\/\/sp1hrubieszow.pl\/?page_id=15581"},"modified":"2022-05-25T14:34:29","modified_gmt":"2022-05-25T12:34:29","slug":"ogolnopolski-konkurs-profilaktyczny-dla-szkol-pt-w-tandemie-sila-profilaktyka-uniwersalna-domu-i-szkole","status":"publish","type":"page","link":"https:\/\/sp1hrubieszow.pl\/index.php\/kronika-2020-2021\/ogolnopolski-konkurs-profilaktyczny-dla-szkol-pt-w-tandemie-sila-profilaktyka-uniwersalna-domu-i-szkole\/","title":{"rendered":"Og\u00f3lnopolski konkurs profilaktyczny dla szk\u00f3\u0142 pt. \u201eW TANDEMie si\u0142a! Profilaktyka uniwersalna domu i szkole\u201d"},"content":{"rendered":"\n<div class=\"kvgmc6g5 cxmmr5t8 oygrvhab hcukyx3x c1et5uql ii04i59q\">\n<div dir=\"auto\"><span style=\"color: #000080;\">W II p\u00f3\u0142roczu roku szkolnego 2021\/2022, nasza szko\u0142a podj\u0119\u0142a si\u0119 udzia\u0142u w konkursie Firmy Tandem \u2013 warsztaty pedagogiczne, profilaktyka uniwersalna, kt\u00f3rego celem jest promocja profilaktyki uniwersalnej w szkole. W ramach konkursu pt. \u201eW TANDEMie si\u0142a! Profilaktyka uniwersalna domu i szkole\u201d zorganizowali\u015bmy \u201eDzie\u0144 Zdrowia Psychicznego\u201d, kt\u00f3ry odby\u0142 si\u0119 18.05.2022r.<\/span><\/div>\n<div dir=\"auto\"><span style=\"color: #000080;\">W miesi\u0105cu maju, wychowawcy poszczeg\u00f3lnych klas oraz pedagog szkolny, zorganizowali zaj\u0119cia wychowawcze, po\u015bwi\u0119cone profilaktyce zdrowia fizycznego i psychicznego, w tym profilaktyce uzale\u017cnie\u0144. Samorz\u0105d Uczniowski og\u0142osi\u0142 szkolny konkurs na \u201eGazetk\u0119 profilaktyczn\u0105\u201d. Uczniowie poszczeg\u00f3lnych klas, wykonali gazetki \u015bcienne i plakaty o tematyce profilaktycznej, kt\u00f3re komisja konkursowa, sk\u0142adaj\u0105ca si\u0119 z uczni\u00f3w i nauczycieli oceni\u0142a w dw\u00f3ch kategoriach wiekowych: klasy I-III oraz klasy IV-VIII.<\/span><\/div>\n<div dir=\"auto\"><span style=\"color: #000080;\">W\u015br\u00f3d uczni\u00f3w m\u0142odszych nagrodzono prace nast\u0119puj\u0105cych klas:<\/span><\/div>\n<div dir=\"auto\"><span style=\"color: #000080;\">I miejsce: klasa IIa, wych. p. Katarzyna Sztuk<\/span><\/div>\n<div dir=\"auto\"><span style=\"color: #000080;\">II miejsce: klasa IIIa, wych. p. Renata Pacza\u0142a<\/span><\/div>\n<div dir=\"auto\"><span style=\"color: #000080;\">III miejsce: klasa Ic, wych. P. Joanna Nazar<\/span><\/div>\n<div dir=\"auto\"><span style=\"color: #000080;\">Wyr\u00f3\u017cnienia: klasa III c-wych. p. Joanna Bartnik<\/span><\/div>\n<div dir=\"auto\"><span style=\"color: #000080;\">klasa IIIb, wych. p. Jolanta Podlewska oraz klasa Ib- wych. p. Monika Korneluk<\/span><\/div>\n<div dir=\"auto\"><span style=\"color: #000080;\">W\u015br\u00f3d uczni\u00f3w starszych nagrodzono prace nast\u0119puj\u0105cych klas:<\/span><\/div>\n<div dir=\"auto\"><span style=\"color: #000080;\">I miejsce: klasa Vc- wych. p. Anna Lewandowska<\/span><\/div>\n<div dir=\"auto\"><span style=\"color: #000080;\">II miejsce: klasa Vb- wych.p. Ewa Filipowicz-Sidorczuk<\/span><\/div>\n<div dir=\"auto\"><span style=\"color: #000080;\">III miejsce: klasa VIIIc, wych.p. Ma\u0142gorzata Szumiata<\/span><\/div>\n<div dir=\"auto\"><span style=\"color: #000080;\">Wyr\u00f3\u017cnienia: klasa VIIIa, wych. p. Arleta Kowalska, klasa IVc, wych. p. Monika Jako\u015b-W\u00f3r<\/span><\/div>\n<div dir=\"auto\"><span style=\"color: #000080;\">Zwyci\u0119skie klasy nagrodzono dyplomami oraz grami planszowymi.<\/span><\/div>\n<div dir=\"auto\">&nbsp;<\/div>\n<div dir=\"auto\"><span style=\"color: #000080;\">18 maja 2022r., w \u201eDniu Zdrowia Psychicznego\u201d, Samorz\u0105d Uczniowski zorganizowa\u0142 tak\u017ce \u201eTor przeszk\u00f3d z Alkogoglami i Narkogoglami\u201d; poprzez udzia\u0142 w tym przedsi\u0119wzi\u0119ciu uczniowie mogli si\u0119 przekona\u0107 o tym, jak bardzo u\u017cywki zmieniaj\u0105 \u015bwiadomo\u015b\u0107 cz\u0142owieka, odbieraj\u0105 mu kontrol\u0119 nad sob\u0105 samym a przede wszystkim zafa\u0142szowuj\u0105 rzeczywisto\u015b\u0107.<\/span><\/div>\n<div dir=\"auto\"><span style=\"color: #000080;\">W bibliotece szkolnej zorganizowano \u201eWystaw\u0119 Ksi\u0105\u017cek o emocjach\u201d, kt\u00f3r\u0105 mogli obejrze\u0107 wszyscy uczniowie. Na wystawie znalaz\u0142y si\u0119 dostosowane do wieku czytelnik\u00f3w ksi\u0105\u017cki, opowiadaj\u0105ce o radzeniu sobie z uczuciami i emocjami, zw\u0142aszcza tymi, kt\u00f3re s\u0105 dla nas trudne. W ramach udzia\u0142u naszej szko\u0142y w konkursie, gazetk\u0119 profilaktyczn\u0105 z poradami profilaktycznymi dla uczni\u00f3w wykona\u0142 pedagog szkolny. Na gazetce znalaz\u0142a si\u0119 ciekawa infografika firmy Tandem, zach\u0119caj\u0105ca dzieci i m\u0142odzie\u017c do szukania pomocy u innych w sytuacjach, kt\u00f3re uwa\u017caj\u0105 za trudne.<\/span><\/div>\n<div dir=\"auto\"><span style=\"color: #000080;\">Miejmy nadziej\u0119, \u017ce nasze dzia\u0142ania spodobaj\u0105 si\u0119 organizatorowi konkursu, firmie \u201eTANDEM \u2013 warsztaty pedagogiczne, profilaktyka uniwersalna Kamila Suse\u0142\u201d, z kt\u00f3r\u0105 od pewnego czasu wsp\u00f3\u0142pracujemy podczas realizacji warto\u015bciowych warsztat\u00f3w profilaktycznych. Wi\u0119cej informacji o idei konkursu na stronie organizatora <a class=\"oajrlxb2 g5ia77u1 qu0x051f esr5mh6w e9989ue4 r7d6kgcz rq0escxv nhd2j8a9 nc684nl6 p7hjln8o kvgmc6g5 cxmmr5t8 oygrvhab hcukyx3x jb3vyjys rz4wbd8a qt6c0cv9 a8nywdso i1ao9s8h esuyzwwr f1sip0of lzcic4wl gpro0wi8 py34i1dx\" style=\"color: #000080;\" tabindex=\"0\" role=\"link\" href=\"https:\/\/l.facebook.com\/l.php?u=http%3A%2F%2Fwww.TANDEMwarsztaty.pl%2F%3Ffbclid%3DIwAR18OJnwd_xL263BPxa9BRZKhKB1xQ6JkxZVGMBkf4C-qLxunNbuDZnf048&amp;h=AT3MZLn1ucB4hYjLNq8KuSLLLL8TQMXmW1CO3B6pqMZ8JRU7Y8LzhL0aqHMIDfK6Wwo4NYhRvD_9RWofkglHB00DfOxn917m6k9lCZIa_YDp4EDTuFVJuwFFOyDK2QJA3f4z&amp;__tn__=-UK-R&amp;c[0]=AT2gcfxDlAslGTLV8ceryR1jNAKHeFr5ZnJv5E3Wd2kgAd2tw_FTNUtB15mk3Kg1SXyp13FrCIzTDLo-hk28qAuqClgi7aNJ_aiVkkjYRzhw0xfMzsJcpoDf1Em4yrZBhKm-bx19fwe9MXejjd8SXDceJF6W12NBF7RUw1vonFQshE-Q5uEyrpnNAsZ58tfu3kVM7ddh\" target=\"_blank\" rel=\"nofollow noopener\">www.TANDEMwarsztaty.pl<\/a><\/span><\/div>\n<div dir=\"auto\">&nbsp;<\/div>\n<\/div>\n<div class=\"cxmmr5t8 oygrvhab hcukyx3x c1et5uql o9v6fnle ii04i59q\">\n<div dir=\"auto\" style=\"text-align: right;\"><span style=\"color: #000080;\">Marta Kuczy\u0144ska, pedagog szkolny<\/span><\/div>\n<div dir=\"auto\" style=\"text-align: right;\"><span style=\"color: #000080;\">Anna Lewandowska i Sylwa Wojak, opiekunowie Samorz\u0105du Uczniowskiego<\/span><\/div>\n<div dir=\"auto\">\nngg_shortcode_0_placeholder\n<\/div>\n<\/div>\n","protected":false},"excerpt":{"rendered":"<p>W II p\u00f3\u0142roczu roku szkolnego 2021\/2022, nasza szko\u0142a podj\u0119\u0142a si\u0119 udzia\u0142u w konkursie Firmy Tandem \u2013 warsztaty pedagogiczne, profilaktyka uniwersalna, kt\u00f3rego celem jest promocja profilaktyki uniwersalnej w szkole. W ramach konkursu pt. \u201eW TANDEMie si\u0142a! Profilaktyka uniwersalna domu i szkole\u201d zorganizowali\u015bmy \u201eDzie\u0144 Zdrowia Psychicznego\u201d, kt\u00f3ry odby\u0142 si\u0119 18.05.2022r. W miesi\u0105cu maju, wychowawcy poszczeg\u00f3lnych klas oraz [&hellip;]<\/p>\n","protected":false},"author":2,"featured_media":0,"parent":5983,"menu_order":0,"comment_status":"closed","ping_status":"closed","template":"","meta":{"ngg_post_thumbnail":0,"footnotes":""},"class_list":["post-15581","page","type-page","status-publish","hentry"],"_links":{"self":[{"href":"https:\/\/sp1hrubieszow.pl\/index.php\/wp-json\/wp\/v2\/pages\/15581","targetHints":{"allow":["GET"]}}],"collection":[{"href":"https:\/\/sp1hrubieszow.pl\/index.php\/wp-json\/wp\/v2\/pages"}],"about":[{"href":"https:\/\/sp1hrubieszow.pl\/index.php\/wp-json\/wp\/v2\/types\/page"}],"author":[{"embeddable":true,"href":"https:\/\/sp1hrubieszow.pl\/index.php\/wp-json\/wp\/v2\/users\/2"}],"replies":[{"embeddable":true,"href":"https:\/\/sp1hrubieszow.pl\/index.php\/wp-json\/wp\/v2\/comments?post=15581"}],"version-history":[{"count":2,"href":"https:\/\/sp1hrubieszow.pl\/index.php\/wp-json\/wp\/v2\/pages\/15581\/revisions"}],"predecessor-version":[{"id":15583,"href":"https:\/\/sp1hrubieszow.pl\/index.php\/wp-json\/wp\/v2\/pages\/15581\/revisions\/15583"}],"up":[{"embeddable":true,"href":"https:\/\/sp1hrubieszow.pl\/index.php\/wp-json\/wp\/v2\/pages\/5983"}],"wp:attachment":[{"href":"https:\/\/sp1hrubieszow.pl\/index.php\/wp-json\/wp\/v2\/media?parent=15581"}],"curies":[{"name":"wp","href":"https:\/\/api.w.org\/{rel}","templated":true}]}}