{"id":1554,"date":"2019-06-18T09:21:38","date_gmt":"2019-06-18T07:21:38","guid":{"rendered":"http:\/\/sp1.hrubieszow.info\/?page_id=1554"},"modified":"2019-06-18T09:21:38","modified_gmt":"2019-06-18T07:21:38","slug":"podsumowanie-dzialan-klubu-ortograffiti-2019","status":"publish","type":"page","link":"https:\/\/sp1hrubieszow.pl\/index.php\/nauczyciele\/pedagog\/pedagog-2019\/podsumowanie-dzialan-klubu-ortograffiti-2019\/","title":{"rendered":"Podsumowanie dzia\u0142a\u0144 \u201eKlubu Ortograffiti\u201d -2019"},"content":{"rendered":"\n<p style=\"text-align: justify;\">&nbsp;<\/p>\n<p style=\"text-align: justify;\"><span style=\"color: #000080;\">W roku szkolnym 2018\/2019 w Szkole Podstawowej Nr 1 w Hrubieszowie realizowana by\u0142a innowacja pedagogiczna \u201eKlub Ortograffiti\u201d.&nbsp; Innowacja polega\u0142a na przekszta\u0142cenia zaj\u0119\u0107 <\/span><br><span style=\"color: #000080;\">z zakresu pomocy psychologiczno-pedagogicznej w szersz\u0105 formu\u0142\u0119, kt\u00f3ra sta\u0142a si\u0119 dla uczni\u00f3w nie tylko rodzajem terapii trudno\u015bci w czytaniu i pisaniu ale tak\u017ce pozwoli\u0142a im odkry\u0107 sw\u00f3j potencja\u0142, rozwin\u0105\u0107 kompetencje kluczowe a z mocnych stron uczyni\u0107 atut.<\/span><\/p>\n<p style=\"text-align: justify;\"><span style=\"color: #000080;\">Opr\u00f3cz zaj\u0119\u0107 korekcyjno-kompensacyjnych w poszczeg\u00f3lnych grupach, realizowanych metod\u0105 Ortograffiti, odbywa\u0142y si\u0119 dzia\u0142ania, anga\u017cuj\u0105ce spo\u0142eczno\u015b\u0107 szkoln\u0105.<\/span><\/p>\n<p style=\"text-align: justify;\"><span style=\"color: #000080;\">Klubowicze otrzymali atrakcyjne gad\u017cety klubowe oraz legitymacje, w kt\u00f3rych odnotowywano ich sukcesy i osi\u0105gni\u0119cia.<\/span><\/p>\n<p style=\"text-align: justify;\"><span style=\"color: #000080;\">W ramach innowacji, realizowany by\u0142 program \u201eStarsi-m\u0142odszym\u201d w ramach kt\u00f3rego odbywa\u0142y si\u0119 comiesi\u0119czne akcje edukacyjno-integracyjne dla r\u00f3\u017cnych klas i grup.<\/span><\/p>\n<p style=\"text-align: justify;\"><span style=\"color: #000080;\">Odby\u0142y si\u0119 nast\u0119puj\u0105ce dzia\u0142ania:<\/span><\/p>\n<ol style=\"text-align: justify;\">\n<li><span style=\"color: #000080;\">Wrzesie\u0144 2018r. Akcja czytelnicza \u201eCzytanie na szko\u0142y powitanie\u201d w kl. 1b,<\/span><\/li>\n<li><span style=\"color: #000080;\">Pa\u017adziernik 2018r. Konkursy plastyczne \u201eZak\u0142adka dla Bratka\u201d i \u201eGraffiti dla<\/span><br><span style=\"color: #000080;\">Ortograffiti\u201d oraz akcja czytelnicza \u201eCzytam z Bratkiem w bibliotece\u201d, kl.0-5,<\/span><\/li>\n<li><span style=\"color: #000080;\">Listopad 2018r. \u201eOdlotowy Turniej Ortobratkowy\u201d w kl. 2a,<\/span><\/li>\n<li><span style=\"color: #000080;\">Grudzie\u0144 2018r. \u201e Mania ortograficznego grania-tworzymy plansz\u00f3wk\u0119\u201d <\/span><br><span style=\"color: #000080;\">grupy terapeutyczne,<\/span><\/li>\n<li><span style=\"color: #000080;\">Stycze\u0144 2019r. \u201eMania ortograficznego grania-dywanik ortograficzny\u201d w kl. 3a,<\/span><\/li>\n<li><span style=\"color: #000080;\">Luty 2019r. \u201eRymowanki dla kolegi i kole\u017canki\u201d, kl. 2b,<\/span><\/li>\n<li><span style=\"color: #000080;\">Marzec 2019r. \u201eJak opanowa\u0107 trudne s\u0142\u00f3wka radzi s\u00f3wka-m\u0105dra g\u0142\u00f3wka\u201d; tworzenie <\/span><br><span style=\"color: #000080;\">map my\u015bli i plakat\u00f3w ortograficznych w grupach, kl. 2a, 2b,<\/span><\/li>\n<li><span style=\"color: #000080;\">Kwiecie\u0144 2019r. \u201eCzytanie i rysowanie czyli Dnia Ksi\u0105\u017cki \u015bwi\u0119towanie\u201d, akcja czytelnicza<\/span><br><span style=\"color: #000080;\">w kl. 1c,<\/span><\/li>\n<li><span style=\"color: #000080;\">Maj 2019r. \u201eOrtograficzne dwa ognie\u201d w kl. 4b,<\/span><br><span style=\"color: #000080;\">10. Czerwiec 2019r. \u201eOrtograficzne baloniki przebijaj\u0105 smyki\u201d w kl.2c.<\/span><\/li>\n<\/ol>\n<p style=\"text-align: justify;\"><span style=\"color: #000080;\">Podejmowane dzia\u0142ania mia\u0142y za zadanie budowa\u0107 zainteresowania czytelnicze, utrwala\u0107 ortograficzne zasady pisowni oraz rozwija\u0107 zdolno\u015bci tw\u00f3rcze i organizatorskie uczni\u00f3w.<\/span><\/p>\n<p style=\"text-align: justify;\"><span style=\"color: #000080;\">Informacje zwrotne pochodz\u0105ce od uczestnik\u00f3w dzia\u0142a\u0144 i ich rodzic\u00f3w potwierdzaj\u0105, \u017ce warto by\u0142oJ Na pami\u0105tk\u0119 wsp\u00f3lnych zaj\u0119\u0107 Klubowicze zrzeszeni w \u201eKlubie Ortograffiti\u201d otrzymali pami\u0105tkowe dyplomy.<\/span><\/p>\n<p style=\"text-align: justify;\">&nbsp;<\/p>\n<p style=\"text-align: justify;\"><span style=\"color: #000080;\">Realizator innowacji pedagogicznej \u201eKlub Ortograffiti\u201d-Marta Kuczy\u0144ska, pedagog-terapeuta<\/span><\/p>\nngg_shortcode_0_placeholder\n","protected":false},"excerpt":{"rendered":"<p>&nbsp; W roku szkolnym 2018\/2019 w Szkole Podstawowej Nr 1 w Hrubieszowie realizowana by\u0142a innowacja pedagogiczna \u201eKlub Ortograffiti\u201d.&nbsp; Innowacja polega\u0142a na przekszta\u0142cenia zaj\u0119\u0107 z zakresu pomocy psychologiczno-pedagogicznej w szersz\u0105 formu\u0142\u0119, kt\u00f3ra sta\u0142a si\u0119 dla uczni\u00f3w nie tylko rodzajem terapii trudno\u015bci w czytaniu i pisaniu ale tak\u017ce pozwoli\u0142a im odkry\u0107 sw\u00f3j potencja\u0142, rozwin\u0105\u0107 kompetencje kluczowe a [&hellip;]<\/p>\n","protected":false},"author":1,"featured_media":0,"parent":75,"menu_order":13,"comment_status":"closed","ping_status":"closed","template":"","meta":{"ngg_post_thumbnail":0,"footnotes":""},"class_list":["post-1554","page","type-page","status-publish","hentry"],"_links":{"self":[{"href":"https:\/\/sp1hrubieszow.pl\/index.php\/wp-json\/wp\/v2\/pages\/1554","targetHints":{"allow":["GET"]}}],"collection":[{"href":"https:\/\/sp1hrubieszow.pl\/index.php\/wp-json\/wp\/v2\/pages"}],"about":[{"href":"https:\/\/sp1hrubieszow.pl\/index.php\/wp-json\/wp\/v2\/types\/page"}],"author":[{"embeddable":true,"href":"https:\/\/sp1hrubieszow.pl\/index.php\/wp-json\/wp\/v2\/users\/1"}],"replies":[{"embeddable":true,"href":"https:\/\/sp1hrubieszow.pl\/index.php\/wp-json\/wp\/v2\/comments?post=1554"}],"version-history":[{"count":1,"href":"https:\/\/sp1hrubieszow.pl\/index.php\/wp-json\/wp\/v2\/pages\/1554\/revisions"}],"predecessor-version":[{"id":1555,"href":"https:\/\/sp1hrubieszow.pl\/index.php\/wp-json\/wp\/v2\/pages\/1554\/revisions\/1555"}],"up":[{"embeddable":true,"href":"https:\/\/sp1hrubieszow.pl\/index.php\/wp-json\/wp\/v2\/pages\/75"}],"wp:attachment":[{"href":"https:\/\/sp1hrubieszow.pl\/index.php\/wp-json\/wp\/v2\/media?parent=1554"}],"curies":[{"name":"wp","href":"https:\/\/api.w.org\/{rel}","templated":true}]}}