{"id":1552,"date":"2019-06-18T09:17:08","date_gmt":"2019-06-18T07:17:08","guid":{"rendered":"http:\/\/sp1.hrubieszow.info\/?page_id=1552"},"modified":"2019-06-18T09:24:25","modified_gmt":"2019-06-18T07:24:25","slug":"projekt-mysle-pozytywnie-ii-polrocze-2018-2019","status":"publish","type":"page","link":"https:\/\/sp1hrubieszow.pl\/index.php\/nauczyciele\/pedagog\/pedagog-2019\/projekt-mysle-pozytywnie-ii-polrocze-2018-2019\/","title":{"rendered":"Projekt \u201eMy\u015bl\u0119 Pozytywnie\u201d II p\u00f3\u0142rocze 2018\/2019"},"content":{"rendered":"\n<p style=\"text-align: justify;\">&nbsp;<\/p>\n<p style=\"text-align: justify;\">&nbsp;<\/p>\n<p style=\"text-align: justify;\"><span style=\"color: #003366;\">W II p\u00f3\u0142roczu roku szkolnego 2018\/2019, na terenie Szko\u0142y Podstawowej Nr 1 im. Boles\u0142awa Prusa w Hrubieszowie realizowano i koordynowano projekt pt. \u201eMy\u015bl\u0119 Pozytywnie\u201d,<\/span><\/p>\n<p style=\"text-align: justify;\"><span style=\"color: #003366;\">w ramach &nbsp;programu: \u201eSzko\u0142a My\u015blenia Pozytywnego\u201d, kt\u00f3ry przebiega pod patronatem MEN oraz Narodowego Programu Zdrowia na lata 2016-2020. Na bie\u017c\u0105co&nbsp; odbywa\u0142o si\u0119 wykonywanie przez szko\u0142\u0119 zada\u0144 w ramach programu certyfikacyjnego dla szk\u00f3\u0142 oraz raportowanie wykonania poszczeg\u00f3lnych&nbsp; zada\u0144 na platformie on-line.<\/span><\/p>\n<p style=\"text-align: justify;\"><span style=\"color: #003366;\"><u>W ramach zadania na luty<\/u>&#8211; nauczyciele odbyli szkolenie on-line na \u201ePlatformie Wsparcia\u201d. Szkolenia dotyczy\u0142y diagnozy problem\u00f3w psychicznych dzieci i m\u0142odzie\u017cy w szkole, wsp\u00f3\u0142pracy rodzic\u00f3w i nauczycieli w zakresie ochrony zdrowia psychicznego uczni\u00f3w.<\/span><\/p>\n<p style=\"text-align: justify;\"><span style=\"color: #003366;\"><u>W ramach zadania na marzec<\/u>&#8211; odby\u0142y si\u0119 zaj\u0119cia wychowawcze w klasach wed\u0142ug scenariuszy i materia\u0142\u00f3w programowych pt. \u201eAle plama\u201d, \u201eJestem sieciopozytywny\u201d, \u201eJestem tw\u00f3rc\u0105 w sieci-piszemy ba\u015b\u0144\u201d, \u201eMoje zdj\u0119cia w sieci i poza ni\u0105\u201d, \u201eMy\u015bl\u0119, wi\u0119c nie \u015bl\u0119\u201d, \u201eUmiej\u0119tno\u015b\u0107 krytycznego my\u015blenia, spojrzenia na&nbsp; budowane wzorce medialne\u201d. Zaj\u0119cia zosta\u0142y przeprowadzone w &nbsp;klasach: 1a,5b,5d, 6c, 7b, 6a.<\/span><br><span style=\"color: #003366;\"><u>W ramach zadania na <\/u><u>kwiecie\u0144\/maj<\/u>:&nbsp; zorganizowano spotkania z rodzicami promuj\u0105ce zdrowie psychiczne dzieci i m\u0142odzie\u017cy.&nbsp; Przeprowadzono&nbsp; zaj\u0119cia warsztatowe dla rodzic\u00f3w w ramach warsztat\u00f3w \u201eM\u0105drzy Rodzice\u201d oraz grupy wsparcia, kt\u00f3ra zorganizowana zosta\u0142a<\/span><br><span style=\"color: #003366;\">&nbsp;w kwietniu, w godzinach popo\u0142udniowych w bibliotece \u201eZielony Kot\u201d. Poruszano tematyk\u0119 <\/span><br><span style=\"color: #003366;\">\u201e Pozytywne my\u015blenia na co dzie\u0144\u201d, \u201cKomunikacja z dzieckiem\u201d,&nbsp;\u201cRodzic jako lider\u201d. Prezentowano stron\u0119 projektu \u201eMy\u015bl\u0119 pozytywnie\u201d, zapoznano z materia\u0142ami programowymi. Polecono literatur\u0119 dla rodzic\u00f3w np. ksi\u0105\u017cki Jespera Juula. Podczas zebra\u0144 z rodzicami w dniu 14.05.2019r. rodzice uczni\u00f3w z dw\u00f3ch klas wzi\u0119li udzia\u0142 w zaj\u0119ciach wed\u0142ug scenariuszy <\/span><br><span style=\"color: #003366;\">i z wykorzystaniem materia\u0142\u00f3w: \u201cCzy znasz swoj\u0105 c\u00f3rk\u0119, swojego syna?\u201d,&nbsp;\u201cCzas wolny daje si\u0142\u0119 do dzia\u0142ania\u201d.<\/span><\/p>\n<p style=\"text-align: justify;\"><span style=\"color: #003366;\"><u>W ramach zadania na maj<\/u>: klasy i grupy w\u0142\u0105czy\u0142y si\u0119 w wykonanie gazetki, tablicy promocyjno-informacyjnej &nbsp;wed\u0142ug podanej tematyki \u201ePomaganie daje moc\u201d oraz \u201eNie jeste\u015b sam\u201d; wykonawcami by\u0142y : kl. 6c, 7b, oraz grupa ze&nbsp; \u015bwietlicy szkolnej. Zadaniem grup by\u0142o interpretowanie &nbsp;hase\u0142 i praca nad tablic\u0105 przeprowadzona metod\u0105 projektow\u0105 w formie zespo\u0142owej z wykorzystaniem element\u00f3w arteterapii.<\/span><\/p>\n<p style=\"text-align: justify;\"><span style=\"color: #003366;\"><u>W ramach zadania<\/u><u> na czerwiec<\/u>: odby\u0142a si\u0119 praca indywidualna uczni\u00f3w, polegaj\u0105ca na wykonaniu zdj\u0119cia lub kola\u017cu pt. \u201eTo co wa\u017cne\u201d. Wybrane prace zosta\u0142y przes\u0142ane do organizatora programu.<\/span><\/p>\n<p style=\"text-align: justify;\"><span style=\"color: #003366;\">W II p\u00f3\u0142roczu 2018\/2019, na wyr\u00f3\u017cnienie zas\u0142uguje zaanga\u017cowana praca: grupy \u015bwietlicowej pod kierunkiem p. Pauliny Seweryn, kl. 1a pod kierunkiem p. Ma\u0142gorzaty Serafin, kl. 5b, pod kierunkiem p. Moniki Czulak, kl. 5d pod kierunkiem p. Anety Rycerz, kl.6c pod kierunkiem p. Marty Lackowskiej oraz kl. 7b, pod kierunkiem p. Anny Lewandowskiej.<\/span><\/p>\n<p style=\"text-align: justify;\"><span style=\"color: #003366;\">Na jesieni w\u0142\u0105czymy si\u0119 w kolejne zadania, w ramach projektu \u201eMy\u015bl\u0119 Pozytywnie\u201d. Zapraszamy wszystkich do wsp\u00f3\u0142pracy!<\/span><\/p>\n<p style=\"text-align: justify;\">&nbsp;<\/p>\n<p style=\"text-align: justify;\"><span style=\"color: #003366;\">&nbsp;&nbsp;&nbsp;&nbsp;&nbsp;&nbsp;&nbsp;&nbsp;&nbsp;&nbsp;&nbsp;&nbsp;&nbsp;&nbsp;&nbsp;&nbsp;&nbsp;&nbsp;&nbsp;&nbsp;&nbsp;&nbsp;&nbsp;&nbsp;&nbsp;&nbsp;&nbsp;&nbsp;&nbsp;&nbsp;&nbsp;&nbsp;&nbsp;&nbsp;&nbsp;&nbsp;&nbsp;&nbsp;&nbsp;&nbsp; &nbsp;&nbsp;&nbsp;&nbsp;&nbsp;&nbsp;&nbsp;&nbsp;&nbsp;&nbsp;&nbsp;&nbsp;&nbsp;&nbsp;&nbsp;&nbsp;&nbsp;&nbsp;&nbsp;&nbsp;&nbsp;&nbsp;&nbsp;&nbsp;&nbsp;&nbsp;Koordynator \u2013Marta Kuczy\u0144ska, pedagog szkolny<\/span><\/p>\nngg_shortcode_0_placeholder\n","protected":false},"excerpt":{"rendered":"<p>&nbsp; &nbsp; W II p\u00f3\u0142roczu roku szkolnego 2018\/2019, na terenie Szko\u0142y Podstawowej Nr 1 im. Boles\u0142awa Prusa w Hrubieszowie realizowano i koordynowano projekt pt. \u201eMy\u015bl\u0119 Pozytywnie\u201d, w ramach &nbsp;programu: \u201eSzko\u0142a My\u015blenia Pozytywnego\u201d, kt\u00f3ry przebiega pod patronatem MEN oraz Narodowego Programu Zdrowia na lata 2016-2020. Na bie\u017c\u0105co&nbsp; odbywa\u0142o si\u0119 wykonywanie przez szko\u0142\u0119 zada\u0144 w ramach programu [&hellip;]<\/p>\n","protected":false},"author":1,"featured_media":0,"parent":75,"menu_order":11,"comment_status":"closed","ping_status":"closed","template":"","meta":{"ngg_post_thumbnail":0,"footnotes":""},"class_list":["post-1552","page","type-page","status-publish","hentry"],"_links":{"self":[{"href":"https:\/\/sp1hrubieszow.pl\/index.php\/wp-json\/wp\/v2\/pages\/1552","targetHints":{"allow":["GET"]}}],"collection":[{"href":"https:\/\/sp1hrubieszow.pl\/index.php\/wp-json\/wp\/v2\/pages"}],"about":[{"href":"https:\/\/sp1hrubieszow.pl\/index.php\/wp-json\/wp\/v2\/types\/page"}],"author":[{"embeddable":true,"href":"https:\/\/sp1hrubieszow.pl\/index.php\/wp-json\/wp\/v2\/users\/1"}],"replies":[{"embeddable":true,"href":"https:\/\/sp1hrubieszow.pl\/index.php\/wp-json\/wp\/v2\/comments?post=1552"}],"version-history":[{"count":1,"href":"https:\/\/sp1hrubieszow.pl\/index.php\/wp-json\/wp\/v2\/pages\/1552\/revisions"}],"predecessor-version":[{"id":1553,"href":"https:\/\/sp1hrubieszow.pl\/index.php\/wp-json\/wp\/v2\/pages\/1552\/revisions\/1553"}],"up":[{"embeddable":true,"href":"https:\/\/sp1hrubieszow.pl\/index.php\/wp-json\/wp\/v2\/pages\/75"}],"wp:attachment":[{"href":"https:\/\/sp1hrubieszow.pl\/index.php\/wp-json\/wp\/v2\/media?parent=1552"}],"curies":[{"name":"wp","href":"https:\/\/api.w.org\/{rel}","templated":true}]}}