{"id":15497,"date":"2022-05-23T18:55:15","date_gmt":"2022-05-23T16:55:15","guid":{"rendered":"https:\/\/sp1hrubieszow.pl\/?page_id=15497"},"modified":"2022-05-23T18:55:59","modified_gmt":"2022-05-23T16:55:59","slug":"uroczyste-wreczenie-nagrod-za-ogolnopolski-konkurs-plastyczno-literacki-pod-patronatem-zachowaj-trzezwy-umysl","status":"publish","type":"page","link":"https:\/\/sp1hrubieszow.pl\/index.php\/kronika-2020-2021\/uroczyste-wreczenie-nagrod-za-ogolnopolski-konkurs-plastyczno-literacki-pod-patronatem-zachowaj-trzezwy-umysl\/","title":{"rendered":"Uroczyste wr\u0119czenie nagr\u00f3d za og\u00f3lnopolski konkurs plastyczno -literacki pod patronatem &#8222;Zachowaj Trze\u017awy Umys\u0142&#8221;"},"content":{"rendered":"\n<div class=\"cxmmr5t8 oygrvhab hcukyx3x c1et5uql o9v6fnle ii04i59q\">\n<div dir=\"auto\"><span style=\"color: #000080;\">Uczniowie naszej szko\u0142y zostali laureatami og\u00f3lnopolskich wyr\u00f3\u017cnie\u0144 w konkursie plastyczno-literackim pt. &#8222;Szcz\u0119\u015bliwa chwila, szcz\u0119\u015bliwy dzie\u0144, szcz\u0119\u015bliwe \u017cycie&#8230;&#8221;, organizowanym w ramach og\u00f3lnopolskiej kampanii &#8222;Zachowaj Trze\u017awy Umys\u0142&#8217;2021&#8221;.<\/span><\/div>\n<div dir=\"auto\"><span style=\"color: #000080;\">W dniu 23.05.2022r., w Urz\u0119dzie Miasta Hrubieszowa odby\u0142a si\u0119 uroczysto\u015b\u0107 wr\u0119czenia laureatom dyplom\u00f3w i nagr\u00f3d, ufundowanych przez organizatora konkursu SPiDR Pozna\u0144 oraz Gmin\u0119 Miejsk\u0105 Hrubiesz\u00f3w. Nagrody wr\u0119czy\u0142a uczniom Pani Burmistrz Marta Majewska oraz Pani Agnieszka Wr\u00f3blewska<\/span><\/div>\n<div dir=\"auto\">&nbsp;<\/div>\n<\/div>\n<div class=\"cxmmr5t8 oygrvhab hcukyx3x c1et5uql o9v6fnle ii04i59q\">\n<div dir=\"auto\"><span style=\"color: #000080;\">Gratulujemy nast\u0119puj\u0105cym uczniom oraz ich opiekunom i rodzicom:<\/span><\/div>\n<div dir=\"auto\"><span style=\"color: #000080;\">1.Dawid Go\u0142\u0119biowski, grupa &#8222;0&#8221;, obecnie klasa Ib, opiekun: pani Joanna Sawicka.<\/span><\/div>\n<div dir=\"auto\"><span style=\"color: #000080;\">2.Micha\u0142 Nowacki, klasa Ia, obecnie klasa IIa, opiekun: pani Katarzyna Sztuk.<\/span><\/div>\n<div dir=\"auto\"><span style=\"color: #000080;\">3.David Keneth, klasa Ia, obecnie klasa IIa, opiekun: pani Katarzyna Sztuk.<\/span><\/div>\n<div dir=\"auto\"><span style=\"color: #000080;\">4.Paula Wilczy\u0144ska, klasa IIIa, obecnie klasa IVa, opiekun: pani Ma\u0142gorzata Serafin.<\/span><\/div>\n<div dir=\"auto\"><span style=\"color: #000080;\">5.Karolina Danilczuk, klasa IIIa, obecnie klasa IVa, opiekun: pani Ma\u0142gorzata Serafin.<\/span><\/div>\n<div dir=\"auto\"><span style=\"color: #000080;\">6. Lena Ni\u017anikowska, klasa IIc, obecnie klasa IIIc, opiekun: pani Joanna Bartnik.<\/span><\/div>\n<div dir=\"auto\"><span style=\"color: #000080;\">7.Marcin Lackowski, klasa Va, obecnie klasa VIa, opiekun: pani Ewa Szostak.<\/span><\/div>\n<\/div>\n<div class=\"cxmmr5t8 oygrvhab hcukyx3x c1et5uql o9v6fnle ii04i59q\">\n<div dir=\"auto\"><span style=\"color: #000080;\">Na uczni\u00f3w, opr\u00f3cz nagr\u00f3d, czeka\u0142 tak\u017ce pyszny pocz\u0119stunek, oraz mi\u0142e spotkanie z nagrodzonymi uczniami ze Szko\u0142y Podstawowej Nr 2 w Hrubieszowie. <\/span><\/div>\n<div dir=\"auto\"><span style=\"color: #000080;\">Gratulujemy sukces\u00f3w i zapraszamy uczni\u00f3w &#8222;Jedynki&#8221; do udzia\u0142u w tegorocznej edycji konkursu plastyczno-literackiego pod patronatem ZTU pt. &#8222;Nie czas na nud\u0119&#8221;. Na Wasze prace czekamy do 15 czerwca 2022r.<\/span><\/div>\n<div dir=\"auto\">&nbsp;<\/div>\n<\/div>\n<div class=\"cxmmr5t8 oygrvhab hcukyx3x c1et5uql o9v6fnle ii04i59q\">\n<div dir=\"auto\"><span style=\"color: #000080;\">Koordynatorzy programu &#8222;Zachowaj Trze\u017awy Umys\u0142&#8221; w SP Nr 1<\/span><\/div>\n<div dir=\"auto\"><span style=\"color: #000080;\">w Hrubieszowie-Marta Kuczy\u0144ska i Anna Karkuszewska, pedagodzy szkolni<\/span><\/div>\n<div dir=\"auto\">\nngg_shortcode_0_placeholder\n<\/div>\n<\/div>\n","protected":false},"excerpt":{"rendered":"<p>Uczniowie naszej szko\u0142y zostali laureatami og\u00f3lnopolskich wyr\u00f3\u017cnie\u0144 w konkursie plastyczno-literackim pt. &#8222;Szcz\u0119\u015bliwa chwila, szcz\u0119\u015bliwy dzie\u0144, szcz\u0119\u015bliwe \u017cycie&#8230;&#8221;, organizowanym w ramach og\u00f3lnopolskiej kampanii &#8222;Zachowaj Trze\u017awy Umys\u0142&#8217;2021&#8221;. W dniu 23.05.2022r., w Urz\u0119dzie Miasta Hrubieszowa odby\u0142a si\u0119 uroczysto\u015b\u0107 wr\u0119czenia laureatom dyplom\u00f3w i nagr\u00f3d, ufundowanych przez organizatora konkursu SPiDR Pozna\u0144 oraz Gmin\u0119 Miejsk\u0105 Hrubiesz\u00f3w. Nagrody wr\u0119czy\u0142a uczniom Pani Burmistrz [&hellip;]<\/p>\n","protected":false},"author":2,"featured_media":0,"parent":5983,"menu_order":0,"comment_status":"closed","ping_status":"closed","template":"","meta":{"ngg_post_thumbnail":0,"footnotes":""},"class_list":["post-15497","page","type-page","status-publish","hentry"],"_links":{"self":[{"href":"https:\/\/sp1hrubieszow.pl\/index.php\/wp-json\/wp\/v2\/pages\/15497","targetHints":{"allow":["GET"]}}],"collection":[{"href":"https:\/\/sp1hrubieszow.pl\/index.php\/wp-json\/wp\/v2\/pages"}],"about":[{"href":"https:\/\/sp1hrubieszow.pl\/index.php\/wp-json\/wp\/v2\/types\/page"}],"author":[{"embeddable":true,"href":"https:\/\/sp1hrubieszow.pl\/index.php\/wp-json\/wp\/v2\/users\/2"}],"replies":[{"embeddable":true,"href":"https:\/\/sp1hrubieszow.pl\/index.php\/wp-json\/wp\/v2\/comments?post=15497"}],"version-history":[{"count":1,"href":"https:\/\/sp1hrubieszow.pl\/index.php\/wp-json\/wp\/v2\/pages\/15497\/revisions"}],"predecessor-version":[{"id":15498,"href":"https:\/\/sp1hrubieszow.pl\/index.php\/wp-json\/wp\/v2\/pages\/15497\/revisions\/15498"}],"up":[{"embeddable":true,"href":"https:\/\/sp1hrubieszow.pl\/index.php\/wp-json\/wp\/v2\/pages\/5983"}],"wp:attachment":[{"href":"https:\/\/sp1hrubieszow.pl\/index.php\/wp-json\/wp\/v2\/media?parent=15497"}],"curies":[{"name":"wp","href":"https:\/\/api.w.org\/{rel}","templated":true}]}}