{"id":15472,"date":"2022-05-23T18:48:08","date_gmt":"2022-05-23T16:48:08","guid":{"rendered":"https:\/\/sp1hrubieszow.pl\/?page_id=15472"},"modified":"2022-05-23T18:49:05","modified_gmt":"2022-05-23T16:49:05","slug":"zakonczenie-realizacji-ogolnopolskiego-programu-akademia-bezpiecznego-puchatka","status":"publish","type":"page","link":"https:\/\/sp1hrubieszow.pl\/index.php\/kronika-2020-2021\/zakonczenie-realizacji-ogolnopolskiego-programu-akademia-bezpiecznego-puchatka\/","title":{"rendered":"Zako\u0144czenie realizacji og\u00f3lnopolskiego programu &#8222;Akademia Bezpiecznego Puchatka&#8221;"},"content":{"rendered":"\n<div class=\"cxmmr5t8 oygrvhab hcukyx3x c1et5uql o9v6fnle ii04i59q\">\n<div dir=\"auto\"><span style=\"color: #000080;\">W roku szkolnym 2021\/2022, wzorem lat ubieg\u0142ych, nasza szko\u0142a uczestniczy\u0142a w programie pt. &#8222;Akademia Bezpiecznego Puchatka&#8221;. Uczestnikami programu byli pierwszoklasi\u015bci: klasa Ia, wych .p. Ma\u0142gorzata Serafin, klasa Ib, wych. p. Monika Korneluk oraz klasa Ic, wych. p. Joanna Nazar. W ramach programu przeprowadzono zaj\u0119cia edukacyjne dla uczni\u00f3w, z tematyki bezpiecze\u0144stwa w domu, w szkole, na drodze, w internecie i w kontaktach z r\u00f3wie\u015bnikami. Dodatkowo uczniowie wzi\u0119li udzia\u0142 w spotkaniu z przedstawicielami Komendy Powiatowej Policji w Hrubieszowie oraz w konkursie plastycznym, po\u015bwi\u0119conym tematyce bezpiecze\u0144stwa na co dzie\u0144. Realizacja programu zako\u0144czy\u0142a si\u0119 zdaniem przez dzieci Og\u00f3lnopolskiego Testu Bezpiecze\u0144stwa, sk\u0142adaj\u0105cego si\u0119 z 12 pyta\u0144, dzi\u0119ki kt\u00f3remu utrwali\u0142y one najwa\u017cniejsze zasady bezpiecze\u0144stwa. Szko\u0142a otrzyma\u0142a pami\u0105tkowy Certyfikat, potwierdzaj\u0105cy realizacj\u0119 programu &#8222;Akademia Bezpiecznego Puchatka&#8221; w roku szkolnym 2021\/2022.<\/span><\/div>\n<div dir=\"auto\">&nbsp;<\/div>\n<div dir=\"auto\"><span style=\"color: #000080;\">Wszystkim pierwszakom \u017cyczymy bezpiecznych zabaw na co dzie\u0144.<\/span><\/div>\n<div dir=\"auto\">&nbsp;<\/div>\n<\/div>\n<div class=\"cxmmr5t8 oygrvhab hcukyx3x c1et5uql o9v6fnle ii04i59q\">\n<div dir=\"auto\" style=\"text-align: right;\"><span style=\"color: #000080;\">Koordynator programu-Marta Kuczy\u0144ska, pedagog szkolny<\/span><\/div>\n<\/div>\n<div dir=\"auto\">\nngg_shortcode_0_placeholder\n<\/div>\n","protected":false},"excerpt":{"rendered":"<p>W roku szkolnym 2021\/2022, wzorem lat ubieg\u0142ych, nasza szko\u0142a uczestniczy\u0142a w programie pt. &#8222;Akademia Bezpiecznego Puchatka&#8221;. Uczestnikami programu byli pierwszoklasi\u015bci: klasa Ia, wych .p. Ma\u0142gorzata Serafin, klasa Ib, wych. p. Monika Korneluk oraz klasa Ic, wych. p. Joanna Nazar. W ramach programu przeprowadzono zaj\u0119cia edukacyjne dla uczni\u00f3w, z tematyki bezpiecze\u0144stwa w domu, w szkole, na [&hellip;]<\/p>\n","protected":false},"author":2,"featured_media":0,"parent":5983,"menu_order":0,"comment_status":"closed","ping_status":"closed","template":"","meta":{"ngg_post_thumbnail":0,"footnotes":""},"class_list":["post-15472","page","type-page","status-publish","hentry"],"_links":{"self":[{"href":"https:\/\/sp1hrubieszow.pl\/index.php\/wp-json\/wp\/v2\/pages\/15472","targetHints":{"allow":["GET"]}}],"collection":[{"href":"https:\/\/sp1hrubieszow.pl\/index.php\/wp-json\/wp\/v2\/pages"}],"about":[{"href":"https:\/\/sp1hrubieszow.pl\/index.php\/wp-json\/wp\/v2\/types\/page"}],"author":[{"embeddable":true,"href":"https:\/\/sp1hrubieszow.pl\/index.php\/wp-json\/wp\/v2\/users\/2"}],"replies":[{"embeddable":true,"href":"https:\/\/sp1hrubieszow.pl\/index.php\/wp-json\/wp\/v2\/comments?post=15472"}],"version-history":[{"count":2,"href":"https:\/\/sp1hrubieszow.pl\/index.php\/wp-json\/wp\/v2\/pages\/15472\/revisions"}],"predecessor-version":[{"id":15474,"href":"https:\/\/sp1hrubieszow.pl\/index.php\/wp-json\/wp\/v2\/pages\/15472\/revisions\/15474"}],"up":[{"embeddable":true,"href":"https:\/\/sp1hrubieszow.pl\/index.php\/wp-json\/wp\/v2\/pages\/5983"}],"wp:attachment":[{"href":"https:\/\/sp1hrubieszow.pl\/index.php\/wp-json\/wp\/v2\/media?parent=15472"}],"curies":[{"name":"wp","href":"https:\/\/api.w.org\/{rel}","templated":true}]}}