{"id":15443,"date":"2022-05-23T12:48:40","date_gmt":"2022-05-23T10:48:40","guid":{"rendered":"https:\/\/sp1hrubieszow.pl\/?page_id=15443"},"modified":"2022-05-23T12:51:50","modified_gmt":"2022-05-23T10:51:50","slug":"przedstawiamy-dokladny-harmonogram-egzaminu-osmoklasisty-2022","status":"publish","type":"page","link":"https:\/\/sp1hrubieszow.pl\/index.php\/kronika-2020-2021\/przedstawiamy-dokladny-harmonogram-egzaminu-osmoklasisty-2022\/","title":{"rendered":"Przedstawiamy dok\u0142adny harmonogram egzaminu \u00f3smoklasisty 2022"},"content":{"rendered":"\n<ul>\n<li style=\"text-align: center;\"><span style=\"color: #000080;\"><strong>24 maja 2022 (wtorek) godz. 9.00<\/strong> &#8211; j\u0119zyk polski &nbsp;czas pracy 120 min.<\/span><\/li>\n<li style=\"text-align: center;\"><span style=\"color: #000080;\"><strong>25 maja 2022 (\u015broda) godz. 9.00<\/strong> \u2013 matematyka, czas pracy 100 min.<\/span><\/li>\n<li style=\"text-align: center;\"><span style=\"color: #000080;\"><strong>26 maja 2022 (czwartek) godz. 9.00<\/strong> \u2013 j\u0119zyk angielski, j\u0119zyk rosyjski czas pracy 90 min.<\/span><\/li>\n<\/ul>\n<p style=\"text-align: center;\"><span style=\"color: #000080;\"><strong>W tych&nbsp; dniach uczniowie klas \u00f3smych&nbsp; przychodz\u0105 do szko\u0142y<\/strong><\/span><\/p>\n<p style=\"text-align: center;\"><span style=\"color: #000080;\"><strong>o godzinie 8.40 w strojach uczniowskich.<\/strong><\/span><\/p>\n<p><span style=\"color: #000080;\">Wi\u0119cej informacji pod linkiem:<\/span><\/p>\n<p><strong><span style=\"color: #000080;\"><a style=\"color: #000080;\" href=\"https:\/\/sp1hrubieszow.pl\/wp-content\/uploads\/2022\/05\/Przedstawiamy-dokladny-harmonogram-egzaminu-osmoklasisty-2022.docx\">Przedstawiamy dok\u0142adny harmonogram egzaminu \u00f3smoklasisty 2022<\/a><\/span><\/strong><\/p>\n<p>&nbsp;<\/p>\n","protected":false},"excerpt":{"rendered":"<p>24 maja 2022 (wtorek) godz. 9.00 &#8211; j\u0119zyk polski &nbsp;czas pracy 120 min. 25 maja 2022 (\u015broda) godz. 9.00 \u2013 matematyka, czas pracy 100 min. 26 maja 2022 (czwartek) godz. 9.00 \u2013 j\u0119zyk angielski, j\u0119zyk rosyjski czas pracy 90 min. W tych&nbsp; dniach uczniowie klas \u00f3smych&nbsp; przychodz\u0105 do szko\u0142y o godzinie 8.40 w strojach uczniowskich. [&hellip;]<\/p>\n","protected":false},"author":2,"featured_media":0,"parent":5983,"menu_order":0,"comment_status":"closed","ping_status":"closed","template":"","meta":{"ngg_post_thumbnail":0,"footnotes":""},"class_list":["post-15443","page","type-page","status-publish","hentry"],"_links":{"self":[{"href":"https:\/\/sp1hrubieszow.pl\/index.php\/wp-json\/wp\/v2\/pages\/15443","targetHints":{"allow":["GET"]}}],"collection":[{"href":"https:\/\/sp1hrubieszow.pl\/index.php\/wp-json\/wp\/v2\/pages"}],"about":[{"href":"https:\/\/sp1hrubieszow.pl\/index.php\/wp-json\/wp\/v2\/types\/page"}],"author":[{"embeddable":true,"href":"https:\/\/sp1hrubieszow.pl\/index.php\/wp-json\/wp\/v2\/users\/2"}],"replies":[{"embeddable":true,"href":"https:\/\/sp1hrubieszow.pl\/index.php\/wp-json\/wp\/v2\/comments?post=15443"}],"version-history":[{"count":2,"href":"https:\/\/sp1hrubieszow.pl\/index.php\/wp-json\/wp\/v2\/pages\/15443\/revisions"}],"predecessor-version":[{"id":15446,"href":"https:\/\/sp1hrubieszow.pl\/index.php\/wp-json\/wp\/v2\/pages\/15443\/revisions\/15446"}],"up":[{"embeddable":true,"href":"https:\/\/sp1hrubieszow.pl\/index.php\/wp-json\/wp\/v2\/pages\/5983"}],"wp:attachment":[{"href":"https:\/\/sp1hrubieszow.pl\/index.php\/wp-json\/wp\/v2\/media?parent=15443"}],"curies":[{"name":"wp","href":"https:\/\/api.w.org\/{rel}","templated":true}]}}