{"id":15435,"date":"2022-05-21T11:19:09","date_gmt":"2022-05-21T09:19:09","guid":{"rendered":"https:\/\/sp1hrubieszow.pl\/?page_id=15435"},"modified":"2022-05-21T11:19:59","modified_gmt":"2022-05-21T09:19:59","slug":"zapraszamy-do-udzialu-w-konkursach","status":"publish","type":"page","link":"https:\/\/sp1hrubieszow.pl\/index.php\/kronika-2020-2021\/zapraszamy-do-udzialu-w-konkursach\/","title":{"rendered":"Zapraszamy do udzia\u0142u w konkursach"},"content":{"rendered":"\n<p><span style=\"color: #000080;\">Serdecznie zapraszamy do udzia\u0142u w konkursach po\u015bwi\u0119conych patronowi naszej szko\u0142y&nbsp;<\/span><\/p>\n<p><span style=\"color: #000080;\">&#8211; <strong>og\u00f3lnopolski konkurs fotograficzny &#8222;FOTOSTORY&nbsp; Z BOLES\u0141AWEM PRUSEM\u201d<\/strong><\/span><\/p>\n<p><strong><span style=\"color: #000080;\">&#8211; mi\u0119dzyszkolny konkurs \u201eW ho\u0142dzie Prusowi i miastu jego narodzin\u201d<\/span><\/strong><\/p>\n<p><span style=\"color: #000080;\">Organizatorem konkursu jest nasza szko\u0142a. Regulaminy znajduj\u0105 si\u0119 na stronie w zak\u0142adce KONKURSY PRUSOWSKIE. Zach\u0119camy do uczestnictwa i \u017cyczymy powodzenia!<\/span><\/p>\n","protected":false},"excerpt":{"rendered":"<p>Serdecznie zapraszamy do udzia\u0142u w konkursach po\u015bwi\u0119conych patronowi naszej szko\u0142y&nbsp; &#8211; og\u00f3lnopolski konkurs fotograficzny &#8222;FOTOSTORY&nbsp; Z BOLES\u0141AWEM PRUSEM\u201d &#8211; mi\u0119dzyszkolny konkurs \u201eW ho\u0142dzie Prusowi i miastu jego narodzin\u201d Organizatorem konkursu jest nasza szko\u0142a. Regulaminy znajduj\u0105 si\u0119 na stronie w zak\u0142adce KONKURSY PRUSOWSKIE. Zach\u0119camy do uczestnictwa i \u017cyczymy powodzenia!<\/p>\n","protected":false},"author":2,"featured_media":0,"parent":5983,"menu_order":0,"comment_status":"closed","ping_status":"closed","template":"","meta":{"ngg_post_thumbnail":0,"footnotes":""},"class_list":["post-15435","page","type-page","status-publish","hentry"],"_links":{"self":[{"href":"https:\/\/sp1hrubieszow.pl\/index.php\/wp-json\/wp\/v2\/pages\/15435","targetHints":{"allow":["GET"]}}],"collection":[{"href":"https:\/\/sp1hrubieszow.pl\/index.php\/wp-json\/wp\/v2\/pages"}],"about":[{"href":"https:\/\/sp1hrubieszow.pl\/index.php\/wp-json\/wp\/v2\/types\/page"}],"author":[{"embeddable":true,"href":"https:\/\/sp1hrubieszow.pl\/index.php\/wp-json\/wp\/v2\/users\/2"}],"replies":[{"embeddable":true,"href":"https:\/\/sp1hrubieszow.pl\/index.php\/wp-json\/wp\/v2\/comments?post=15435"}],"version-history":[{"count":1,"href":"https:\/\/sp1hrubieszow.pl\/index.php\/wp-json\/wp\/v2\/pages\/15435\/revisions"}],"predecessor-version":[{"id":15436,"href":"https:\/\/sp1hrubieszow.pl\/index.php\/wp-json\/wp\/v2\/pages\/15435\/revisions\/15436"}],"up":[{"embeddable":true,"href":"https:\/\/sp1hrubieszow.pl\/index.php\/wp-json\/wp\/v2\/pages\/5983"}],"wp:attachment":[{"href":"https:\/\/sp1hrubieszow.pl\/index.php\/wp-json\/wp\/v2\/media?parent=15435"}],"curies":[{"name":"wp","href":"https:\/\/api.w.org\/{rel}","templated":true}]}}