{"id":15433,"date":"2022-05-21T11:07:32","date_gmt":"2022-05-21T09:07:32","guid":{"rendered":"https:\/\/sp1hrubieszow.pl\/?page_id=15433"},"modified":"2022-09-28T10:00:40","modified_gmt":"2022-09-28T08:00:40","slug":"konkursy-prusowskie","status":"publish","type":"page","link":"https:\/\/sp1hrubieszow.pl\/index.php\/konkursy-prusowskie\/","title":{"rendered":"KONKURSY PRUSOWSKIE"},"content":{"rendered":"\n<p><span style=\"color: #000080;\"><strong>konkurs og\u00f3lnopolski \u201eFOTOSTORY&nbsp; Z BOLES\u0141AWEM PRUSEM\u201d<\/strong><\/span><\/p>\n<p><span style=\"color: #000080;\"><a style=\"color: #000080;\" href=\"https:\/\/sp1hrubieszow.pl\/wp-content\/uploads\/2022\/05\/REGULAMIN-FOTOSTORY-z-Prusem-2.docx\">REGULAMIN FOTOSTORY z Prusem<\/a><\/span><\/p>\n<p><span style=\"color: #000080;\"><a style=\"color: #000080;\" href=\"https:\/\/sp1hrubieszow.pl\/wp-content\/uploads\/2022\/05\/oswiadczenia-FOTOSTORY-Z-BOLESLAWEM-PRUSEM.docx\">o\u015bwiadczenia FOTOSTORY Z BOLES\u0141AWEM PRUSEM<\/a><\/span><\/p>\n<p><span style=\"color: #000080;\"><a style=\"color: #000080;\" href=\"https:\/\/sp1hrubieszow.pl\/wp-content\/uploads\/2022\/06\/wyniki-konkursu-FOTOSTORY-Z-PRUSEM.odt\">wyniki konkursu FOTOSTORY Z PRUSEM<\/a><\/span><\/p>\nngg_shortcode_0_placeholder\n<p><span style=\"color: #000080;\"><strong>konkurs mi\u0119dzyszkolny &#8222;<\/strong><strong>W ho\u0142dzie Prusowi i miastu jego narodzin\u201d<\/strong><\/span><\/p>\n<p><span style=\"color: #000080;\"><a style=\"color: #000080;\" href=\"https:\/\/sp1hrubieszow.pl\/wp-content\/uploads\/2022\/05\/Regulamin_konkursu-W-holdzie-Prusowi-i-miastu-jego-narodzin.doc\">Regulamin_konkursu ,,W ho\u0142dzie Prusowi i miastu jego narodzin&#8221;<\/a><\/span><\/p>\n<p><span style=\"color: #000080;\"><a style=\"color: #000080;\" href=\"https:\/\/sp1hrubieszow.pl\/wp-content\/uploads\/2022\/09\/relacja-z-konkursu.doc\">relacja z konkursu<\/a><\/span><\/p>\nngg_shortcode_1_placeholder\n","protected":false},"excerpt":{"rendered":"<p>konkurs og\u00f3lnopolski \u201eFOTOSTORY&nbsp; Z BOLES\u0141AWEM PRUSEM\u201d REGULAMIN FOTOSTORY z Prusem o\u015bwiadczenia FOTOSTORY Z BOLES\u0141AWEM PRUSEM wyniki konkursu FOTOSTORY Z PRUSEM konkurs mi\u0119dzyszkolny &#8222;W ho\u0142dzie Prusowi i miastu jego narodzin\u201d Regulamin_konkursu ,,W ho\u0142dzie Prusowi i miastu jego narodzin&#8221; relacja z konkursu<\/p>\n","protected":false},"author":2,"featured_media":0,"parent":0,"menu_order":0,"comment_status":"closed","ping_status":"closed","template":"","meta":{"ngg_post_thumbnail":0,"footnotes":""},"class_list":["post-15433","page","type-page","status-publish","hentry"],"_links":{"self":[{"href":"https:\/\/sp1hrubieszow.pl\/index.php\/wp-json\/wp\/v2\/pages\/15433","targetHints":{"allow":["GET"]}}],"collection":[{"href":"https:\/\/sp1hrubieszow.pl\/index.php\/wp-json\/wp\/v2\/pages"}],"about":[{"href":"https:\/\/sp1hrubieszow.pl\/index.php\/wp-json\/wp\/v2\/types\/page"}],"author":[{"embeddable":true,"href":"https:\/\/sp1hrubieszow.pl\/index.php\/wp-json\/wp\/v2\/users\/2"}],"replies":[{"embeddable":true,"href":"https:\/\/sp1hrubieszow.pl\/index.php\/wp-json\/wp\/v2\/comments?post=15433"}],"version-history":[{"count":7,"href":"https:\/\/sp1hrubieszow.pl\/index.php\/wp-json\/wp\/v2\/pages\/15433\/revisions"}],"predecessor-version":[{"id":17202,"href":"https:\/\/sp1hrubieszow.pl\/index.php\/wp-json\/wp\/v2\/pages\/15433\/revisions\/17202"}],"wp:attachment":[{"href":"https:\/\/sp1hrubieszow.pl\/index.php\/wp-json\/wp\/v2\/media?parent=15433"}],"curies":[{"name":"wp","href":"https:\/\/api.w.org\/{rel}","templated":true}]}}