{"id":15420,"date":"2022-05-21T08:29:20","date_gmt":"2022-05-21T06:29:20","guid":{"rendered":"https:\/\/sp1hrubieszow.pl\/?page_id=15420"},"modified":"2022-05-21T10:30:33","modified_gmt":"2022-05-21T08:30:33","slug":"3-x-p-prus-pamiec-parada","status":"publish","type":"page","link":"https:\/\/sp1hrubieszow.pl\/index.php\/kronika-2020-2021\/3-x-p-prus-pamiec-parada\/","title":{"rendered":"3 x P Prus, Pami\u0119\u0107, Parada"},"content":{"rendered":"\n<p><span style=\"color: #000080;\">19 maja 2022 to by\u0142 kolejny dzie\u0144 \u015bwi\u0119towania&nbsp; Dnia Patrona w Szkole Podstawowej nr 1 im. Boles\u0142awa Prusa w Hrubieszowie.<\/span><\/p>\n<p><span style=\"color: #000080;\">Dzie\u0144 wcze\u015bniej uczni\u00f3w \u201eodwiedza\u0142y\u201d w klasach postaci z ksi\u0105\u017cek Boles\u0142awa Prusa a w czwartek odby\u0142a si\u0119 Parada wszystkich uczni\u00f3w szko\u0142y do parku miejskiego, by pod pomnikiem naszego patrona z\u0142o\u017cy\u0107 kwiaty, odda\u0107 ho\u0142d i przypomnie\u0107 o warto\u015bciach, kt\u00f3re wyznawa\u0142 Boles\u0142aw Prusa, a kt\u00f3re to sprawi\u0142y, \u017ce zosta\u0142 on Patronem naszej szko\u0142y.<\/span><\/p>\n<p><span style=\"color: #000080;\">Wszyscy wystylizowani byli\u015bmy na posta\u0107 Boles\u0142awa Prusa, a nasze kreacje podczas spaceru ulicami miasta, zwraca\u0142y uwag\u0119 przechodni\u00f3w, kt\u00f3rzy wprost pytali nas, co \u015bwi\u0119tujemy.<\/span><\/p>\n<p><span style=\"color: #000080;\">Wygl\u0105dali\u015bmy zjawiskowo.<\/span><\/p>\n<p><span style=\"color: #000080;\">Uroczysto\u015bci naszej powagi doda\u0142a obecno\u015b\u0107 Pani Burmistrz, kt\u00f3ra nie tylko po\u015bwi\u0119ci\u0142a sw\u00f3j czas w cz\u0119\u015bci oficjalnej, ale by\u0142a z nami d\u0142u\u017cej. Bawi\u0142a si\u0119, pozwoli\u0142a robi\u0107 sobie zdj\u0119cia a przede wszystkim przyj\u0119\u0142a od nas symboliczny melonik. To jest nasz znak rozpoznawczy. Symbol hrubieszowskie JEDYNKI.<\/span><\/p>\n<p><span style=\"color: #000080;\">Aleksander G\u0142owacki, bo tak nazywa\u0142 si\u0119 naprawd\u0119 nasz Patron, to wielki cz\u0142owiek i wielki pisarz. W swojej literaturze ukazywa\u0142 trudn\u0105 rzeczywisto\u015b\u0107, stawa\u0142 w obronie najm\u0142odszych i pisa\u0142 o warto\u015bciach, kt\u00f3rymi powinien kierowa\u0107 si\u0119 ka\u017cdy przyzwoity cz\u0142owiek.<\/span><\/p>\n<p><span style=\"color: #000080;\">Fakt, \u017ce pochodzi on z Hrubieszowa, napawa nas dum\u0105. Jest \u017cywym dowodem na to, \u017ce w naszym mie\u015bcie i regionie rodz\u0105 si\u0119 wspaniali ludzie, kt\u00f3rzy je\u015bli tylko chc\u0105 mog\u0105 osi\u0105gn\u0105\u0107 wszystko.<\/span><\/p>\n<p><span style=\"color: #000080;\">&nbsp;&nbsp;&nbsp;&nbsp;&nbsp;&nbsp;&nbsp;&nbsp;&nbsp;&nbsp;&nbsp;&nbsp;&nbsp;&nbsp;&nbsp; Jeste\u015bmy z siebie dumni. Jeste\u015bmy potomkami Boles\u0142awa Prusa.<\/span><\/p>\nngg_shortcode_0_placeholder\nngg_shortcode_1_placeholder\n<p>&nbsp;<\/p>\n","protected":false},"excerpt":{"rendered":"<p>19 maja 2022 to by\u0142 kolejny dzie\u0144 \u015bwi\u0119towania&nbsp; Dnia Patrona w Szkole Podstawowej nr 1 im. Boles\u0142awa Prusa w Hrubieszowie. Dzie\u0144 wcze\u015bniej uczni\u00f3w \u201eodwiedza\u0142y\u201d w klasach postaci z ksi\u0105\u017cek Boles\u0142awa Prusa a w czwartek odby\u0142a si\u0119 Parada wszystkich uczni\u00f3w szko\u0142y do parku miejskiego, by pod pomnikiem naszego patrona z\u0142o\u017cy\u0107 kwiaty, odda\u0107 ho\u0142d i przypomnie\u0107 o [&hellip;]<\/p>\n","protected":false},"author":2,"featured_media":0,"parent":5983,"menu_order":0,"comment_status":"closed","ping_status":"closed","template":"","meta":{"ngg_post_thumbnail":0,"footnotes":""},"class_list":["post-15420","page","type-page","status-publish","hentry"],"_links":{"self":[{"href":"https:\/\/sp1hrubieszow.pl\/index.php\/wp-json\/wp\/v2\/pages\/15420","targetHints":{"allow":["GET"]}}],"collection":[{"href":"https:\/\/sp1hrubieszow.pl\/index.php\/wp-json\/wp\/v2\/pages"}],"about":[{"href":"https:\/\/sp1hrubieszow.pl\/index.php\/wp-json\/wp\/v2\/types\/page"}],"author":[{"embeddable":true,"href":"https:\/\/sp1hrubieszow.pl\/index.php\/wp-json\/wp\/v2\/users\/2"}],"replies":[{"embeddable":true,"href":"https:\/\/sp1hrubieszow.pl\/index.php\/wp-json\/wp\/v2\/comments?post=15420"}],"version-history":[{"count":4,"href":"https:\/\/sp1hrubieszow.pl\/index.php\/wp-json\/wp\/v2\/pages\/15420\/revisions"}],"predecessor-version":[{"id":15429,"href":"https:\/\/sp1hrubieszow.pl\/index.php\/wp-json\/wp\/v2\/pages\/15420\/revisions\/15429"}],"up":[{"embeddable":true,"href":"https:\/\/sp1hrubieszow.pl\/index.php\/wp-json\/wp\/v2\/pages\/5983"}],"wp:attachment":[{"href":"https:\/\/sp1hrubieszow.pl\/index.php\/wp-json\/wp\/v2\/media?parent=15420"}],"curies":[{"name":"wp","href":"https:\/\/api.w.org\/{rel}","templated":true}]}}