{"id":15340,"date":"2022-05-21T07:57:31","date_gmt":"2022-05-21T05:57:31","guid":{"rendered":"https:\/\/sp1hrubieszow.pl\/?page_id=15340"},"modified":"2022-05-21T07:57:50","modified_gmt":"2022-05-21T05:57:50","slug":"konkurs-z-jezyka-angielskiego-words-champion","status":"publish","type":"page","link":"https:\/\/sp1hrubieszow.pl\/index.php\/kronika-2020-2021\/konkurs-z-jezyka-angielskiego-words-champion\/","title":{"rendered":"Konkurs z j\u0119zyka angielskiego &#8221; Words Champion&#8221;"},"content":{"rendered":"\n<p><span style=\"color: #000080;\">Dnia 17 i 18.05.2022 najambitniejsi uczniowie naszej szko\u0142y z klas 3 &#8211; 8 wzi\u0119li udzia\u0142 w konkursie z j\u0119zyka angielskiego &#8221; Words Champion&#8221;. By\u0142 to konkurs leksykalny w zakresie tematu &#8222;Jedzenie&#8221;, do kt\u00f3rego uczestnicy przygotowywali si\u0119 samodzielnie, rozwiazuj\u0105c zadania otrzymane od organizatora konkursu, przez ostatnie dwa miesi\u0105ce. Po raz pierwszy przyst\u0105pili\u015bmy do konkursu, w kt\u00f3rym uczniowie mieli mo\u017cliwo\u015b\u0107 sprawdzenia swoich umiej\u0119tno\u015bci w parach, na co zdecydowali si\u0119 niekt\u00f3rzy. Wyniki konkursu zostan\u0105 og\u0142oszone do 15.06.2022 przez Prywatna Szko\u0142\u0119 J\u0119zykow\u0105 Forum. Gratulujemy podj\u0119cia wyzwania!<\/span><\/p>\nngg_shortcode_0_placeholder\n","protected":false},"excerpt":{"rendered":"<p>Dnia 17 i 18.05.2022 najambitniejsi uczniowie naszej szko\u0142y z klas 3 &#8211; 8 wzi\u0119li udzia\u0142 w konkursie z j\u0119zyka angielskiego &#8221; Words Champion&#8221;. By\u0142 to konkurs leksykalny w zakresie tematu &#8222;Jedzenie&#8221;, do kt\u00f3rego uczestnicy przygotowywali si\u0119 samodzielnie, rozwiazuj\u0105c zadania otrzymane od organizatora konkursu, przez ostatnie dwa miesi\u0105ce. Po raz pierwszy przyst\u0105pili\u015bmy do konkursu, w kt\u00f3rym [&hellip;]<\/p>\n","protected":false},"author":2,"featured_media":0,"parent":5983,"menu_order":0,"comment_status":"closed","ping_status":"closed","template":"","meta":{"ngg_post_thumbnail":0,"footnotes":""},"class_list":["post-15340","page","type-page","status-publish","hentry"],"_links":{"self":[{"href":"https:\/\/sp1hrubieszow.pl\/index.php\/wp-json\/wp\/v2\/pages\/15340","targetHints":{"allow":["GET"]}}],"collection":[{"href":"https:\/\/sp1hrubieszow.pl\/index.php\/wp-json\/wp\/v2\/pages"}],"about":[{"href":"https:\/\/sp1hrubieszow.pl\/index.php\/wp-json\/wp\/v2\/types\/page"}],"author":[{"embeddable":true,"href":"https:\/\/sp1hrubieszow.pl\/index.php\/wp-json\/wp\/v2\/users\/2"}],"replies":[{"embeddable":true,"href":"https:\/\/sp1hrubieszow.pl\/index.php\/wp-json\/wp\/v2\/comments?post=15340"}],"version-history":[{"count":1,"href":"https:\/\/sp1hrubieszow.pl\/index.php\/wp-json\/wp\/v2\/pages\/15340\/revisions"}],"predecessor-version":[{"id":15341,"href":"https:\/\/sp1hrubieszow.pl\/index.php\/wp-json\/wp\/v2\/pages\/15340\/revisions\/15341"}],"up":[{"embeddable":true,"href":"https:\/\/sp1hrubieszow.pl\/index.php\/wp-json\/wp\/v2\/pages\/5983"}],"wp:attachment":[{"href":"https:\/\/sp1hrubieszow.pl\/index.php\/wp-json\/wp\/v2\/media?parent=15340"}],"curies":[{"name":"wp","href":"https:\/\/api.w.org\/{rel}","templated":true}]}}