{"id":15316,"date":"2022-05-21T07:30:52","date_gmt":"2022-05-21T05:30:52","guid":{"rendered":"https:\/\/sp1hrubieszow.pl\/?page_id=15316"},"modified":"2022-05-21T07:31:23","modified_gmt":"2022-05-21T05:31:23","slug":"projekt-jezykowy-krolowa-elzbieta-ii-zakonczony","status":"publish","type":"page","link":"https:\/\/sp1hrubieszow.pl\/index.php\/kronika-2020-2021\/projekt-jezykowy-krolowa-elzbieta-ii-zakonczony\/","title":{"rendered":"Projekt j\u0119zykowy &#8222;Kr\u00f3lowa El\u017cbieta II&#8221; zako\u0144czony"},"content":{"rendered":"\n<p><span style=\"color: #000080;\">W kwietniu uczniowie z klasy 2a, 3c, 5b, 6a oraz 7d brali udzia\u0142 w projekcie j\u0119zykowym pt. <em>Kr\u00f3lowa El\u017cbieta II, <\/em>kt\u00f3ry nadzorowa\u0142a p. I. Winogrodzka. Realizacja projektu mia\u0142a na celu mobilizowanie uczni\u00f3w do samodzielnego wyszukiwania informacji,&nbsp; poszerzenie i popularyzowanie wiedzy z zakresu zagadnie\u0144 kulturowych Wielkiej Brytanii, rozwijanie talent\u00f3w plastyczno-j\u0119zykowych oraz przybli\u017cenie uczniom sylwetki Kr\u00f3lowej El\u017cbiety II. W tym roku obchodzony jest&nbsp; <strong><em>The Queen\u2019s Platinum Jubilee<\/em><\/strong> \u2013 Platynowy Jubileusz Kr\u00f3lowej, czyli 70 lat panowania.<\/span><\/p>\n<p><span style=\"color: #000080;\">Ch\u0119tni uczniowie z klasy 2a oraz 3c uczestniczyli w Klasowym Konkursie Plastycznym&nbsp; pt. <em>\u201e Portret&nbsp; Kr\u00f3lowej El\u017cbiety II\u201d<\/em>, w kt\u00f3rym wy\u0142oniono nast\u0119puj\u0105cych laureat\u00f3w:<\/span><\/p>\n<p><span style=\"color: #000080;\"><strong><u>Klasa 2a:<\/u><\/strong><\/span><\/p>\n<p><span style=\"color: #000080;\">I miejsce&nbsp; &#8211; Jagoda Szczepanik&nbsp;<\/span><\/p>\n<p><span style=\"color: #000080;\">II miejsce ex aequo &#8211; Karolina Banach<\/span><\/p>\n<p><span style=\"color: #000080;\">&nbsp;&nbsp;&nbsp;&nbsp;&nbsp;&nbsp;&nbsp;&nbsp;&nbsp;&nbsp;&nbsp;&nbsp;&nbsp;&nbsp;&nbsp;&nbsp;&nbsp;&nbsp;&nbsp;&nbsp;&nbsp;&nbsp;&nbsp;&nbsp;&nbsp;&nbsp;&nbsp;&nbsp;&nbsp;&nbsp;&nbsp;&nbsp;&nbsp;&nbsp;&nbsp; Martyna Markowska<\/span><\/p>\n<p><span style=\"color: #000080;\">III miejsce ex aequo &#8211; Iga Rutkowska<\/span><\/p>\n<p><span style=\"color: #000080;\">&nbsp;&nbsp;&nbsp;&nbsp;&nbsp;&nbsp;&nbsp;&nbsp;&nbsp;&nbsp;&nbsp;&nbsp;&nbsp;&nbsp;&nbsp;&nbsp;&nbsp;&nbsp;&nbsp;&nbsp;&nbsp;&nbsp;&nbsp;&nbsp;&nbsp;&nbsp;&nbsp;&nbsp;&nbsp;&nbsp;&nbsp;&nbsp;&nbsp;&nbsp;&nbsp; Lena Sawicka<\/span><\/p>\n<p><span style=\"color: #000080;\">Wyr\u00f3\u017cnienie &#8211; Bartosz D\u0105browski<\/span><\/p>\n<p><span style=\"color: #000080;\">Wyr\u00f3\u017cnienie &#8211; Jakub Kalbarczyk<\/span><\/p>\n<p><span style=\"color: #000080;\">Wyr\u00f3\u017cnienie &#8211; Patrycja Kotko<\/span><\/p>\n<p><span style=\"color: #000080;\">Wyr\u00f3\u017cnienie&nbsp; &#8211; Adriana Kowalczuk<\/span><\/p>\n<p><span style=\"color: #000080;\"><strong><u>Klasa 3c:<\/u><\/strong><\/span><\/p>\n<p><span style=\"color: #000080;\">I miejsce \u2013 Lena Ni\u017anikowska<\/span><\/p>\n<p><span style=\"color: #000080;\">&nbsp;II miejsce \u2013 Magdalena Skubisz<\/span><\/p>\n<p><span style=\"color: #000080;\">&nbsp;III miejsce \u2013 Milena Jemielniak<\/span><\/p>\n<p><span style=\"color: #000080;\">Wyr\u00f3\u017cnienie \u2013 Larysa Zimon<\/span><\/p>\n<p><span style=\"color: #000080;\">Uczniowie klas 5b, 6a oraz 7d byli uczestnikami \u201e<em>Klasowego Quizu Wiedzy o Kr\u00f3lowej Wielkiej Brytanii. <\/em><\/span><\/p>\n<p><span style=\"color: #000080;\">Zwyci\u0119zcami quizu zostali:<\/span><\/p>\n<p><span style=\"color: #000080;\"><strong><u>Klasa 5b:<\/u><\/strong><\/span><\/p>\n<p><span style=\"color: #000080;\">I miejsce &#8211; Dawid Dworak<\/span><\/p>\n<p><span style=\"color: #000080;\">II miejsce-&nbsp; Miko\u0142aj Gardzio\u0142a<\/span><\/p>\n<p><span style=\"color: #000080;\">III &#8211;&nbsp; miejsce Jan Podg\u00f3rski<\/span><\/p>\n<p><span style=\"color: #000080;\"><strong><u>Klasa 6a:<\/u><\/strong><\/span><\/p>\n<p><span style=\"color: #000080;\">I miejsce &#8211;&nbsp; Wiktor Konopko<\/span><\/p>\n<p><span style=\"color: #000080;\">II miejsce &#8211; Szymon Serba<\/span><\/p>\n<p><span style=\"color: #000080;\">III miejsce ex aequo Mateusz Bodnar<\/span><\/p>\n<p><span style=\"color: #000080;\">&nbsp;&nbsp;&nbsp;&nbsp;&nbsp;&nbsp;&nbsp;&nbsp;&nbsp; Marcin Lackowski<\/span><\/p>\n<p><span style=\"color: #000080;\"><strong><u>Klasa 7d:<\/u><\/strong><\/span><\/p>\n<p><span style=\"color: #000080;\">I miejsce &#8211; Julia Grab \u2013 uczennica uzyska\u0142a najwy\u017cszy wynik w szkole \u2013 100% poprawnych odpowiedzi<\/span><\/p>\n<p><span style=\"color: #000080;\">II miejsce ex aequo Aleksandra Siek<\/span><\/p>\n<p><span style=\"color: #000080;\">&nbsp;&nbsp;&nbsp;&nbsp;&nbsp;&nbsp;&nbsp; Weronika Wysocka<\/span><\/p>\n<p><span style=\"color: #000080;\">III miejsce &#8211;&nbsp; Oliwia M\u0105czka<\/span><\/p>\n<p style=\"text-align: center;\"><span style=\"color: #000080;\">Gratulujemy i \u017cyczymy uczestnikom projektu dalszych sukces\u00f3w w nauce j\u0119zyka angielskiego!<\/span><\/p>\nngg_shortcode_0_placeholder\n","protected":false},"excerpt":{"rendered":"<p>W kwietniu uczniowie z klasy 2a, 3c, 5b, 6a oraz 7d brali udzia\u0142 w projekcie j\u0119zykowym pt. Kr\u00f3lowa El\u017cbieta II, kt\u00f3ry nadzorowa\u0142a p. I. Winogrodzka. Realizacja projektu mia\u0142a na celu mobilizowanie uczni\u00f3w do samodzielnego wyszukiwania informacji,&nbsp; poszerzenie i popularyzowanie wiedzy z zakresu zagadnie\u0144 kulturowych Wielkiej Brytanii, rozwijanie talent\u00f3w plastyczno-j\u0119zykowych oraz przybli\u017cenie uczniom sylwetki Kr\u00f3lowej El\u017cbiety [&hellip;]<\/p>\n","protected":false},"author":2,"featured_media":0,"parent":5983,"menu_order":0,"comment_status":"closed","ping_status":"closed","template":"","meta":{"ngg_post_thumbnail":0,"footnotes":""},"class_list":["post-15316","page","type-page","status-publish","hentry"],"_links":{"self":[{"href":"https:\/\/sp1hrubieszow.pl\/index.php\/wp-json\/wp\/v2\/pages\/15316","targetHints":{"allow":["GET"]}}],"collection":[{"href":"https:\/\/sp1hrubieszow.pl\/index.php\/wp-json\/wp\/v2\/pages"}],"about":[{"href":"https:\/\/sp1hrubieszow.pl\/index.php\/wp-json\/wp\/v2\/types\/page"}],"author":[{"embeddable":true,"href":"https:\/\/sp1hrubieszow.pl\/index.php\/wp-json\/wp\/v2\/users\/2"}],"replies":[{"embeddable":true,"href":"https:\/\/sp1hrubieszow.pl\/index.php\/wp-json\/wp\/v2\/comments?post=15316"}],"version-history":[{"count":1,"href":"https:\/\/sp1hrubieszow.pl\/index.php\/wp-json\/wp\/v2\/pages\/15316\/revisions"}],"predecessor-version":[{"id":15317,"href":"https:\/\/sp1hrubieszow.pl\/index.php\/wp-json\/wp\/v2\/pages\/15316\/revisions\/15317"}],"up":[{"embeddable":true,"href":"https:\/\/sp1hrubieszow.pl\/index.php\/wp-json\/wp\/v2\/pages\/5983"}],"wp:attachment":[{"href":"https:\/\/sp1hrubieszow.pl\/index.php\/wp-json\/wp\/v2\/media?parent=15316"}],"curies":[{"name":"wp","href":"https:\/\/api.w.org\/{rel}","templated":true}]}}