{"id":15303,"date":"2022-05-18T19:55:03","date_gmt":"2022-05-18T17:55:03","guid":{"rendered":"https:\/\/sp1hrubieszow.pl\/?page_id=15303"},"modified":"2022-05-21T07:44:52","modified_gmt":"2022-05-21T05:44:52","slug":"protokol-z-wyborow-do-rady-samorzadu-uczniowskiego-szkoly-podstawowej-nr-1-im-boleslawa-prusa-w-hrubieszowie","status":"publish","type":"page","link":"https:\/\/sp1hrubieszow.pl\/index.php\/kronika-2020-2021\/protokol-z-wyborow-do-rady-samorzadu-uczniowskiego-szkoly-podstawowej-nr-1-im-boleslawa-prusa-w-hrubieszowie\/","title":{"rendered":"Protok\u00f3\u0142 z wybor\u00f3w do Rady Samorz\u0105du Uczniowskiego Szko\u0142y Podstawowej Nr 1 im. Boles\u0142awa Prusa w Hrubieszowie"},"content":{"rendered":"\n<p><span style=\"color: #000080;\">Dnia 13 maja 2022r. w Szkole Podstawowej Nr 1 im. Boles\u0142awa Prusa w Hrubieszowie odby\u0142y si\u0119 wybory do Rady Samorz\u0105du Uczniowskiego. W wyborach uczestniczyli uczniowie klas od 4 do 7. Komisja wyborcza przeliczy\u0142a g\u0142osy i po zweryfikowaniu ocen z zachowania ustalono nast\u0119puj\u0105cy sk\u0142ad Rady SU:<\/span><\/p>\n<p style=\"text-align: center;\"><span style=\"color: #000080;\"><strong>Przewodnicz\u0105cy Rady SU: <\/strong>Karolina Jasi\u0144ska<\/span><\/p>\n<p style=\"text-align: center;\"><span style=\"color: #000080;\"><strong>Zast\u0119pcy Przewodnicz\u0105cego SU: <br><\/strong>Wiktoria Zaj\u0105c, Marcin Lackowski<\/span><\/p>\n<p><span style=\"color: #000080;\"><strong>Sekcja pocztu sztandarowego: <\/strong>Agata Szyma\u0144ska, Nikola Pietryna, Kaja Ku\u0107mierz, Pawe\u0142 Stankiewicz, Stefania Suchecka, Dawid Pempko, Weronika Wysocka, Lidia Grab, Oliwia Kisielewicz<\/span><\/p>\n<p><span style=\"color: #000080;\"><strong>Sekcja dekoracyjno \u2013 techniczna:<\/strong> Izabela Jankowska, Maja Klimkowska, Karolina Danilczuk, Julia Kiszel, Miko\u0142aj Karpiuk, Krystian Szymczuk, Jakub Tomi\u0142o, Karol Krajewski<\/span><\/p>\n<p><strong>&nbsp;<\/strong><\/p>\n","protected":false},"excerpt":{"rendered":"<p>Dnia 13 maja 2022r. w Szkole Podstawowej Nr 1 im. Boles\u0142awa Prusa w Hrubieszowie odby\u0142y si\u0119 wybory do Rady Samorz\u0105du Uczniowskiego. W wyborach uczestniczyli uczniowie klas od 4 do 7. Komisja wyborcza przeliczy\u0142a g\u0142osy i po zweryfikowaniu ocen z zachowania ustalono nast\u0119puj\u0105cy sk\u0142ad Rady SU: Przewodnicz\u0105cy Rady SU: Karolina Jasi\u0144ska Zast\u0119pcy Przewodnicz\u0105cego SU: Wiktoria Zaj\u0105c, [&hellip;]<\/p>\n","protected":false},"author":2,"featured_media":0,"parent":5983,"menu_order":0,"comment_status":"closed","ping_status":"closed","template":"","meta":{"ngg_post_thumbnail":0,"footnotes":""},"class_list":["post-15303","page","type-page","status-publish","hentry"],"_links":{"self":[{"href":"https:\/\/sp1hrubieszow.pl\/index.php\/wp-json\/wp\/v2\/pages\/15303","targetHints":{"allow":["GET"]}}],"collection":[{"href":"https:\/\/sp1hrubieszow.pl\/index.php\/wp-json\/wp\/v2\/pages"}],"about":[{"href":"https:\/\/sp1hrubieszow.pl\/index.php\/wp-json\/wp\/v2\/types\/page"}],"author":[{"embeddable":true,"href":"https:\/\/sp1hrubieszow.pl\/index.php\/wp-json\/wp\/v2\/users\/2"}],"replies":[{"embeddable":true,"href":"https:\/\/sp1hrubieszow.pl\/index.php\/wp-json\/wp\/v2\/comments?post=15303"}],"version-history":[{"count":1,"href":"https:\/\/sp1hrubieszow.pl\/index.php\/wp-json\/wp\/v2\/pages\/15303\/revisions"}],"predecessor-version":[{"id":15304,"href":"https:\/\/sp1hrubieszow.pl\/index.php\/wp-json\/wp\/v2\/pages\/15303\/revisions\/15304"}],"up":[{"embeddable":true,"href":"https:\/\/sp1hrubieszow.pl\/index.php\/wp-json\/wp\/v2\/pages\/5983"}],"wp:attachment":[{"href":"https:\/\/sp1hrubieszow.pl\/index.php\/wp-json\/wp\/v2\/media?parent=15303"}],"curies":[{"name":"wp","href":"https:\/\/api.w.org\/{rel}","templated":true}]}}