{"id":15267,"date":"2022-05-18T19:32:57","date_gmt":"2022-05-18T17:32:57","guid":{"rendered":"https:\/\/sp1hrubieszow.pl\/?page_id=15267"},"modified":"2022-05-21T07:44:04","modified_gmt":"2022-05-21T05:44:04","slug":"xi-tydzien-swiadomosci-czerniaka-niespieczraka","status":"publish","type":"page","link":"https:\/\/sp1hrubieszow.pl\/index.php\/kronika-2020-2021\/xi-tydzien-swiadomosci-czerniaka-niespieczraka\/","title":{"rendered":"XI Tydzie\u0144 \u015awiadomo\u015bci Czerniaka #NIEspieczRAKA"},"content":{"rendered":"\n<div class=\"kvgmc6g5 cxmmr5t8 oygrvhab hcukyx3x c1et5uql ii04i59q\">\n<div dir=\"auto\"><span style=\"color: #000080;\">Zach\u0119camy do zapoznania si\u0119 z poni\u017cszym komunikatem oraz do obejrzenia kr\u00f3tkiego materia\u0142u filmowego, dotycz\u0105cego profilaktyki nowotwora sk\u00f3ry.<\/span><\/div>\n<\/div>\n<div class=\"cxmmr5t8 oygrvhab hcukyx3x c1et5uql o9v6fnle ii04i59q\">\n<div dir=\"auto\"><span style=\"color: #000080;\">Budowanie \u015bwiadomo\u015bci oraz zach\u0119cenie do rozwagi i ochrony sk\u00f3ry przed promieniami UV podczas wakacyjnego odpoczynku to cel XI Tygodnia \u015awiadomo\u015bci Czerniaka, rozpoczynaj\u0105cego si\u0119 17 maja. Za po\u015brednictwem tegorocznego has\u0142a \u201eBaw si\u0119 dobrze! <a class=\"oajrlxb2 g5ia77u1 qu0x051f esr5mh6w e9989ue4 r7d6kgcz rq0escxv nhd2j8a9 nc684nl6 p7hjln8o kvgmc6g5 cxmmr5t8 oygrvhab hcukyx3x jb3vyjys rz4wbd8a qt6c0cv9 a8nywdso i1ao9s8h esuyzwwr f1sip0of lzcic4wl gpro0wi8 q66pz984 b1v8xokw\" style=\"color: #000080;\" tabindex=\"0\" role=\"link\" href=\"https:\/\/www.facebook.com\/hashtag\/niespieczraka?__eep__=6&amp;__cft__[0]=AZVB6xJhNzGX26GlokIv4s0fd94MDY06X_l2FGx0iSjGuBIEqhBSRqoPCC4Iy4JUn65c4t4L2l4JMnukIs-K3nLdGkMYSg9QFxH3Y-txJAs2izEUY0KmOB5VAqj5pvGsp1vb91eQUbzdqu45KL8l6P7-h-W_ZbkqkRd6lzmPVBAjzoi0f2WSVkysS7nN47kfsO4&amp;__tn__=*NK-R\">#NIEspieczRAKA<\/a>\u201d zwracamy uwag\u0119 na konieczno\u015b\u0107 przestrzegania zasad profilaktyki w\u015br\u00f3d wszystkich doros\u0142ych, bez wzgl\u0119du na wiek, preferencje i wybrany spos\u00f3b sp\u0119dzania wolnego czasu na zewn\u0105trz \u2013 aktywnie, na sportowo i w biegu czy spokojnie, na le\u017caku we w\u0142asnym ogrodzie.<\/span><\/div>\n<div dir=\"auto\"><span style=\"color: #000080;\">Ambasadorkami XI Tygodnia \u015awiadomo\u015bci Czerniaka zosta\u0142y aktorki, mama i c\u00f3rka, Maria Winiarska oraz Zofia Zborowska-Wrona. W my\u015bli zasady \u201eBaw si\u0119 dobrze! <a class=\"oajrlxb2 g5ia77u1 qu0x051f esr5mh6w e9989ue4 r7d6kgcz rq0escxv nhd2j8a9 nc684nl6 p7hjln8o kvgmc6g5 cxmmr5t8 oygrvhab hcukyx3x jb3vyjys rz4wbd8a qt6c0cv9 a8nywdso i1ao9s8h esuyzwwr f1sip0of lzcic4wl gpro0wi8 q66pz984 b1v8xokw\" style=\"color: #000080;\" tabindex=\"0\" role=\"link\" href=\"https:\/\/www.facebook.com\/hashtag\/niespieczraka?__eep__=6&amp;__cft__[0]=AZVB6xJhNzGX26GlokIv4s0fd94MDY06X_l2FGx0iSjGuBIEqhBSRqoPCC4Iy4JUn65c4t4L2l4JMnukIs-K3nLdGkMYSg9QFxH3Y-txJAs2izEUY0KmOB5VAqj5pvGsp1vb91eQUbzdqu45KL8l6P7-h-W_ZbkqkRd6lzmPVBAjzoi0f2WSVkysS7nN47kfsO4&amp;__tn__=*NK-R\">#NIEspieczRAKA<\/a>\u201d zach\u0119caj\u0105 wszystkich do rozwagi i priorytetowego traktowania swojego zdrowia, bez konieczno\u015bci rezygnowania ze swoich ulubionych aktywno\u015bci.<\/span><\/div>\n<div dir=\"auto\"><span style=\"color: #000080;\">Link:<\/span><\/div>\n<div dir=\"auto\"><strong><span style=\"color: #000080;\"><a class=\"oajrlxb2 g5ia77u1 qu0x051f esr5mh6w e9989ue4 r7d6kgcz rq0escxv nhd2j8a9 nc684nl6 p7hjln8o kvgmc6g5 cxmmr5t8 oygrvhab hcukyx3x jb3vyjys rz4wbd8a qt6c0cv9 a8nywdso i1ao9s8h esuyzwwr f1sip0of lzcic4wl gpro0wi8 py34i1dx\" style=\"color: #000080;\" tabindex=\"0\" role=\"link\" href=\"https:\/\/l.facebook.com\/l.php?u=https%3A%2F%2Fwww.youtube.com%2Fwatch%3Fv%3D3bvavaHANdg%26fbclid%3DIwAR2qo9YL9CnpriP_3B20nHxqXR06GgN_T1FzsHUMy9FUNth2DPGIxGp6Xlk&amp;h=AT3eXomyyY4CNcmufabwUMWuN2svXpmhVVJdfKFpSjYnO4Ltm0aL6n3gohL4-e1V7QMgdYaeruveGR9aSzWJzsjbAKIPvw5edAK7l4lgtCVMji-yv8wgZXBKRQ1JA9qlLkOH&amp;__tn__=-UK-R&amp;c[0]=AT1D2412_Gq1tZKdC34BWLy1oaOZ4L16BS4JGPjJxW8RN22F4LT-TsAknz0I3QQVOG9aV44oObvHc0jtbbiehIzuDs9Y8F0cV6ul1hxClVkO1N_zvCyO07l3x9MKZPdqiaOM643-AoDef04QQnltgWrMiW2eLkouYtfg4r3TLgIP5kKVGAaKJ-DdCYRteItn0pYie7lO\" target=\"_blank\" rel=\"nofollow noopener\">https:\/\/www.youtube.com\/watch?v=3bvavaHANdg<\/a><\/span><\/strong><\/div>\n<\/div>\n","protected":false},"excerpt":{"rendered":"<p>Zach\u0119camy do zapoznania si\u0119 z poni\u017cszym komunikatem oraz do obejrzenia kr\u00f3tkiego materia\u0142u filmowego, dotycz\u0105cego profilaktyki nowotwora sk\u00f3ry. Budowanie \u015bwiadomo\u015bci oraz zach\u0119cenie do rozwagi i ochrony sk\u00f3ry przed promieniami UV podczas wakacyjnego odpoczynku to cel XI Tygodnia \u015awiadomo\u015bci Czerniaka, rozpoczynaj\u0105cego si\u0119 17 maja. Za po\u015brednictwem tegorocznego has\u0142a \u201eBaw si\u0119 dobrze! #NIEspieczRAKA\u201d zwracamy uwag\u0119 na konieczno\u015b\u0107 przestrzegania [&hellip;]<\/p>\n","protected":false},"author":2,"featured_media":0,"parent":5983,"menu_order":0,"comment_status":"closed","ping_status":"closed","template":"","meta":{"ngg_post_thumbnail":0,"footnotes":""},"class_list":["post-15267","page","type-page","status-publish","hentry"],"_links":{"self":[{"href":"https:\/\/sp1hrubieszow.pl\/index.php\/wp-json\/wp\/v2\/pages\/15267","targetHints":{"allow":["GET"]}}],"collection":[{"href":"https:\/\/sp1hrubieszow.pl\/index.php\/wp-json\/wp\/v2\/pages"}],"about":[{"href":"https:\/\/sp1hrubieszow.pl\/index.php\/wp-json\/wp\/v2\/types\/page"}],"author":[{"embeddable":true,"href":"https:\/\/sp1hrubieszow.pl\/index.php\/wp-json\/wp\/v2\/users\/2"}],"replies":[{"embeddable":true,"href":"https:\/\/sp1hrubieszow.pl\/index.php\/wp-json\/wp\/v2\/comments?post=15267"}],"version-history":[{"count":1,"href":"https:\/\/sp1hrubieszow.pl\/index.php\/wp-json\/wp\/v2\/pages\/15267\/revisions"}],"predecessor-version":[{"id":15268,"href":"https:\/\/sp1hrubieszow.pl\/index.php\/wp-json\/wp\/v2\/pages\/15267\/revisions\/15268"}],"up":[{"embeddable":true,"href":"https:\/\/sp1hrubieszow.pl\/index.php\/wp-json\/wp\/v2\/pages\/5983"}],"wp:attachment":[{"href":"https:\/\/sp1hrubieszow.pl\/index.php\/wp-json\/wp\/v2\/media?parent=15267"}],"curies":[{"name":"wp","href":"https:\/\/api.w.org\/{rel}","templated":true}]}}