{"id":15262,"date":"2022-05-18T19:26:27","date_gmt":"2022-05-18T17:26:27","guid":{"rendered":"https:\/\/sp1hrubieszow.pl\/?page_id=15262"},"modified":"2022-05-21T08:05:44","modified_gmt":"2022-05-21T06:05:44","slug":"wiosna-krakow-zator","status":"publish","type":"page","link":"https:\/\/sp1hrubieszow.pl\/index.php\/kronika-2020-2021\/wiosna-krakow-zator\/","title":{"rendered":"Wiosna &#8211; Krak\u00f3w \u2013 Zator"},"content":{"rendered":"\n<p><span style=\"color: #000080;\">Jak wiosna, to przyroda. Jak przyroda to wycieczka a jak wycieczka to do Krakowa i Zatoru w\u0142a\u015bnie\u2026<\/span><\/p>\n<p><span style=\"color: #000080;\">Taki oto cel obrali\u015bmy sobie wyje\u017cd\u017caj\u0105c na szkoln\u0105 wycieczk\u0119 dnia 16.05.2022.<\/span><\/p>\n<p><span style=\"color: #000080;\">Przygotowania sz\u0142y pe\u0142n\u0105 par\u0105, a i oczekiwania by\u0142y wielkie bo przecie\u017c od d\u0142ugiego czasu nasze wycieczkowe plany niweczy\u0142a pandemia. Dlatego te\u017c teraz wszyscy zmobilizowali\u015bmy si\u0119, by mi\u0142o i po\u017cytecznie sp\u0119dzi\u0107 ze sob\u0105 czas i tak si\u0119 sta\u0142o.<\/span><\/p>\n<p><span style=\"color: #000080;\">Pi\u0119kny, pouczaj\u0105cy spacer po Krakowie z obowi\u0105zkow\u0105 wizyt\u0105 u wawelskiego smoka no i sztandarowe zabytki tej per\u0142y naszej kultury.<\/span><\/p>\n<p><span style=\"color: #000080;\">&nbsp;&nbsp;&nbsp;&nbsp;&nbsp;&nbsp;&nbsp;&nbsp;&nbsp;&nbsp;&nbsp;&nbsp;&nbsp;&nbsp;&nbsp; Jednak wszyscy z wielkim entuzjazmem czekali na drugi dzie\u0144 wycieczki i wizyt\u0119 w Energylandii&nbsp; w Zatorze.<\/span><\/p>\n<p><span style=\"color: #000080;\">Ca\u0142a by\u0142a dla nas. Niewielka jeszcze o tej porze liczba turyst\u00f3w sprawi\u0142a, \u017ce ka\u017cda atrakcja tego ogromnego kompleksu by\u0142a dla nas dost\u0119pna bez zb\u0119dnego oczekiwania. Wszystkie zje\u017cd\u017calnie, pokoje tajemnic i ekstremalne konstrukcje da\u0142y nam wiele frajdy, ogrom adrenaliny i przede wszystkim wypoczynek oraz rado\u015b\u0107 przebywania ze sob\u0105. Podr\u00f3\u017c? Jak zawsze, troch\u0119 m\u0119cz\u0105ca, ale czego nie robi si\u0119 dla dobrej zabawy?? Super zabawy.<\/span><\/p>\nngg_shortcode_0_placeholder\nngg_shortcode_1_placeholder\n","protected":false},"excerpt":{"rendered":"<p>Jak wiosna, to przyroda. Jak przyroda to wycieczka a jak wycieczka to do Krakowa i Zatoru w\u0142a\u015bnie\u2026 Taki oto cel obrali\u015bmy sobie wyje\u017cd\u017caj\u0105c na szkoln\u0105 wycieczk\u0119 dnia 16.05.2022. Przygotowania sz\u0142y pe\u0142n\u0105 par\u0105, a i oczekiwania by\u0142y wielkie bo przecie\u017c od d\u0142ugiego czasu nasze wycieczkowe plany niweczy\u0142a pandemia. Dlatego te\u017c teraz wszyscy zmobilizowali\u015bmy si\u0119, by mi\u0142o [&hellip;]<\/p>\n","protected":false},"author":2,"featured_media":0,"parent":5983,"menu_order":0,"comment_status":"closed","ping_status":"closed","template":"","meta":{"ngg_post_thumbnail":0,"footnotes":""},"class_list":["post-15262","page","type-page","status-publish","hentry"],"_links":{"self":[{"href":"https:\/\/sp1hrubieszow.pl\/index.php\/wp-json\/wp\/v2\/pages\/15262","targetHints":{"allow":["GET"]}}],"collection":[{"href":"https:\/\/sp1hrubieszow.pl\/index.php\/wp-json\/wp\/v2\/pages"}],"about":[{"href":"https:\/\/sp1hrubieszow.pl\/index.php\/wp-json\/wp\/v2\/types\/page"}],"author":[{"embeddable":true,"href":"https:\/\/sp1hrubieszow.pl\/index.php\/wp-json\/wp\/v2\/users\/2"}],"replies":[{"embeddable":true,"href":"https:\/\/sp1hrubieszow.pl\/index.php\/wp-json\/wp\/v2\/comments?post=15262"}],"version-history":[{"count":2,"href":"https:\/\/sp1hrubieszow.pl\/index.php\/wp-json\/wp\/v2\/pages\/15262\/revisions"}],"predecessor-version":[{"id":15351,"href":"https:\/\/sp1hrubieszow.pl\/index.php\/wp-json\/wp\/v2\/pages\/15262\/revisions\/15351"}],"up":[{"embeddable":true,"href":"https:\/\/sp1hrubieszow.pl\/index.php\/wp-json\/wp\/v2\/pages\/5983"}],"wp:attachment":[{"href":"https:\/\/sp1hrubieszow.pl\/index.php\/wp-json\/wp\/v2\/media?parent=15262"}],"curies":[{"name":"wp","href":"https:\/\/api.w.org\/{rel}","templated":true}]}}