{"id":15235,"date":"2022-05-16T19:16:29","date_gmt":"2022-05-16T17:16:29","guid":{"rendered":"https:\/\/sp1hrubieszow.pl\/?page_id=15235"},"modified":"2022-05-16T19:16:58","modified_gmt":"2022-05-16T17:16:58","slug":"tydzien-bibliotek-w-mbp","status":"publish","type":"page","link":"https:\/\/sp1hrubieszow.pl\/index.php\/kronika-2020-2021\/tydzien-bibliotek-w-mbp\/","title":{"rendered":"Tydzie\u0144 Bibliotek w MBP"},"content":{"rendered":"\n<p><span style=\"color: #000080;\">MBP zorganizowa\u0142a Tydzie\u0144 Bibliotek \u2013 w tym roku pod has\u0142em \u201eBiblioteka \u015bwiat w jednym miejscu\u201d. Zosta\u0142y przygotowane ciekawe&nbsp; warsztaty i zaj\u0119cia,&nbsp; z kt\u00f3rych nie mogli\u015bmy nie skorzysta\u0107.<\/span><\/p>\n<p><span style=\"color: #000080;\">W poniedzia\u0142ek 8 maja odby\u0142 si\u0119 turniej plansz\u00f3wek DIXIT. Z zaj\u0119\u0107 skorzysta\u0142a: <\/span><\/p>\n<p><span style=\"color: #000080;\">&#8211; klasa 4b, opiekun p. Marta Lackowska<\/span><\/p>\n<p><span style=\"color: #000080;\">&#8211; klasa 4c, opiekun p. Monika Jako\u015b \u2013 W\u00f3r<\/span><\/p>\n<p><span style=\"color: #000080;\">&#8211; klasa 5c, opiekun p. Anna Lewandowska<\/span><\/p>\n<p><span style=\"color: #000080;\">&#8211; klasa 7c, opiekun p. Anna Czernysz.<\/span><\/p>\n<p><span style=\"color: #000080;\">We wtorek klasy 4b (opiekun p. Marta Lackowska) i 6a (opiekun p. Ewa Szostak) wzi\u0119\u0142y udzia\u0142 w zaj\u0119ciach &nbsp;\u201eStare ale jare \u2013 warsztaty z maszyn\u0105 do pisania, g\u0119sim pi\u00f3rem i kalk\u0105\u201d.<\/span><\/p>\n<p><span style=\"color: #000080;\">Natomiast w czwartek klasy 4b (opiekun p. Marta Lackowska) oraz 5c (opiekun p. Anna Lewandowska) stara\u0142y si\u0119 z\u0142ama\u0107 biblioteczny kod uczestnicz\u0105c w zaj\u0119ciach z kodowania.<\/span><\/p>\n<p><span style=\"color: #000080;\">Na zako\u0144czenie tygodnia, w pi\u0119tek trzynastego, uczniowie klas m\u0142odszych skorzystali z propozycji \u201eOpowiem Ci\u2026 Zaczarowany \u015bwiat KAMISHIBAI oraz warsztaty artystyczne dla przedszkoli i klas I-III\u201d. W warsztatach tych udzia\u0142 wzi\u0119\u0142y klasy:<\/span><\/p>\n<p><span style=\"color: #000080;\">&#8211; 1b, opiekun p. Monika Korneluk<\/span><\/p>\n<p><span style=\"color: #000080;\">&#8211; 1c, opiekun p. Joanna Nazar<\/span><\/p>\n<p><span style=\"color: #000080;\">&#8211; 2c, opiekun p. Katarzyna Sztuk.<\/span><\/p>\n<p><span style=\"color: #000080;\">Wszystkie spotkania w zaprzyja\u017anionej bibliotece by\u0142y wspania\u0142e i warto\u015bciowe. Cieszymy si\u0119, \u017ce mogli\u015bmy uczestniczy\u0107 w tak ciekawych zaj\u0119ciach. Z ca\u0142ego serca dzi\u0119kujemy za to Paniom z Miejskiej Biblioteki Publicznej, a naszej bibliotece \u2013 stulatce, \u017cyczymy kolejnych 100 lat!<\/span><\/p>\nngg_shortcode_0_placeholder\n","protected":false},"excerpt":{"rendered":"<p>MBP zorganizowa\u0142a Tydzie\u0144 Bibliotek \u2013 w tym roku pod has\u0142em \u201eBiblioteka \u015bwiat w jednym miejscu\u201d. Zosta\u0142y przygotowane ciekawe&nbsp; warsztaty i zaj\u0119cia,&nbsp; z kt\u00f3rych nie mogli\u015bmy nie skorzysta\u0107. W poniedzia\u0142ek 8 maja odby\u0142 si\u0119 turniej plansz\u00f3wek DIXIT. Z zaj\u0119\u0107 skorzysta\u0142a: &#8211; klasa 4b, opiekun p. Marta Lackowska &#8211; klasa 4c, opiekun p. Monika Jako\u015b \u2013 W\u00f3r [&hellip;]<\/p>\n","protected":false},"author":2,"featured_media":0,"parent":5983,"menu_order":0,"comment_status":"closed","ping_status":"closed","template":"","meta":{"ngg_post_thumbnail":0,"footnotes":""},"class_list":["post-15235","page","type-page","status-publish","hentry"],"_links":{"self":[{"href":"https:\/\/sp1hrubieszow.pl\/index.php\/wp-json\/wp\/v2\/pages\/15235","targetHints":{"allow":["GET"]}}],"collection":[{"href":"https:\/\/sp1hrubieszow.pl\/index.php\/wp-json\/wp\/v2\/pages"}],"about":[{"href":"https:\/\/sp1hrubieszow.pl\/index.php\/wp-json\/wp\/v2\/types\/page"}],"author":[{"embeddable":true,"href":"https:\/\/sp1hrubieszow.pl\/index.php\/wp-json\/wp\/v2\/users\/2"}],"replies":[{"embeddable":true,"href":"https:\/\/sp1hrubieszow.pl\/index.php\/wp-json\/wp\/v2\/comments?post=15235"}],"version-history":[{"count":1,"href":"https:\/\/sp1hrubieszow.pl\/index.php\/wp-json\/wp\/v2\/pages\/15235\/revisions"}],"predecessor-version":[{"id":15236,"href":"https:\/\/sp1hrubieszow.pl\/index.php\/wp-json\/wp\/v2\/pages\/15235\/revisions\/15236"}],"up":[{"embeddable":true,"href":"https:\/\/sp1hrubieszow.pl\/index.php\/wp-json\/wp\/v2\/pages\/5983"}],"wp:attachment":[{"href":"https:\/\/sp1hrubieszow.pl\/index.php\/wp-json\/wp\/v2\/media?parent=15235"}],"curies":[{"name":"wp","href":"https:\/\/api.w.org\/{rel}","templated":true}]}}