{"id":15141,"date":"2022-05-15T10:05:06","date_gmt":"2022-05-15T08:05:06","guid":{"rendered":"https:\/\/sp1hrubieszow.pl\/?page_id=15141"},"modified":"2022-05-15T10:16:28","modified_gmt":"2022-05-15T08:16:28","slug":"tydzien-ksiazki","status":"publish","type":"page","link":"https:\/\/sp1hrubieszow.pl\/index.php\/kronika-2020-2021\/tydzien-ksiazki\/","title":{"rendered":"Tydzie\u0144 Ksi\u0105\u017cki"},"content":{"rendered":"\n<p><span style=\"color: #000080;\">W naszej szkole zorganizowany zosta\u0142 Tydzie\u0144 Ksi\u0105\u017cki. \u015awi\u0119towali\u015bmy od 20 do 27 kwietnia. Z tej okazji zosta\u0142y przygotowane materia\u0142y tematyczne, z kt\u00f3rych mogli skorzysta\u0107 nauczyciele podczas zaj\u0119\u0107 z wychowawc\u0105. Na szkolnych korytarzach pojawi\u0142y si\u0119 dwie gazetki po\u015bwi\u0119cone obchodom Dnia Ksi\u0105\u017cki. &nbsp;Funkcjonowa\u0142a tak\u017ce ksi\u0105\u017ckowa \u201efotobudka\u201d, kt\u00f3ra cieszy\u0142a si\u0119 sporym zainteresowaniem. 25 kwietnia cz\u0119\u015b\u0107 uczni\u00f3w przysz\u0142a do szko\u0142y przebrana za wybran\u0105 posta\u0107 z ksi\u0105\u017cki. Najliczniejsz\u0105 grup\u0119 przebiera\u0144c\u00f3w stworzyli uczniowie z klasy 4b. Za pi\u0119kne przebrania dzi\u0119kujemy r\u00f3wnie\u017c uczniom z klasy 1b i 1c, 2a, 3b, 6a oraz 7c. Podczas Tygodnia Ksi\u0105\u017cek odby\u0142a si\u0119 te\u017c akcja \u201eCzytam sobie na przerwie\u201d. &nbsp;W wielu klasach odby\u0142y si\u0119 lekcje tematyczne. Klasa 5c wybra\u0142a si\u0119 tak\u017ce do szkolnej biblioteki oraz go\u015bci\u0142a u siebie na lekcji pani\u0105 bibliotekark\u0119 Ann\u0119 Czernysz. Klasy 5a i 5b projektowa\u0142y ok\u0142adk\u0119 do omawianej lektury \u201eTajemniczy ogr\u00f3d\u201d, a klasa 4b tworzy\u0142a projekty ok\u0142adek ulubionej ksi\u0105\u017cki. &nbsp;W ramach \u015bwi\u0119towania klasa 1 b wybra\u0142a si\u0119 do Biblioteki Pedagogicznej na spotkanie z autorem ksi\u0105\u017cki dla dzieci i m\u0142odzie\u017cy z panem Arturem Jasi\u0144skim. Obchody Tygodnia Ksi\u0105\u017cki i Praw Autorskich pozytywnie wp\u0142yn\u0119\u0142y na stan czytelnictwa &nbsp;&#8211; uczniowie zach\u0119ceni do czytania ksi\u0105\u017cek, liczniej odwiedzali bibliotek\u0119 szkoln\u0105 wybieraj\u0105c interesuj\u0105ce ich pozycje ksi\u0105\u017ckowe.<\/span><\/p>\n<p><span style=\"color: #000080;\">Bardzo dzi\u0119kujemy wszystkim nauczycielom i uczniom, kt\u00f3rzy w\u0142\u0105czyli si\u0119 w szkolne \u015bwi\u0119towanie. Podzi\u0119kowania kierujemy tak\u017ce w stron\u0119 Samorz\u0105du Uczniowskiego, za wsparcie przy dzia\u0142alno\u015bci fotobudki.<\/span><\/p>\n<p style=\"text-align: right;\"><span style=\"color: #000080;\">Marta Lackowska<\/span><\/p>\nngg_shortcode_0_placeholder\n","protected":false},"excerpt":{"rendered":"<p>W naszej szkole zorganizowany zosta\u0142 Tydzie\u0144 Ksi\u0105\u017cki. \u015awi\u0119towali\u015bmy od 20 do 27 kwietnia. Z tej okazji zosta\u0142y przygotowane materia\u0142y tematyczne, z kt\u00f3rych mogli skorzysta\u0107 nauczyciele podczas zaj\u0119\u0107 z wychowawc\u0105. Na szkolnych korytarzach pojawi\u0142y si\u0119 dwie gazetki po\u015bwi\u0119cone obchodom Dnia Ksi\u0105\u017cki. &nbsp;Funkcjonowa\u0142a tak\u017ce ksi\u0105\u017ckowa \u201efotobudka\u201d, kt\u00f3ra cieszy\u0142a si\u0119 sporym zainteresowaniem. 25 kwietnia cz\u0119\u015b\u0107 uczni\u00f3w przysz\u0142a do [&hellip;]<\/p>\n","protected":false},"author":2,"featured_media":0,"parent":5983,"menu_order":0,"comment_status":"closed","ping_status":"closed","template":"","meta":{"ngg_post_thumbnail":0,"footnotes":""},"class_list":["post-15141","page","type-page","status-publish","hentry"],"_links":{"self":[{"href":"https:\/\/sp1hrubieszow.pl\/index.php\/wp-json\/wp\/v2\/pages\/15141","targetHints":{"allow":["GET"]}}],"collection":[{"href":"https:\/\/sp1hrubieszow.pl\/index.php\/wp-json\/wp\/v2\/pages"}],"about":[{"href":"https:\/\/sp1hrubieszow.pl\/index.php\/wp-json\/wp\/v2\/types\/page"}],"author":[{"embeddable":true,"href":"https:\/\/sp1hrubieszow.pl\/index.php\/wp-json\/wp\/v2\/users\/2"}],"replies":[{"embeddable":true,"href":"https:\/\/sp1hrubieszow.pl\/index.php\/wp-json\/wp\/v2\/comments?post=15141"}],"version-history":[{"count":2,"href":"https:\/\/sp1hrubieszow.pl\/index.php\/wp-json\/wp\/v2\/pages\/15141\/revisions"}],"predecessor-version":[{"id":15145,"href":"https:\/\/sp1hrubieszow.pl\/index.php\/wp-json\/wp\/v2\/pages\/15141\/revisions\/15145"}],"up":[{"embeddable":true,"href":"https:\/\/sp1hrubieszow.pl\/index.php\/wp-json\/wp\/v2\/pages\/5983"}],"wp:attachment":[{"href":"https:\/\/sp1hrubieszow.pl\/index.php\/wp-json\/wp\/v2\/media?parent=15141"}],"curies":[{"name":"wp","href":"https:\/\/api.w.org\/{rel}","templated":true}]}}